{"id":8719,"date":"2025-08-22T08:58:28","date_gmt":"2025-08-22T08:58:28","guid":{"rendered":"https:\/\/izborenkodeksonline.mk\/?page_id=8719"},"modified":"2025-08-22T09:07:01","modified_gmt":"2025-08-22T09:07:01","slug":"ligji-per-mbrojtjen-e-te-dhenave-personale","status":"publish","type":"page","link":"https:\/\/izborenkodeksonline.mk\/sq\/ligji-per-mbrojtjen-e-te-dhenave-personale\/","title":{"rendered":"Ligji p\u00ebr Mbrojtjen e t\u00eb Dh\u00ebnave Personale"},"content":{"rendered":"<p><a href=\"https:\/\/izborenkodeksonline.mk\/wp-content\/uploads\/2025\/08\/\u0410\u041b-\u0417\u0430\u043a\u043e\u043d-\u0437\u0430-\u0437\u0430\u0448\u0442\u0438\u0442\u0430-\u043d\u0430-\u043b\u0438\u0447\u043d\u0438\u0442\u0435-\u043f\u043e\u0434\u0430\u0442\u043e\u0446\u0438-\u0431\u0440.42-20-\u0410\u041bpdf.pdf\">Ligji p\u00ebr mbrojtjen e t\u00eb sh\u00ebnave personale nr.42 dat\u00eb 16.02.2020<\/a><\/p>\n<p><a href=\"https:\/\/izborenkodeksonline.mk\/wp-content\/uploads\/2025\/08\/\u0410\u041b-\u0417\u0430\u043a\u043e\u043d-\u0437\u0430-\u0434\u043e\u043f\u043e\u043b\u043d\u0443\u0432\u0430\u045a\u0435-\u043d\u0430-\u0417\u0417\u041b\u041f-\u0431\u0440.101-25-\u0410\u041b-pdf.pdf\">Ligji p\u00ebr plot\u00ebsimin e ligjit t\u00eb mbrojtjes s\u00eb t\u00eb dh\u00ebnave personale nr.101 dat\u00eb 21.05.2025<\/a><\/p>\n<p><a href=\"https:\/\/izborenkodeksonline.mk\/wp-content\/uploads\/2025\/08\/\u0410\u041b-\u0417\u0430\u043a\u043e\u043d-\u0437\u0430-\u0438\u0437\u043c\u0435\u043d\u0443\u0432\u0430\u045a\u0435-\u0438-\u0434\u043e\u043f\u043e\u043b\u043d\u0443\u0432\u0430\u045a\u0435-\u043d\u0430-\u0417\u0417\u041b\u041f-\u0431\u0440.294-21-\u0410\u041b.pdf\">Ligji p\u00ebr ndryshimin dhe plot\u00ebsimin e ligjit t\u00eb mbrojtjes s\u00eb t\u00eb dh\u00ebnave personale nr.294 dat\u00eb 27.12.2021<\/a><\/p>\n<p>&nbsp;<\/p>\n","protected":false},"excerpt":{"rendered":"<p>Ligji p\u00ebr mbrojtjen e t\u00eb sh\u00ebnave personale nr.42 dat\u00eb 16.02.2020 Ligji p\u00ebr plot\u00ebsimin e ligjit t\u00eb mbrojtjes s\u00eb t\u00eb dh\u00ebnave personale nr.101 dat\u00eb 21.05.2025 Ligji p\u00ebr ndryshimin dhe plot\u00ebsimin e ligjit t\u00eb mbrojtjes s\u00eb t\u00eb dh\u00ebnave personale nr.294 dat\u00eb 27.12.2021 &nbsp;<\/p>\n","protected":false},"author":3,"featured_media":0,"parent":0,"menu_order":0,"comment_status":"closed","ping_status":"closed","template":"","meta":{"footnotes":""},"class_list":["post-8719","page","type-page","status-publish"],"yoast_head":"<!-- This site is optimized with the Yoast SEO plugin v26.2 - https:\/\/yoast.com\/wordpress\/plugins\/seo\/ -->\n<title>Ligji p\u00ebr Mbrojtjen e t\u00eb Dh\u00ebnave Personale - \u0418\u0437\u0431\u043e\u0440\u0435\u043d \u041a\u043e\u0434\u0435\u043a\u0441<\/title>\n<meta name=\"robots\" content=\"index, follow, max-snippet:-1, max-image-preview:large, max-video-preview:-1\" \/>\n<link rel=\"canonical\" href=\"https:\/\/izborenkodeksonline.mk\/sq\/ligji-per-mbrojtjen-e-te-dhenave-personale\/\" \/>\n<meta property=\"og:locale\" content=\"sq_AL\" \/>\n<meta property=\"og:type\" content=\"article\" \/>\n<meta property=\"og:title\" content=\"Ligji p\u00ebr Mbrojtjen e t\u00eb Dh\u00ebnave Personale - \u0418\u0437\u0431\u043e\u0440\u0435\u043d \u041a\u043e\u0434\u0435\u043a\u0441\" \/>\n<meta property=\"og:description\" content=\"Ligji p\u00ebr mbrojtjen e t\u00eb sh\u00ebnave personale nr.42 dat\u00eb 16.02.2020 Ligji p\u00ebr plot\u00ebsimin e ligjit t\u00eb mbrojtjes s\u00eb t\u00eb dh\u00ebnave personale nr.101 dat\u00eb 21.05.2025 Ligji p\u00ebr ndryshimin dhe plot\u00ebsimin e ligjit t\u00eb mbrojtjes s\u00eb t\u00eb dh\u00ebnave personale nr.294 dat\u00eb 27.12.2021 &nbsp;\" \/>\n<meta property=\"og:url\" content=\"https:\/\/izborenkodeksonline.mk\/sq\/ligji-per-mbrojtjen-e-te-dhenave-personale\/\" \/>\n<meta property=\"og:site_name\" content=\"\u0418\u0437\u0431\u043e\u0440\u0435\u043d \u041a\u043e\u0434\u0435\u043a\u0441\" \/>\n<meta property=\"article:publisher\" content=\"https:\/\/www.facebook.com\/profile.php?id=61580047805885\" \/>\n<meta property=\"article:modified_time\" content=\"2025-08-22T09:07:01+00:00\" \/>\n<meta name=\"twitter:card\" content=\"summary_large_image\" \/>\n<script type=\"application\/ld+json\" class=\"yoast-schema-graph\">{\"@context\":\"https:\/\/schema.org\",\"@graph\":[{\"@type\":\"WebPage\",\"@id\":\"https:\/\/izborenkodeksonline.mk\/sq\/ligji-per-mbrojtjen-e-te-dhenave-personale\/\",\"url\":\"https:\/\/izborenkodeksonline.mk\/sq\/ligji-per-mbrojtjen-e-te-dhenave-personale\/\",\"name\":\"Ligji p\u00ebr Mbrojtjen e t\u00eb Dh\u00ebnave Personale - \u0418\u0437\u0431\u043e\u0440\u0435\u043d \u041a\u043e\u0434\u0435\u043a\u0441\",\"isPartOf\":{\"@id\":\"https:\/\/izborenkodeksonline.mk\/#website\"},\"datePublished\":\"2025-08-22T08:58:28+00:00\",\"dateModified\":\"2025-08-22T09:07:01+00:00\",\"breadcrumb\":{\"@id\":\"https:\/\/izborenkodeksonline.mk\/sq\/ligji-per-mbrojtjen-e-te-dhenave-personale\/#breadcrumb\"},\"inLanguage\":\"sq-AL\",\"potentialAction\":[{\"@type\":\"ReadAction\",\"target\":[\"https:\/\/izborenkodeksonline.mk\/sq\/ligji-per-mbrojtjen-e-te-dhenave-personale\/\"]}]},{\"@type\":\"BreadcrumbList\",\"@id\":\"https:\/\/izborenkodeksonline.mk\/sq\/ligji-per-mbrojtjen-e-te-dhenave-personale\/#breadcrumb\",\"itemListElement\":[{\"@type\":\"ListItem\",\"position\":1,\"name\":\"Home\",\"item\":\"https:\/\/izborenkodeksonline.mk\/sq\/homepage\/\"},{\"@type\":\"ListItem\",\"position\":2,\"name\":\"Ligji p\u00ebr Mbrojtjen e t\u00eb Dh\u00ebnave Personale\"}]},{\"@type\":\"WebSite\",\"@id\":\"https:\/\/izborenkodeksonline.mk\/#website\",\"url\":\"https:\/\/izborenkodeksonline.mk\/\",\"name\":\"\u0418\u0437\u0431\u043e\u0440\u0435\u043d \u041a\u043e\u0434\u0435\u043a\u0441\",\"description\":\"\u041e\u043d\u043b\u0438\u043d\u0435\",\"publisher\":{\"@id\":\"https:\/\/izborenkodeksonline.mk\/#organization\"},\"potentialAction\":[{\"@type\":\"SearchAction\",\"target\":{\"@type\":\"EntryPoint\",\"urlTemplate\":\"https:\/\/izborenkodeksonline.mk\/?s={search_term_string}\"},\"query-input\":{\"@type\":\"PropertyValueSpecification\",\"valueRequired\":true,\"valueName\":\"search_term_string\"}}],\"inLanguage\":\"sq-AL\"},{\"@type\":\"Organization\",\"@id\":\"https:\/\/izborenkodeksonline.mk\/#organization\",\"name\":\"\u0418\u0437\u0431\u043e\u0440\u0435\u043d \u041a\u043e\u0434\u0435\u043a\u0441\",\"url\":\"https:\/\/izborenkodeksonline.mk\/\",\"logo\":{\"@type\":\"ImageObject\",\"inLanguage\":\"sq-AL\",\"@id\":\"https:\/\/izborenkodeksonline.mk\/#\/schema\/logo\/image\/\",\"url\":\"https:\/\/izborenkodeksonline.mk\/wp-content\/uploads\/2023\/10\/cropped-ik_logo_mk2.png\",\"contentUrl\":\"https:\/\/izborenkodeksonline.mk\/wp-content\/uploads\/2023\/10\/cropped-ik_logo_mk2.png\",\"width\":512,\"height\":512,\"caption\":\"\u0418\u0437\u0431\u043e\u0440\u0435\u043d \u041a\u043e\u0434\u0435\u043a\u0441\"},\"image\":{\"@id\":\"https:\/\/izborenkodeksonline.mk\/#\/schema\/logo\/image\/\"},\"sameAs\":[\"https:\/\/www.facebook.com\/profile.php?id=61580047805885\",\"https:\/\/www.instagram.com\/izborenkodeksonline.mk\/\"]}]}<\/script>\n<!-- \/ Yoast SEO plugin. -->","yoast_head_json":{"title":"Ligji p\u00ebr Mbrojtjen e t\u00eb Dh\u00ebnave Personale - \u0418\u0437\u0431\u043e\u0440\u0435\u043d \u041a\u043e\u0434\u0435\u043a\u0441","robots":{"index":"index","follow":"follow","max-snippet":"max-snippet:-1","max-image-preview":"max-image-preview:large","max-video-preview":"max-video-preview:-1"},"canonical":"https:\/\/izborenkodeksonline.mk\/sq\/ligji-per-mbrojtjen-e-te-dhenave-personale\/","og_locale":"sq_AL","og_type":"article","og_title":"Ligji p\u00ebr Mbrojtjen e t\u00eb Dh\u00ebnave Personale - \u0418\u0437\u0431\u043e\u0440\u0435\u043d \u041a\u043e\u0434\u0435\u043a\u0441","og_description":"Ligji p\u00ebr mbrojtjen e t\u00eb sh\u00ebnave personale nr.42 dat\u00eb 16.02.2020 Ligji p\u00ebr plot\u00ebsimin e ligjit t\u00eb mbrojtjes s\u00eb t\u00eb dh\u00ebnave personale nr.101 dat\u00eb 21.05.2025 Ligji p\u00ebr ndryshimin dhe plot\u00ebsimin e ligjit t\u00eb mbrojtjes s\u00eb t\u00eb dh\u00ebnave personale nr.294 dat\u00eb 27.12.2021 &nbsp;","og_url":"https:\/\/izborenkodeksonline.mk\/sq\/ligji-per-mbrojtjen-e-te-dhenave-personale\/","og_site_name":"\u0418\u0437\u0431\u043e\u0440\u0435\u043d \u041a\u043e\u0434\u0435\u043a\u0441","article_publisher":"https:\/\/www.facebook.com\/profile.php?id=61580047805885","article_modified_time":"2025-08-22T09:07:01+00:00","twitter_card":"summary_large_image","schema":{"@context":"https:\/\/schema.org","@graph":[{"@type":"WebPage","@id":"https:\/\/izborenkodeksonline.mk\/sq\/ligji-per-mbrojtjen-e-te-dhenave-personale\/","url":"https:\/\/izborenkodeksonline.mk\/sq\/ligji-per-mbrojtjen-e-te-dhenave-personale\/","name":"Ligji p\u00ebr Mbrojtjen e t\u00eb Dh\u00ebnave Personale - \u0418\u0437\u0431\u043e\u0440\u0435\u043d \u041a\u043e\u0434\u0435\u043a\u0441","isPartOf":{"@id":"https:\/\/izborenkodeksonline.mk\/#website"},"datePublished":"2025-08-22T08:58:28+00:00","dateModified":"2025-08-22T09:07:01+00:00","breadcrumb":{"@id":"https:\/\/izborenkodeksonline.mk\/sq\/ligji-per-mbrojtjen-e-te-dhenave-personale\/#breadcrumb"},"inLanguage":"sq-AL","potentialAction":[{"@type":"ReadAction","target":["https:\/\/izborenkodeksonline.mk\/sq\/ligji-per-mbrojtjen-e-te-dhenave-personale\/"]}]},{"@type":"BreadcrumbList","@id":"https:\/\/izborenkodeksonline.mk\/sq\/ligji-per-mbrojtjen-e-te-dhenave-personale\/#breadcrumb","itemListElement":[{"@type":"ListItem","position":1,"name":"Home","item":"https:\/\/izborenkodeksonline.mk\/sq\/homepage\/"},{"@type":"ListItem","position":2,"name":"Ligji p\u00ebr Mbrojtjen e t\u00eb Dh\u00ebnave Personale"}]},{"@type":"WebSite","@id":"https:\/\/izborenkodeksonline.mk\/#website","url":"https:\/\/izborenkodeksonline.mk\/","name":"\u0418\u0437\u0431\u043e\u0440\u0435\u043d \u041a\u043e\u0434\u0435\u043a\u0441","description":"\u041e\u043d\u043b\u0438\u043d\u0435","publisher":{"@id":"https:\/\/izborenkodeksonline.mk\/#organization"},"potentialAction":[{"@type":"SearchAction","target":{"@type":"EntryPoint","urlTemplate":"https:\/\/izborenkodeksonline.mk\/?s={search_term_string}"},"query-input":{"@type":"PropertyValueSpecification","valueRequired":true,"valueName":"search_term_string"}}],"inLanguage":"sq-AL"},{"@type":"Organization","@id":"https:\/\/izborenkodeksonline.mk\/#organization","name":"\u0418\u0437\u0431\u043e\u0440\u0435\u043d \u041a\u043e\u0434\u0435\u043a\u0441","url":"https:\/\/izborenkodeksonline.mk\/","logo":{"@type":"ImageObject","inLanguage":"sq-AL","@id":"https:\/\/izborenkodeksonline.mk\/#\/schema\/logo\/image\/","url":"https:\/\/izborenkodeksonline.mk\/wp-content\/uploads\/2023\/10\/cropped-ik_logo_mk2.png","contentUrl":"https:\/\/izborenkodeksonline.mk\/wp-content\/uploads\/2023\/10\/cropped-ik_logo_mk2.png","width":512,"height":512,"caption":"\u0418\u0437\u0431\u043e\u0440\u0435\u043d \u041a\u043e\u0434\u0435\u043a\u0441"},"image":{"@id":"https:\/\/izborenkodeksonline.mk\/#\/schema\/logo\/image\/"},"sameAs":["https:\/\/www.facebook.com\/profile.php?id=61580047805885","https:\/\/www.instagram.com\/izborenkodeksonline.mk\/"]}]}},"_links":{"self":[{"href":"https:\/\/izborenkodeksonline.mk\/sq\/wp-json\/wp\/v2\/pages\/8719","targetHints":{"allow":["GET"]}}],"collection":[{"href":"https:\/\/izborenkodeksonline.mk\/sq\/wp-json\/wp\/v2\/pages"}],"about":[{"href":"https:\/\/izborenkodeksonline.mk\/sq\/wp-json\/wp\/v2\/types\/page"}],"author":[{"embeddable":true,"href":"https:\/\/izborenkodeksonline.mk\/sq\/wp-json\/wp\/v2\/users\/3"}],"replies":[{"embeddable":true,"href":"https:\/\/izborenkodeksonline.mk\/sq\/wp-json\/wp\/v2\/comments?post=8719"}],"version-history":[{"count":1,"href":"https:\/\/izborenkodeksonline.mk\/sq\/wp-json\/wp\/v2\/pages\/8719\/revisions"}],"predecessor-version":[{"id":8729,"href":"https:\/\/izborenkodeksonline.mk\/sq\/wp-json\/wp\/v2\/pages\/8719\/revisions\/8729"}],"wp:attachment":[{"href":"https:\/\/izborenkodeksonline.mk\/sq\/wp-json\/wp\/v2\/media?parent=8719"}],"curies":[{"name":"wp","href":"https:\/\/api.w.org\/{rel}","templated":true}]}}