{"id":8539,"date":"2025-08-14T07:02:44","date_gmt":"2025-08-14T07:02:44","guid":{"rendered":"https:\/\/izborenkodeksonline.mk\/?page_id=8539"},"modified":"2025-08-14T07:06:36","modified_gmt":"2025-08-14T07:06:36","slug":"ligji-per-mediume","status":"publish","type":"page","link":"https:\/\/izborenkodeksonline.mk\/sq\/ligji-per-mediume\/","title":{"rendered":"Ligji p\u00ebr mediume"},"content":{"rendered":"<p class=\"entry-title\" tabindex=\"0\"><strong>Ligji p\u00ebr mediume<\/strong><\/p>\n<p tabindex=\"0\"><a href=\"https:\/\/avmu.mk\/wp-content\/uploads\/2025\/05\/%D0%97%D0%B0%D0%BA%D0%BE%D0%BD-%D0%B7%D0%B0-%D0%B8%D0%B7%D0%BC%D0%B5%D0%BD%D1%83%D0%B2%D0%B0%D1%9A%D0%B5-%D0%B8-%D0%B4%D0%BE%D0%BF%D0%BE%D0%BB%D0%BD%D1%83%D0%B2%D0%B0%D1%9A%D0%B5-%D0%BD%D0%B0-%D0%97%D0%9C-%D0%B1%D1%80.218-%D0%BE%D0%B4-2024.pdf\">Ligji p\u00ebr ndryshimin dhe plot\u00ebsimin e Ligjit t\u00eb mediave \u2013 28.10.2024.<\/a><\/p>\n<p tabindex=\"0\"><a href=\"https:\/\/avmu.mk\/wp-content\/uploads\/2025\/05\/%D0%97%D0%B0%D0%BA%D0%BE%D0%BD-%D0%B7%D0%B0-%D0%B8%D0%B7%D0%BC%D0%B5%D0%BD%D1%83%D0%B2%D0%B0%D1%9A%D0%B5-%D0%B8-%D0%B4%D0%BE%D0%BF%D0%BE%D0%BB%D0%BD%D1%83%D0%B2%D0%B0%D1%9A%D0%B5-%D0%BD%D0%B0-%D0%97%D0%9C-%D0%B1%D1%80.87-%D0%BE%D0%B4-2025.pdf\">Ligji p\u00ebr ndryshimin dhe plot\u00ebsimin e Ligjit p\u00ebr mediume \u2013 29.04.2024\u0433.<\/a><\/p>\n<p tabindex=\"0\"><a href=\"https:\/\/avmu.mk\/wp-content\/uploads\/2025\/05\/%D0%97%D0%B0%D0%BA%D0%BE%D0%BD-%D0%B7%D0%B0-%D0%B8%D0%B7%D0%BC%D0%B5%D0%BD%D1%83%D0%B2%D0%B0%D1%9A%D0%B5-%D0%B8-%D0%B4%D0%BE%D0%BF%D0%BE%D0%BB%D0%BD%D1%83%D0%B2%D0%B0%D1%9A%D0%B5-%D0%BD%D0%B0-%D0%97%D0%9C-%D0%B1%D1%80.74-%D0%BE%D0%B4-2024.pdf\">Ligji p\u00ebr ndryshimin dhe plot\u00ebsimin e Ligjit t\u00eb mediave \u2013 02.04.2024.<\/a><\/p>\n<p tabindex=\"0\"><a href=\"https:\/\/avmu.mk\/wp-content\/uploads\/2025\/05\/%D0%97%D0%B0%D0%BA%D0%BE%D0%BD-%D0%B7%D0%B0-%D0%B8%D0%B7%D0%BC%D0%B5%D0%BD%D1%83%D0%B2%D0%B0%D1%9A%D0%B5-%D0%B8-%D0%B4%D0%BE%D0%BF%D0%BE%D0%BB%D0%BD%D1%83%D0%B2%D0%B0%D1%9A%D0%B5-%D0%BD%D0%B0-%D0%97%D0%9C-%D0%B1%D1%80.63-%D0%BE%D0%B4-2024.pdf\">Ligji p\u00ebr ndryshimin dhe plot\u00ebsimin e Ligjit t\u00eb mediave \u2013 18.03.2024.<\/a><\/p>\n<p tabindex=\"0\"><a href=\"https:\/\/avmu.mk\/wp-content\/uploads\/2025\/05\/%D0%97%D0%B0%D0%BA%D0%BE%D0%BD-%D0%B7%D0%B0-%D0%B8%D0%B7%D0%BC%D0%B5%D0%BD%D1%83%D0%B2%D0%B0%D1%9A%D0%B5-%D0%B8-%D0%B4%D0%BE%D0%BF%D0%BE%D0%BB%D0%BD%D1%83%D0%B2%D0%B0%D1%9A%D0%B5-%D0%BD%D0%B0-%D0%97%D0%9C-%D0%B1%D1%80.13-%D0%BE%D0%B4-2014.pdf\">Ligji p\u00ebr ndryshimin dhe plot\u00ebsimin e Ligjit t\u00eb mediave \u2013 23.01.2014.\u00a0<\/a><\/p>\n<p tabindex=\"0\"><a href=\"https:\/\/avmu.mk\/wp-content\/uploads\/2025\/05\/%D0%97%D0%B0%D0%BA%D0%BE%D0%BD-%D0%B7%D0%B0-%D0%BC%D0%B5%D0%B4%D0%B8%D1%83%D0%BC%D0%B8-%D0%B1%D1%80.184-%D0%BE%D0%B4-2013.pdf\">Ligji i mediave \u2013 26.12.2013.<\/a><\/p>\n","protected":false},"excerpt":{"rendered":"<p>Ligji p\u00ebr mediume Ligji p\u00ebr ndryshimin dhe plot\u00ebsimin e Ligjit t\u00eb mediave \u2013 28.10.2024. Ligji p\u00ebr ndryshimin dhe plot\u00ebsimin e Ligjit p\u00ebr mediume \u2013 29.04.2024\u0433. Ligji p\u00ebr ndryshimin dhe plot\u00ebsimin e Ligjit t\u00eb mediave \u2013 02.04.2024. Ligji p\u00ebr ndryshimin dhe plot\u00ebsimin e Ligjit t\u00eb mediave \u2013 18.03.2024. Ligji p\u00ebr ndryshimin dhe plot\u00ebsimin e Ligjit t\u00eb<\/p>\n","protected":false},"author":2,"featured_media":0,"parent":0,"menu_order":0,"comment_status":"closed","ping_status":"closed","template":"","meta":{"footnotes":""},"class_list":["post-8539","page","type-page","status-publish"],"yoast_head":"<!-- This site is optimized with the Yoast SEO plugin v26.2 - https:\/\/yoast.com\/wordpress\/plugins\/seo\/ -->\n<title>Ligji p\u00ebr mediume - \u0418\u0437\u0431\u043e\u0440\u0435\u043d \u041a\u043e\u0434\u0435\u043a\u0441<\/title>\n<meta name=\"robots\" content=\"index, follow, max-snippet:-1, max-image-preview:large, max-video-preview:-1\" \/>\n<link rel=\"canonical\" href=\"https:\/\/izborenkodeksonline.mk\/sq\/ligji-per-mediume\/\" \/>\n<meta property=\"og:locale\" content=\"sq_AL\" \/>\n<meta property=\"og:type\" content=\"article\" \/>\n<meta property=\"og:title\" content=\"Ligji p\u00ebr mediume - \u0418\u0437\u0431\u043e\u0440\u0435\u043d \u041a\u043e\u0434\u0435\u043a\u0441\" \/>\n<meta property=\"og:description\" content=\"Ligji p\u00ebr mediume Ligji p\u00ebr ndryshimin dhe plot\u00ebsimin e Ligjit t\u00eb mediave \u2013 28.10.2024. Ligji p\u00ebr ndryshimin dhe plot\u00ebsimin e Ligjit p\u00ebr mediume \u2013 29.04.2024\u0433. Ligji p\u00ebr ndryshimin dhe plot\u00ebsimin e Ligjit t\u00eb mediave \u2013 02.04.2024. Ligji p\u00ebr ndryshimin dhe plot\u00ebsimin e Ligjit t\u00eb mediave \u2013 18.03.2024. Ligji p\u00ebr ndryshimin dhe plot\u00ebsimin e Ligjit t\u00eb\" \/>\n<meta property=\"og:url\" content=\"https:\/\/izborenkodeksonline.mk\/sq\/ligji-per-mediume\/\" \/>\n<meta property=\"og:site_name\" content=\"\u0418\u0437\u0431\u043e\u0440\u0435\u043d \u041a\u043e\u0434\u0435\u043a\u0441\" \/>\n<meta property=\"article:publisher\" content=\"https:\/\/www.facebook.com\/profile.php?id=61580047805885\" \/>\n<meta property=\"article:modified_time\" content=\"2025-08-14T07:06:36+00:00\" \/>\n<meta name=\"twitter:card\" content=\"summary_large_image\" \/>\n<script type=\"application\/ld+json\" class=\"yoast-schema-graph\">{\"@context\":\"https:\/\/schema.org\",\"@graph\":[{\"@type\":\"WebPage\",\"@id\":\"https:\/\/izborenkodeksonline.mk\/sq\/ligji-per-mediume\/\",\"url\":\"https:\/\/izborenkodeksonline.mk\/sq\/ligji-per-mediume\/\",\"name\":\"Ligji p\u00ebr mediume - \u0418\u0437\u0431\u043e\u0440\u0435\u043d \u041a\u043e\u0434\u0435\u043a\u0441\",\"isPartOf\":{\"@id\":\"https:\/\/izborenkodeksonline.mk\/#website\"},\"datePublished\":\"2025-08-14T07:02:44+00:00\",\"dateModified\":\"2025-08-14T07:06:36+00:00\",\"breadcrumb\":{\"@id\":\"https:\/\/izborenkodeksonline.mk\/sq\/ligji-per-mediume\/#breadcrumb\"},\"inLanguage\":\"sq-AL\",\"potentialAction\":[{\"@type\":\"ReadAction\",\"target\":[\"https:\/\/izborenkodeksonline.mk\/sq\/ligji-per-mediume\/\"]}]},{\"@type\":\"BreadcrumbList\",\"@id\":\"https:\/\/izborenkodeksonline.mk\/sq\/ligji-per-mediume\/#breadcrumb\",\"itemListElement\":[{\"@type\":\"ListItem\",\"position\":1,\"name\":\"Home\",\"item\":\"https:\/\/izborenkodeksonline.mk\/sq\/homepage\/\"},{\"@type\":\"ListItem\",\"position\":2,\"name\":\"Ligji p\u00ebr mediume\"}]},{\"@type\":\"WebSite\",\"@id\":\"https:\/\/izborenkodeksonline.mk\/#website\",\"url\":\"https:\/\/izborenkodeksonline.mk\/\",\"name\":\"\u0418\u0437\u0431\u043e\u0440\u0435\u043d \u041a\u043e\u0434\u0435\u043a\u0441\",\"description\":\"\u041e\u043d\u043b\u0438\u043d\u0435\",\"publisher\":{\"@id\":\"https:\/\/izborenkodeksonline.mk\/#organization\"},\"potentialAction\":[{\"@type\":\"SearchAction\",\"target\":{\"@type\":\"EntryPoint\",\"urlTemplate\":\"https:\/\/izborenkodeksonline.mk\/?s={search_term_string}\"},\"query-input\":{\"@type\":\"PropertyValueSpecification\",\"valueRequired\":true,\"valueName\":\"search_term_string\"}}],\"inLanguage\":\"sq-AL\"},{\"@type\":\"Organization\",\"@id\":\"https:\/\/izborenkodeksonline.mk\/#organization\",\"name\":\"\u0418\u0437\u0431\u043e\u0440\u0435\u043d \u041a\u043e\u0434\u0435\u043a\u0441\",\"url\":\"https:\/\/izborenkodeksonline.mk\/\",\"logo\":{\"@type\":\"ImageObject\",\"inLanguage\":\"sq-AL\",\"@id\":\"https:\/\/izborenkodeksonline.mk\/#\/schema\/logo\/image\/\",\"url\":\"https:\/\/izborenkodeksonline.mk\/wp-content\/uploads\/2023\/10\/cropped-ik_logo_mk2.png\",\"contentUrl\":\"https:\/\/izborenkodeksonline.mk\/wp-content\/uploads\/2023\/10\/cropped-ik_logo_mk2.png\",\"width\":512,\"height\":512,\"caption\":\"\u0418\u0437\u0431\u043e\u0440\u0435\u043d \u041a\u043e\u0434\u0435\u043a\u0441\"},\"image\":{\"@id\":\"https:\/\/izborenkodeksonline.mk\/#\/schema\/logo\/image\/\"},\"sameAs\":[\"https:\/\/www.facebook.com\/profile.php?id=61580047805885\",\"https:\/\/www.instagram.com\/izborenkodeksonline.mk\/\"]}]}<\/script>\n<!-- \/ Yoast SEO plugin. -->","yoast_head_json":{"title":"Ligji p\u00ebr mediume - \u0418\u0437\u0431\u043e\u0440\u0435\u043d \u041a\u043e\u0434\u0435\u043a\u0441","robots":{"index":"index","follow":"follow","max-snippet":"max-snippet:-1","max-image-preview":"max-image-preview:large","max-video-preview":"max-video-preview:-1"},"canonical":"https:\/\/izborenkodeksonline.mk\/sq\/ligji-per-mediume\/","og_locale":"sq_AL","og_type":"article","og_title":"Ligji p\u00ebr mediume - \u0418\u0437\u0431\u043e\u0440\u0435\u043d \u041a\u043e\u0434\u0435\u043a\u0441","og_description":"Ligji p\u00ebr mediume Ligji p\u00ebr ndryshimin dhe plot\u00ebsimin e Ligjit t\u00eb mediave \u2013 28.10.2024. Ligji p\u00ebr ndryshimin dhe plot\u00ebsimin e Ligjit p\u00ebr mediume \u2013 29.04.2024\u0433. Ligji p\u00ebr ndryshimin dhe plot\u00ebsimin e Ligjit t\u00eb mediave \u2013 02.04.2024. Ligji p\u00ebr ndryshimin dhe plot\u00ebsimin e Ligjit t\u00eb mediave \u2013 18.03.2024. Ligji p\u00ebr ndryshimin dhe plot\u00ebsimin e Ligjit t\u00eb","og_url":"https:\/\/izborenkodeksonline.mk\/sq\/ligji-per-mediume\/","og_site_name":"\u0418\u0437\u0431\u043e\u0440\u0435\u043d \u041a\u043e\u0434\u0435\u043a\u0441","article_publisher":"https:\/\/www.facebook.com\/profile.php?id=61580047805885","article_modified_time":"2025-08-14T07:06:36+00:00","twitter_card":"summary_large_image","schema":{"@context":"https:\/\/schema.org","@graph":[{"@type":"WebPage","@id":"https:\/\/izborenkodeksonline.mk\/sq\/ligji-per-mediume\/","url":"https:\/\/izborenkodeksonline.mk\/sq\/ligji-per-mediume\/","name":"Ligji p\u00ebr mediume - \u0418\u0437\u0431\u043e\u0440\u0435\u043d \u041a\u043e\u0434\u0435\u043a\u0441","isPartOf":{"@id":"https:\/\/izborenkodeksonline.mk\/#website"},"datePublished":"2025-08-14T07:02:44+00:00","dateModified":"2025-08-14T07:06:36+00:00","breadcrumb":{"@id":"https:\/\/izborenkodeksonline.mk\/sq\/ligji-per-mediume\/#breadcrumb"},"inLanguage":"sq-AL","potentialAction":[{"@type":"ReadAction","target":["https:\/\/izborenkodeksonline.mk\/sq\/ligji-per-mediume\/"]}]},{"@type":"BreadcrumbList","@id":"https:\/\/izborenkodeksonline.mk\/sq\/ligji-per-mediume\/#breadcrumb","itemListElement":[{"@type":"ListItem","position":1,"name":"Home","item":"https:\/\/izborenkodeksonline.mk\/sq\/homepage\/"},{"@type":"ListItem","position":2,"name":"Ligji p\u00ebr mediume"}]},{"@type":"WebSite","@id":"https:\/\/izborenkodeksonline.mk\/#website","url":"https:\/\/izborenkodeksonline.mk\/","name":"\u0418\u0437\u0431\u043e\u0440\u0435\u043d \u041a\u043e\u0434\u0435\u043a\u0441","description":"\u041e\u043d\u043b\u0438\u043d\u0435","publisher":{"@id":"https:\/\/izborenkodeksonline.mk\/#organization"},"potentialAction":[{"@type":"SearchAction","target":{"@type":"EntryPoint","urlTemplate":"https:\/\/izborenkodeksonline.mk\/?s={search_term_string}"},"query-input":{"@type":"PropertyValueSpecification","valueRequired":true,"valueName":"search_term_string"}}],"inLanguage":"sq-AL"},{"@type":"Organization","@id":"https:\/\/izborenkodeksonline.mk\/#organization","name":"\u0418\u0437\u0431\u043e\u0440\u0435\u043d \u041a\u043e\u0434\u0435\u043a\u0441","url":"https:\/\/izborenkodeksonline.mk\/","logo":{"@type":"ImageObject","inLanguage":"sq-AL","@id":"https:\/\/izborenkodeksonline.mk\/#\/schema\/logo\/image\/","url":"https:\/\/izborenkodeksonline.mk\/wp-content\/uploads\/2023\/10\/cropped-ik_logo_mk2.png","contentUrl":"https:\/\/izborenkodeksonline.mk\/wp-content\/uploads\/2023\/10\/cropped-ik_logo_mk2.png","width":512,"height":512,"caption":"\u0418\u0437\u0431\u043e\u0440\u0435\u043d \u041a\u043e\u0434\u0435\u043a\u0441"},"image":{"@id":"https:\/\/izborenkodeksonline.mk\/#\/schema\/logo\/image\/"},"sameAs":["https:\/\/www.facebook.com\/profile.php?id=61580047805885","https:\/\/www.instagram.com\/izborenkodeksonline.mk\/"]}]}},"_links":{"self":[{"href":"https:\/\/izborenkodeksonline.mk\/sq\/wp-json\/wp\/v2\/pages\/8539","targetHints":{"allow":["GET"]}}],"collection":[{"href":"https:\/\/izborenkodeksonline.mk\/sq\/wp-json\/wp\/v2\/pages"}],"about":[{"href":"https:\/\/izborenkodeksonline.mk\/sq\/wp-json\/wp\/v2\/types\/page"}],"author":[{"embeddable":true,"href":"https:\/\/izborenkodeksonline.mk\/sq\/wp-json\/wp\/v2\/users\/2"}],"replies":[{"embeddable":true,"href":"https:\/\/izborenkodeksonline.mk\/sq\/wp-json\/wp\/v2\/comments?post=8539"}],"version-history":[{"count":1,"href":"https:\/\/izborenkodeksonline.mk\/sq\/wp-json\/wp\/v2\/pages\/8539\/revisions"}],"predecessor-version":[{"id":8540,"href":"https:\/\/izborenkodeksonline.mk\/sq\/wp-json\/wp\/v2\/pages\/8539\/revisions\/8540"}],"wp:attachment":[{"href":"https:\/\/izborenkodeksonline.mk\/sq\/wp-json\/wp\/v2\/media?parent=8539"}],"curies":[{"name":"wp","href":"https:\/\/api.w.org\/{rel}","templated":true}]}}