{"id":7237,"date":"2023-10-06T08:10:45","date_gmt":"2023-10-06T08:10:45","guid":{"rendered":"https:\/\/izborenkodeksonline.mk\/?page_id=7237"},"modified":"2023-10-07T16:33:47","modified_gmt":"2023-10-07T16:33:47","slug":"kodi-i-gazetareve-te-shoqates-se-mediave-te-maqedonise","status":"publish","type":"page","link":"https:\/\/izborenkodeksonline.mk\/sq\/kodi-i-gazetareve-te-shoqates-se-mediave-te-maqedonise\/","title":{"rendered":"Kodi i gazetar\u00ebve t\u00eb Shoqat\u00ebs s\u00eb mediave t\u00eb Maqedonis\u00eb"},"content":{"rendered":"\t\t<div data-elementor-type=\"wp-page\" data-elementor-id=\"7237\" class=\"elementor elementor-7237 elementor-7222\" data-elementor-post-type=\"page\">\n\t\t\t\t\t\t<section class=\"elementor-section elementor-top-section elementor-element elementor-element-3579884e elementor-section-boxed elementor-section-height-default elementor-section-height-default\" data-id=\"3579884e\" data-element_type=\"section\">\n\t\t\t\t\t\t<div class=\"elementor-container elementor-column-gap-default\">\n\t\t\t\t\t<div class=\"elementor-column elementor-col-100 elementor-top-column elementor-element elementor-element-6d924110\" data-id=\"6d924110\" data-element_type=\"column\">\n\t\t\t<div class=\"elementor-widget-wrap elementor-element-populated\">\n\t\t\t\t\t\t<div class=\"elementor-element elementor-element-2072b1c0 elementor-widget elementor-widget-text-editor\" data-id=\"2072b1c0\" data-element_type=\"widget\" data-widget_type=\"text-editor.default\">\n\t\t\t\t<div class=\"elementor-widget-container\">\n\t\t\t\t\t\t\t\t\t<h3><strong><span lang=\"MK\">Kodi i gazetar\u00ebve t\u00eb Shoqat\u00ebs s\u00eb mediave t\u00eb Maqedonis\u00eb<\/span><\/strong><\/h3><h3>\u00a0<\/h3><p><strong>PARIMET THEMELORE:<\/strong><\/p><p>Liria e mediave \u00ebsht\u00eb e drejt\u00eb e patjet\u00ebrsueshme.<\/p><p>Detyra themelore e gazetar\u00ebve \u00ebsht\u00eb ta respektojn\u00eb t\u00eb v\u00ebrtet\u00ebn dhe t\u00eb drejt\u00ebn e opinionit t\u00eb jet\u00eb i informuar, n\u00eb p\u00ebrputhje me nenin 16 t\u00eb kushtetut\u00ebs ton\u00eb.<\/p><p>Roli i gazetar\u00ebve \u00ebsht\u00eb t\u00eb transmetojn\u00eb informata, ide dhe mendime dhe kan\u00eb t\u00eb drejt\u00eb t\u00eb komentojn\u00eb. Duke respektuar vlerat etike dhe standardet profesionale n\u00eb transmetimin e informatave, gazetar\u00ebt duhet t\u00eb jen\u00eb t\u00eb ndersh\u00ebm, objektiv\u00eb dhe t\u00eb sakt\u00eb.<\/p><p>E drejt\u00eb dhe detyr\u00eb e gazetar\u00ebve \u00ebsht\u00eb t\u00eb p\u00ebrpiqen t\u00eb parandalojn\u00eb censur\u00ebn dhe shtremb\u00ebrimin e lajmeve.<\/p><p>Duke ndjekur rolin e tyre n\u00eb nd\u00ebrtimin e demokracis\u00eb dhe t\u00eb shoq\u00ebris\u00eb qytetare, gazetar\u00ebt do t\u2019i mbrojn\u00eb t\u00eb drejtat e njeriut, dinjitetin dhe lirin\u00eb, do ta respektojn\u00eb pluralizmin e ideve dhe q\u00ebndrimeve, do t\u00eb kontribuojn\u00eb n\u00eb forcimin e shtetit juridik dhe n\u00eb kontrollin e pushtetit dhe subjekteve tjera t\u00eb jet\u00ebs publike.<\/p><p><strong>BAZUAR N\u00cb K\u00cbTO PARIME DHE VLERAT ETIKE:<br \/><\/strong><\/p><p>1. Gazetari ka t\u00eb drejt\u00eb p\u00ebr qasje t\u00eb lir\u00eb n\u00eb t\u00eb gjitha burimet e informimit, q\u00eb jan\u00eb me interes publik. Gazetari duhet t\u00eb botoj\u00eb informata t\u00eb sakta dhe t\u00eb provuara dhe nuk do t\u00eb fsheh\u00eb t\u00eb dh\u00ebna esenciale dhe t\u00eb falsifikoj\u00eb dokumente. N\u00ebse informata nuk mund t\u00eb konfirmohet, ose n\u00ebse b\u00ebhet fjal\u00eb p\u00ebr supozim, respektivisht spekulim, kjo gj\u00eb duhet t\u00eb thuhet dhe t\u00eb publikohet. Sakt\u00ebsia e informat\u00ebs duhet t\u00eb provohet sa m\u00eb shum\u00eb t\u00eb jet\u00eb e mundur.<br \/>2. N\u00ebse gazetari pengohet t\u00eb arrij\u00eb deri te informata e k\u00ebrkuar, ai ka t\u00eb drejt\u00eb p\u00ebr k\u00ebt\u00eb t\u00eb informoj\u00eb opinionin.<br \/>3. Gazetari do t\u00eb p\u00ebrpiqet t\u00eb garantohet publikimi i korrigjimit, demantit dhe p\u00ebrgjigjes, n\u00eb rast kur do t\u00eb v\u00ebrtetohet pasakt\u00ebsia e informat\u00ebs.<br \/>4. Gazetari do ta publikoj\u00eb burimin e informatave, mir\u00ebpo, n\u00ebse burimi k\u00ebrkon t\u00eb mbetet anonim, gazetari do ta mbroj\u00eb.<br \/>5. Gazetari do t\u00eb respektoj\u00eb ligjet e shtetit, mir\u00ebpo nuk do t\u00eb publikoj\u00eb ose fsheh\u00eb asgj\u00eb q\u00eb \u00ebsht\u00eb n\u00eb kund\u00ebrshtim me interesin publik.<br \/>6. Gazetari nuk guxon t\u00eb shfryt\u00ebzoj\u00eb median p\u00ebr publikimin ose fshehjen e informatave p\u00ebr p\u00ebrfitime personale. Ryshfeti, korrupsioni dhe hara\u00e7i jan\u00eb gj\u00ebra t\u00eb huaja p\u00ebr profesionin e gazetarit. Nuk guxon t\u00eb lejoj\u00eb reklama dhe motivet tjera komerciale t\u00eb ndikojn\u00eb mbi lirin\u00eb e informimit. Duhet t\u00eb b\u00ebhet dallim mes reklamimit dhe tekstit me ilustrim t\u00eb gazetarit.<br \/>7. Gazetari do ta respektoj\u00eb privat\u00ebsin\u00eb e personit, p\u00ebrve\u00e7 kur kjo bie ndesh me interesin publik. Gazetari \u00ebsht\u00eb i detyruar ta respektoj\u00eb dhimbjen dhe vuajtjen e personit.<br \/>8. M\u00ebnyra e informimit n\u00eb raste t\u00eb fatkeq\u00ebsive, katastrofave natyrore, luft\u00ebrave, tragjedive familjare, s\u00ebmundjeve, proceseve gjyq\u00ebsore duhet t\u00eb jen\u00eb t\u00eb \u00e7liruara nga senzacionalizmi. N\u00eb proceset gjyq\u00ebsore duhet t\u00eb respektohet parimi i pafajsis\u00eb, t\u00eb raportohet p\u00ebr t\u00eb gjitha pal\u00ebt e p\u00ebrfshira n\u00eb kontest dhe t\u00eb mos sugjerohet vendimi.<br \/>9. Gazetari nuk duhet t\u00eb intervistoj\u00eb ose t\u00eb fotografoj\u00eb f\u00ebmij\u00eb n\u00ebn 16 vje\u00e7 pa p\u00eblqimin e prind\u00ebrve ose kujdestarit, p\u00ebrve\u00e7 n\u00ebse kjo nuk \u00ebsht\u00eb n\u00eb p\u00ebrputhje me t\u00eb drejtat e f\u00ebmij\u00ebve. E njejta zbatohet edhe p\u00ebr personat me nevoja t\u00eb posa\u00e7me, t\u00eb cil\u00ebt nuk jan\u00eb n\u00eb gjendje t\u00eb gjykojn\u00eb me vet\u00ebdije.<br \/>10. Gazetari me vet\u00ebdije nuk do t\u00eb krijoj\u00eb ose p\u00ebrpunoj\u00eb informata, q\u00eb c\u00ebnojn\u00eb t\u00eb drejtat dhe lirit\u00eb e njeriut, nuk do t\u00eb p\u00ebrdor\u00eb gjuh\u00ebn e urrejtjes dhe nuk do t\u00eb nxis\u00eb dhun\u00eb ose diskriminim mbi \u00e7far\u00ebdo lloj baze qoft\u00eb (komb\u00ebtare, fetare, racore, gjinore, shoq\u00ebrore, gjuh\u00ebsore, politike, orientimi seksual\u2026)<br \/>11. Gazetari do t\u2019u p\u00ebrmbahet standardeve t\u00eb pranuara shoq\u00ebrore q\u00eb kan\u00eb t\u00eb b\u00ebjn\u00eb me mir\u00ebsjelljen dhe respektimin e dallimeve etnike, kulturore dhe fetare n\u00eb Maqedoni.<br \/>12. Plagjiatura \u00ebsht\u00eb e papranueshme. Citatet nuk nuk guxon t\u00eb p\u00ebrdoren pa miratimin e burimit ose t\u00eb autorit.<br \/>13. Gazetar\u00ebt duhet t\u00eb b\u00ebjn\u00eb dallim mes fakteve dhe mendimeve, mes lajmit dhe komentit.<br \/>14. Raportimi p\u00ebr proceset politike, ve\u00e7an\u00ebrisht p\u00ebr zgjedhjet, duhet t\u00eb jet\u00eb i paansh\u00ebm dhe i balancuar. Gazetari patjtet\u00ebr duhet t\u00eb siguroj\u00eb distanc\u00eb profesionale nga subjektet politike.<br \/>15. Gazetari patjet\u00ebr ta kultivoj\u00eb kultur\u00ebn e t\u00eb shprehurit dhe etik\u00ebn. Komunikimi i pashembullt me opinionin nuk i ka hije profesionit t\u00eb gazetarit.<br \/>16. Gazetari do ta ruaj\u00eb namin dhe dinjitetin e profesionit t\u00eb tij, do t\u00eb nxis\u00eb solidaritetin reciprok dhe pluralizmin e mendimeve dhe nuk do ta p\u00ebrdor\u00eb mediumin e tij p\u00ebr q\u00ebrim hesapesh me persona duke p\u00ebrfshir\u00eb edhe koleg\u00ebt e tij.<br \/>17. Gazetari ka t\u00eb drejt\u00eb t\u00eb refuzoj\u00eb detyr\u00ebn e pun\u00ebs n\u00ebse \u00ebsht\u00eb n\u00eb kund\u00ebrshtim me parimet e k\u00ebtij Kodi.<\/p><p><strong>DISPOZITAT P\u00cbRFUNDIMTARE:\u00a0<br \/><\/strong><\/p><p>Gazetar\u00ebt q\u00eb punojn\u00eb n\u00eb p\u00ebrputhje me k\u00ebt\u00eb Kod g\u00ebzojn\u00eb p\u00ebrkrahjen e mediave t\u00eb tyre dhe t\u00eb organizatave t\u00eb tyre profesionale.<\/p><p>N\u00eb p\u00ebrputhje me ligjet tona, gazetar\u00ebt do ta pranojn\u00eb vler\u00ebsimin profesional vet\u00ebm prej kol eg\u00ebve t\u00eb tyre dhe do t\u00eb jen\u00eb jasht\u00eb ndikimeve politike dhe ndikimeve t\u00eb tjera<\/p><p>P\u00ebr respektimin e parimeve t\u00eb k\u00ebtij Kodi kujdeset K\u00ebshilli i Nderit i \u201c<strong><em>Shoqata e gazetar\u00ebve t\u00eb Maqedonis\u00eb\u201d.<\/em><\/strong><\/p>\t\t\t\t\t\t\t\t<\/div>\n\t\t\t\t<\/div>\n\t\t\t\t\t<\/div>\n\t\t<\/div>\n\t\t\t\t\t<\/div>\n\t\t<\/section>\n\t\t\t\t<\/div>\n\t\t","protected":false},"excerpt":{"rendered":"<p>Kodi i gazetar\u00ebve t\u00eb Shoqat\u00ebs s\u00eb mediave t\u00eb Maqedonis\u00eb \u00a0 PARIMET THEMELORE: Liria e mediave \u00ebsht\u00eb e drejt\u00eb e patjet\u00ebrsueshme. Detyra themelore e gazetar\u00ebve \u00ebsht\u00eb ta respektojn\u00eb t\u00eb v\u00ebrtet\u00ebn dhe t\u00eb drejt\u00ebn e opinionit t\u00eb jet\u00eb i informuar, n\u00eb p\u00ebrputhje me nenin 16 t\u00eb kushtetut\u00ebs ton\u00eb. Roli i gazetar\u00ebve \u00ebsht\u00eb t\u00eb transmetojn\u00eb informata, ide dhe<\/p>\n","protected":false},"author":1,"featured_media":0,"parent":0,"menu_order":0,"comment_status":"closed","ping_status":"closed","template":"page-templates\/blocks.php","meta":{"footnotes":""},"class_list":["post-7237","page","type-page","status-publish"],"yoast_head":"<!-- This site is optimized with the Yoast SEO plugin v26.2 - https:\/\/yoast.com\/wordpress\/plugins\/seo\/ -->\n<title>Kodi i gazetar\u00ebve t\u00eb Shoqat\u00ebs s\u00eb mediave t\u00eb Maqedonis\u00eb - \u0418\u0437\u0431\u043e\u0440\u0435\u043d \u041a\u043e\u0434\u0435\u043a\u0441<\/title>\n<meta name=\"robots\" content=\"index, follow, max-snippet:-1, max-image-preview:large, max-video-preview:-1\" \/>\n<link rel=\"canonical\" href=\"https:\/\/izborenkodeksonline.mk\/sq\/kodi-i-gazetareve-te-shoqates-se-mediave-te-maqedonise\/\" \/>\n<meta property=\"og:locale\" content=\"sq_AL\" \/>\n<meta property=\"og:type\" content=\"article\" \/>\n<meta property=\"og:title\" content=\"Kodi i gazetar\u00ebve t\u00eb Shoqat\u00ebs s\u00eb mediave t\u00eb Maqedonis\u00eb - \u0418\u0437\u0431\u043e\u0440\u0435\u043d \u041a\u043e\u0434\u0435\u043a\u0441\" \/>\n<meta property=\"og:description\" content=\"Kodi i gazetar\u00ebve t\u00eb Shoqat\u00ebs s\u00eb mediave t\u00eb Maqedonis\u00eb \u00a0 PARIMET THEMELORE: Liria e mediave \u00ebsht\u00eb e drejt\u00eb e patjet\u00ebrsueshme. Detyra themelore e gazetar\u00ebve \u00ebsht\u00eb ta respektojn\u00eb t\u00eb v\u00ebrtet\u00ebn dhe t\u00eb drejt\u00ebn e opinionit t\u00eb jet\u00eb i informuar, n\u00eb p\u00ebrputhje me nenin 16 t\u00eb kushtetut\u00ebs ton\u00eb. Roli i gazetar\u00ebve \u00ebsht\u00eb t\u00eb transmetojn\u00eb informata, ide dhe\" \/>\n<meta property=\"og:url\" content=\"https:\/\/izborenkodeksonline.mk\/sq\/kodi-i-gazetareve-te-shoqates-se-mediave-te-maqedonise\/\" \/>\n<meta property=\"og:site_name\" content=\"\u0418\u0437\u0431\u043e\u0440\u0435\u043d \u041a\u043e\u0434\u0435\u043a\u0441\" \/>\n<meta property=\"article:publisher\" content=\"https:\/\/www.facebook.com\/profile.php?id=61580047805885\" \/>\n<meta property=\"article:modified_time\" content=\"2023-10-07T16:33:47+00:00\" \/>\n<meta name=\"twitter:card\" content=\"summary_large_image\" \/>\n<meta name=\"twitter:label1\" content=\"Est. reading time\" \/>\n\t<meta name=\"twitter:data1\" content=\"4 minutes\" \/>\n<script type=\"application\/ld+json\" class=\"yoast-schema-graph\">{\"@context\":\"https:\/\/schema.org\",\"@graph\":[{\"@type\":\"WebPage\",\"@id\":\"https:\/\/izborenkodeksonline.mk\/sq\/kodi-i-gazetareve-te-shoqates-se-mediave-te-maqedonise\/\",\"url\":\"https:\/\/izborenkodeksonline.mk\/sq\/kodi-i-gazetareve-te-shoqates-se-mediave-te-maqedonise\/\",\"name\":\"Kodi i gazetar\u00ebve t\u00eb Shoqat\u00ebs s\u00eb mediave t\u00eb Maqedonis\u00eb - \u0418\u0437\u0431\u043e\u0440\u0435\u043d \u041a\u043e\u0434\u0435\u043a\u0441\",\"isPartOf\":{\"@id\":\"https:\/\/izborenkodeksonline.mk\/#website\"},\"datePublished\":\"2023-10-06T08:10:45+00:00\",\"dateModified\":\"2023-10-07T16:33:47+00:00\",\"breadcrumb\":{\"@id\":\"https:\/\/izborenkodeksonline.mk\/sq\/kodi-i-gazetareve-te-shoqates-se-mediave-te-maqedonise\/#breadcrumb\"},\"inLanguage\":\"sq-AL\",\"potentialAction\":[{\"@type\":\"ReadAction\",\"target\":[\"https:\/\/izborenkodeksonline.mk\/sq\/kodi-i-gazetareve-te-shoqates-se-mediave-te-maqedonise\/\"]}]},{\"@type\":\"BreadcrumbList\",\"@id\":\"https:\/\/izborenkodeksonline.mk\/sq\/kodi-i-gazetareve-te-shoqates-se-mediave-te-maqedonise\/#breadcrumb\",\"itemListElement\":[{\"@type\":\"ListItem\",\"position\":1,\"name\":\"Home\",\"item\":\"https:\/\/izborenkodeksonline.mk\/sq\/homepage\/\"},{\"@type\":\"ListItem\",\"position\":2,\"name\":\"Kodi i gazetar\u00ebve t\u00eb Shoqat\u00ebs s\u00eb mediave t\u00eb Maqedonis\u00eb\"}]},{\"@type\":\"WebSite\",\"@id\":\"https:\/\/izborenkodeksonline.mk\/#website\",\"url\":\"https:\/\/izborenkodeksonline.mk\/\",\"name\":\"\u0418\u0437\u0431\u043e\u0440\u0435\u043d \u041a\u043e\u0434\u0435\u043a\u0441\",\"description\":\"\u041e\u043d\u043b\u0438\u043d\u0435\",\"publisher\":{\"@id\":\"https:\/\/izborenkodeksonline.mk\/#organization\"},\"potentialAction\":[{\"@type\":\"SearchAction\",\"target\":{\"@type\":\"EntryPoint\",\"urlTemplate\":\"https:\/\/izborenkodeksonline.mk\/?s={search_term_string}\"},\"query-input\":{\"@type\":\"PropertyValueSpecification\",\"valueRequired\":true,\"valueName\":\"search_term_string\"}}],\"inLanguage\":\"sq-AL\"},{\"@type\":\"Organization\",\"@id\":\"https:\/\/izborenkodeksonline.mk\/#organization\",\"name\":\"\u0418\u0437\u0431\u043e\u0440\u0435\u043d \u041a\u043e\u0434\u0435\u043a\u0441\",\"url\":\"https:\/\/izborenkodeksonline.mk\/\",\"logo\":{\"@type\":\"ImageObject\",\"inLanguage\":\"sq-AL\",\"@id\":\"https:\/\/izborenkodeksonline.mk\/#\/schema\/logo\/image\/\",\"url\":\"https:\/\/izborenkodeksonline.mk\/wp-content\/uploads\/2023\/10\/cropped-ik_logo_mk2.png\",\"contentUrl\":\"https:\/\/izborenkodeksonline.mk\/wp-content\/uploads\/2023\/10\/cropped-ik_logo_mk2.png\",\"width\":512,\"height\":512,\"caption\":\"\u0418\u0437\u0431\u043e\u0440\u0435\u043d \u041a\u043e\u0434\u0435\u043a\u0441\"},\"image\":{\"@id\":\"https:\/\/izborenkodeksonline.mk\/#\/schema\/logo\/image\/\"},\"sameAs\":[\"https:\/\/www.facebook.com\/profile.php?id=61580047805885\",\"https:\/\/www.instagram.com\/izborenkodeksonline.mk\/\"]}]}<\/script>\n<!-- \/ Yoast SEO plugin. -->","yoast_head_json":{"title":"Kodi i gazetar\u00ebve t\u00eb Shoqat\u00ebs s\u00eb mediave t\u00eb Maqedonis\u00eb - \u0418\u0437\u0431\u043e\u0440\u0435\u043d \u041a\u043e\u0434\u0435\u043a\u0441","robots":{"index":"index","follow":"follow","max-snippet":"max-snippet:-1","max-image-preview":"max-image-preview:large","max-video-preview":"max-video-preview:-1"},"canonical":"https:\/\/izborenkodeksonline.mk\/sq\/kodi-i-gazetareve-te-shoqates-se-mediave-te-maqedonise\/","og_locale":"sq_AL","og_type":"article","og_title":"Kodi i gazetar\u00ebve t\u00eb Shoqat\u00ebs s\u00eb mediave t\u00eb Maqedonis\u00eb - \u0418\u0437\u0431\u043e\u0440\u0435\u043d \u041a\u043e\u0434\u0435\u043a\u0441","og_description":"Kodi i gazetar\u00ebve t\u00eb Shoqat\u00ebs s\u00eb mediave t\u00eb Maqedonis\u00eb \u00a0 PARIMET THEMELORE: Liria e mediave \u00ebsht\u00eb e drejt\u00eb e patjet\u00ebrsueshme. Detyra themelore e gazetar\u00ebve \u00ebsht\u00eb ta respektojn\u00eb t\u00eb v\u00ebrtet\u00ebn dhe t\u00eb drejt\u00ebn e opinionit t\u00eb jet\u00eb i informuar, n\u00eb p\u00ebrputhje me nenin 16 t\u00eb kushtetut\u00ebs ton\u00eb. Roli i gazetar\u00ebve \u00ebsht\u00eb t\u00eb transmetojn\u00eb informata, ide dhe","og_url":"https:\/\/izborenkodeksonline.mk\/sq\/kodi-i-gazetareve-te-shoqates-se-mediave-te-maqedonise\/","og_site_name":"\u0418\u0437\u0431\u043e\u0440\u0435\u043d \u041a\u043e\u0434\u0435\u043a\u0441","article_publisher":"https:\/\/www.facebook.com\/profile.php?id=61580047805885","article_modified_time":"2023-10-07T16:33:47+00:00","twitter_card":"summary_large_image","twitter_misc":{"Est. reading time":"4 minutes"},"schema":{"@context":"https:\/\/schema.org","@graph":[{"@type":"WebPage","@id":"https:\/\/izborenkodeksonline.mk\/sq\/kodi-i-gazetareve-te-shoqates-se-mediave-te-maqedonise\/","url":"https:\/\/izborenkodeksonline.mk\/sq\/kodi-i-gazetareve-te-shoqates-se-mediave-te-maqedonise\/","name":"Kodi i gazetar\u00ebve t\u00eb Shoqat\u00ebs s\u00eb mediave t\u00eb Maqedonis\u00eb - \u0418\u0437\u0431\u043e\u0440\u0435\u043d \u041a\u043e\u0434\u0435\u043a\u0441","isPartOf":{"@id":"https:\/\/izborenkodeksonline.mk\/#website"},"datePublished":"2023-10-06T08:10:45+00:00","dateModified":"2023-10-07T16:33:47+00:00","breadcrumb":{"@id":"https:\/\/izborenkodeksonline.mk\/sq\/kodi-i-gazetareve-te-shoqates-se-mediave-te-maqedonise\/#breadcrumb"},"inLanguage":"sq-AL","potentialAction":[{"@type":"ReadAction","target":["https:\/\/izborenkodeksonline.mk\/sq\/kodi-i-gazetareve-te-shoqates-se-mediave-te-maqedonise\/"]}]},{"@type":"BreadcrumbList","@id":"https:\/\/izborenkodeksonline.mk\/sq\/kodi-i-gazetareve-te-shoqates-se-mediave-te-maqedonise\/#breadcrumb","itemListElement":[{"@type":"ListItem","position":1,"name":"Home","item":"https:\/\/izborenkodeksonline.mk\/sq\/homepage\/"},{"@type":"ListItem","position":2,"name":"Kodi i gazetar\u00ebve t\u00eb Shoqat\u00ebs s\u00eb mediave t\u00eb Maqedonis\u00eb"}]},{"@type":"WebSite","@id":"https:\/\/izborenkodeksonline.mk\/#website","url":"https:\/\/izborenkodeksonline.mk\/","name":"\u0418\u0437\u0431\u043e\u0440\u0435\u043d \u041a\u043e\u0434\u0435\u043a\u0441","description":"\u041e\u043d\u043b\u0438\u043d\u0435","publisher":{"@id":"https:\/\/izborenkodeksonline.mk\/#organization"},"potentialAction":[{"@type":"SearchAction","target":{"@type":"EntryPoint","urlTemplate":"https:\/\/izborenkodeksonline.mk\/?s={search_term_string}"},"query-input":{"@type":"PropertyValueSpecification","valueRequired":true,"valueName":"search_term_string"}}],"inLanguage":"sq-AL"},{"@type":"Organization","@id":"https:\/\/izborenkodeksonline.mk\/#organization","name":"\u0418\u0437\u0431\u043e\u0440\u0435\u043d \u041a\u043e\u0434\u0435\u043a\u0441","url":"https:\/\/izborenkodeksonline.mk\/","logo":{"@type":"ImageObject","inLanguage":"sq-AL","@id":"https:\/\/izborenkodeksonline.mk\/#\/schema\/logo\/image\/","url":"https:\/\/izborenkodeksonline.mk\/wp-content\/uploads\/2023\/10\/cropped-ik_logo_mk2.png","contentUrl":"https:\/\/izborenkodeksonline.mk\/wp-content\/uploads\/2023\/10\/cropped-ik_logo_mk2.png","width":512,"height":512,"caption":"\u0418\u0437\u0431\u043e\u0440\u0435\u043d \u041a\u043e\u0434\u0435\u043a\u0441"},"image":{"@id":"https:\/\/izborenkodeksonline.mk\/#\/schema\/logo\/image\/"},"sameAs":["https:\/\/www.facebook.com\/profile.php?id=61580047805885","https:\/\/www.instagram.com\/izborenkodeksonline.mk\/"]}]}},"_links":{"self":[{"href":"https:\/\/izborenkodeksonline.mk\/sq\/wp-json\/wp\/v2\/pages\/7237","targetHints":{"allow":["GET"]}}],"collection":[{"href":"https:\/\/izborenkodeksonline.mk\/sq\/wp-json\/wp\/v2\/pages"}],"about":[{"href":"https:\/\/izborenkodeksonline.mk\/sq\/wp-json\/wp\/v2\/types\/page"}],"author":[{"embeddable":true,"href":"https:\/\/izborenkodeksonline.mk\/sq\/wp-json\/wp\/v2\/users\/1"}],"replies":[{"embeddable":true,"href":"https:\/\/izborenkodeksonline.mk\/sq\/wp-json\/wp\/v2\/comments?post=7237"}],"version-history":[{"count":13,"href":"https:\/\/izborenkodeksonline.mk\/sq\/wp-json\/wp\/v2\/pages\/7237\/revisions"}],"predecessor-version":[{"id":7569,"href":"https:\/\/izborenkodeksonline.mk\/sq\/wp-json\/wp\/v2\/pages\/7237\/revisions\/7569"}],"wp:attachment":[{"href":"https:\/\/izborenkodeksonline.mk\/sq\/wp-json\/wp\/v2\/media?parent=7237"}],"curies":[{"name":"wp","href":"https:\/\/api.w.org\/{rel}","templated":true}]}}