{"id":6461,"date":"2023-09-10T13:49:25","date_gmt":"2023-09-10T13:49:25","guid":{"rendered":"http:\/\/izboren.fadom.mk\/?page_id=6461"},"modified":"2025-08-27T08:46:28","modified_gmt":"2025-08-27T08:46:28","slug":"politika-per-privatesine-e-te-dhenave-personale","status":"publish","type":"page","link":"https:\/\/izborenkodeksonline.mk\/sq\/politika-per-privatesine-e-te-dhenave-personale\/","title":{"rendered":"POLITIKA P\u00cbR PRIVAT\u00cbSIN\u00cb E T\u00cb DH\u00cbNAVE PERSONALE"},"content":{"rendered":"\t\t<div data-elementor-type=\"wp-page\" data-elementor-id=\"6461\" class=\"elementor elementor-6461 elementor-6256\" data-elementor-post-type=\"page\">\n\t\t\t\t\t\t<section class=\"has-el-gap el-gap-default elementor-section elementor-top-section elementor-element elementor-element-abd6adf elementor-section-boxed elementor-section-height-default elementor-section-height-default\" data-id=\"abd6adf\" data-element_type=\"section\">\n\t\t\t\t\t\t<div class=\"elementor-container elementor-column-gap-no\">\n\t\t\t\t\t<div class=\"elementor-column elementor-col-100 elementor-top-column elementor-element elementor-element-0446a89\" data-id=\"0446a89\" data-element_type=\"column\">\n\t\t\t<div class=\"elementor-widget-wrap elementor-element-populated\">\n\t\t\t\t\t\t<div class=\"elementor-element elementor-element-87f6aa2 elementor-widget elementor-widget-text-editor\" data-id=\"87f6aa2\" data-element_type=\"widget\" data-widget_type=\"text-editor.default\">\n\t\t\t\t<div class=\"elementor-widget-container\">\n\t\t\t\t\t\t\t\t\t<p><strong>Politika p\u00ebr privat\u00ebsin\u00eb e t\u00eb dh\u00ebnave personale<\/strong><\/p><p tabindex=\"0\"><strong tabindex=\"0\">POLITIKA P\u00cbR PRIVAT\u00cbSI<\/strong><\/p><p tabindex=\"0\">Agjencia p\u00ebr Sh\u00ebrbime Mediatike Audio dhe Audiovizuele (n\u00eb tekstin e m\u00ebtejm\u00eb: Agjencia) i kushton v\u00ebmendje t\u00eb ve\u00e7ant\u00eb mbrojtjes s\u00eb t\u00eb dh\u00ebnave personale n\u00eb t\u00eb gjitha proceset e funksionimit t\u00eb saj dhe siguron q\u00eb p\u00ebrpunimi i t\u00eb dh\u00ebnave personale t\u00eb subjekteve t\u00eb t\u00eb dh\u00ebnave personale (t\u00eb pun\u00ebsuar, aplikuesit p\u00ebr pun\u00ebsim, parashtrues t\u00eb k\u00ebrkesave) n\u00eb Agjenci t\u00eb jet\u00eb n\u00eb p\u00ebrputhje me rregulloret, parimet dhe vlerat p\u00ebr mbrojtjen e t\u00eb dh\u00ebnave personale.<\/p><p tabindex=\"0\">Kjo Politik\u00eb p\u00ebr privat\u00ebsi p\u00ebrmban informacion n\u00eb lidhje me kategorit\u00eb e t\u00eb dh\u00ebnave q\u00eb ne mund t\u00eb mbledhim dhe ruajm\u00eb gjat\u00eb vizit\u00ebs n\u00eb ueb-faqe ton\u00eb, n\u00eb \u00e7far\u00eb m\u00ebnyre p\u00ebrdoren dhe me k\u00eb ndahen k\u00ebto t\u00eb dh\u00ebna. Politika e privat\u00ebsis\u00eb p\u00ebrfshin gjithashtu m\u00ebnyr\u00ebn se si mund t\u00eb na kontaktoni n\u00ebse keni pyetje n\u00eb lidhje me k\u00ebto t\u00eb dh\u00ebna.<\/p><p tabindex=\"0\">Kjo politik\u00eb p\u00ebr privat\u00ebsi \u00ebsht\u00eb n\u00eb p\u00ebrputhje me rregulloret p\u00ebr mbrojtjen e t\u00eb dh\u00ebnave personale dhe dokumentacionin e brendsh\u00ebm t\u00eb Agjencis\u00eb p\u00ebr rregullimin e k\u00ebsaj fushe.<\/p><ol><li><strong tabindex=\"0\">Kontrolluesi i mbledhjes s\u00eb t\u00eb dh\u00ebnave personale<\/strong><\/li><\/ol><p tabindex=\"0\">Kontrolluesi i t\u00eb dh\u00ebnave personale \u00ebsht\u00eb Agjencia p\u00ebr Sh\u00ebrbime Mediatike Audio dhe Audiovizuele, me seli n\u00eb rr. Makedonija nr.38, Shkup, Republika e Maqedonis\u00eb s\u00eb Veriut.<\/p><p tabindex=\"0\">Agjencia p\u00ebr Sh\u00ebrbime Mediatike Audio dhe Audiovizuele, si organ rregullator komb\u00ebtar i Republik\u00ebs s\u00eb Maqedonis\u00eb s\u00eb Veriut n\u00eb fush\u00ebn e sh\u00ebrbimeve mediatike audio dhe audiovizuele, \u00ebsht\u00eb p\u00ebrkushtuar p\u00ebr ruajtjen e privat\u00ebsis\u00eb s\u00eb individ\u00ebve. T\u00eb gjitha t\u00eb dh\u00ebnat personale t\u00eb mbledhura prej saj p\u00ebrpunohen n\u00eb p\u00ebrputhje me dispozitat e Ligjit p\u00ebr Sh\u00ebrbimet Mediatike Audio dhe Audiovizuele, Ligjit p\u00ebr Median dhe Ligjit p\u00ebr Mbrojtjen e t\u00eb Dh\u00ebnave Personale.<\/p><p tabindex=\"0\"><strong tabindex=\"0\">\u00a0<\/strong><\/p><ol start=\"2\"><li><strong tabindex=\"0\">T\u00eb dh\u00ebnat personale t\u00eb kujt i p\u00ebrpunojm\u00eb?<\/strong><\/li><\/ol><p tabindex=\"0\">Agjencia mbledh t\u00eb dh\u00ebna personale nga kategorit\u00eb e m\u00ebposhtme t\u00eb subjekteve:<\/p><ul><li>T\u00eb pun\u00ebsuarit, an\u00ebtar\u00ebt e K\u00ebshillit, bashk\u00ebpun\u00ebtor\u00ebt e jasht\u00ebm dhe aplikant\u00ebt p\u00ebr pun\u00eb<\/li><li>vizitor\u00ebt n\u00eb faqet tona t\u00eb internetit<\/li><li>k\u00ebrkuesit dhe individ\u00ebt e tjer\u00eb n\u00eb lidhje me paraqitjen e k\u00ebrkesave, iniciativat p\u00ebr kryerjen e mbik\u00ebqyrjes<\/li><li>personat t\u00eb cil\u00ebt, bazuar n\u00eb Ligjin p\u00ebr Sh\u00ebrbimet Mediatike Audio dhe Audiovizuele dhe Ligjin p\u00ebr Median, paraqesin k\u00ebrkesa dhe njoftime n\u00eb Agjenci<\/li><li>Personat q\u00eb k\u00ebrkojn\u00eb qasje n\u00eb informacione me karakter publik bazuar n\u00eb Ligjin p\u00ebr qasje t\u00eb lir\u00eb n\u00eb informacione me karakter publik<\/li><\/ul><ol start=\"3\"><li><strong tabindex=\"0\">Pse i p\u00ebrpunojm\u00eb t\u00eb dh\u00ebnat tuaja personale?<\/strong><\/li><\/ol><p tabindex=\"0\">T\u00eb dh\u00ebnat tuaja personale i p\u00ebrpunojm\u00eb p\u00ebr t\u00eb p\u00ebrmbushur q\u00ebllimet e parashikuara nga Ligji, n\u00eb marr\u00ebveshje me Ju si subjekt i t\u00eb dh\u00ebnave personale dhe me p\u00eblqimin tuaj t\u00eb dh\u00ebn\u00eb lirisht.<\/p><p tabindex=\"0\"><span tabindex=\"0\"><a href=\"https:\/\/avmu.mk\/wp-content\/uploads\/2025\/07\/KERKESE-PER-TERHEQJE-TE-PELQIMIT.pdf\">K\u00ebrkes\u00eb p\u00ebr t\u00ebrheqjen e p\u00eblqimit<\/a><\/span><\/p><p tabindex=\"0\"><span tabindex=\"0\"><strong tabindex=\"0\">\u00a0<\/strong><\/span><\/p><ol start=\"4\"><li><strong tabindex=\"0\">Cookies<\/strong><\/li><\/ol><p tabindex=\"0\">Gjat\u00eb vizit\u00ebs n\u00eb ueb-faqen, duke marr\u00eb parasysh natyr\u00ebn e internetit, mblidhen t\u00eb dh\u00ebna q\u00eb evidentojn\u00eb p\u00ebrdoruesit, por n\u00eb vetvete nuk jan\u00eb t\u00eb mjaftueshme p\u00ebr t\u00eb identifikuar nj\u00eb person t\u00eb caktuar dhe p\u00ebrfaq\u00ebsojn\u00eb tregues statistikor\u00eb q\u00eb p\u00ebrdoren p\u00ebr t\u00eb p\u00ebrmir\u00ebsuar cil\u00ebsin\u00eb e faqes s\u00eb internetit. Informacione t\u00eb tilla mund t\u00eb p\u00ebrfshijn\u00eb emrin e k\u00ebrkuesit t\u00eb internetit, numrin e vizitave, koh\u00ebn mesatare t\u00eb kaluar n\u00eb faqe, llojin e pajisjeve, si dhe informacion teknik p\u00ebr lidhje q\u00eb e shfryt\u00ebzon p\u00ebrdoruesi gjat\u00eb vizit\u00ebs n\u00eb faqen e internetit, si\u00e7 \u00ebsht\u00eb sistemi operativ dhe porosit\u00ebsit t\u00eb sh\u00ebrbimit t\u00eb internetit, IP (protokoli i internetit) adresat \u00a0q\u00eb ndahen nga ofruesit e internetit dhe jan\u00eb t\u00eb ndryshme p\u00ebr secilin p\u00ebrdorues t\u00eb internetit, dhe informacione t\u00eb ngjashme.<\/p><p tabindex=\"0\">Politika e Cookies \u00ebsht\u00eb e disponueshme n\u00eb ueb-faqen ton\u00eb n\u00eb <a href=\"https:\/\/izborenkodeksonline.mk\/sq\/politika-per-perdorimin-e-cookies\/\">linkun<\/a> e m\u00ebposht\u00ebm\u00a0<\/p><p tabindex=\"0\"><strong tabindex=\"0\">\u00a0<\/strong><\/p><ol start=\"5\"><li><strong tabindex=\"0\">Cilat jan\u00eb t\u00eb drejtat tuaja?<\/strong><\/li><\/ol><p tabindex=\"0\"><strong tabindex=\"0\">E drejta p\u00ebr qasje<\/strong><\/p><p tabindex=\"0\">Ju keni t\u00eb drejt\u00eb t\u00eb k\u00ebrkoni q\u00eb Agjencia T\u2019ju ofroj\u00eb qasje n\u00eb t\u00eb dh\u00ebnat personale q\u00eb jan\u00eb mbledhur n\u00eb lidhje me Ju. Duke realizuar t\u00eb drejt\u00ebn p\u00ebr qasje, ju mund t\u00eb merrni t\u00eb dh\u00ebna p\u00ebr:<\/p><ul><li>pse i p\u00ebrpunojm\u00eb t\u00eb dh\u00ebnat tuaja personale<\/li><li>cilat kategori t\u00eb t\u00eb dh\u00ebnave personale i p\u00ebrpunojm\u00eb p\u00ebr ju<\/li><li>nga cilat burime, p\u00ebrve\u00e7 Jush personalisht, i mbledhim t\u00eb dh\u00ebnat tuaja personale?<\/li><li>si dhe n\u00eb \u00e7far\u00eb kushtesh i ndajm\u00eb t\u00eb dh\u00ebnat tuaja personale me pal\u00eb t\u00eb treta<\/li><li>p\u00ebr sa koh\u00eb i ruajm\u00eb t\u00eb dh\u00ebnat tuaja personale<\/li><li>n\u00ebse n\u00eb pun\u00ebn ton\u00eb ekziston nj\u00eb proces i automatizuar n\u00eb vendimmarrje, duke p\u00ebrfshir\u00eb profilizimin<\/li><\/ul><p tabindex=\"0\"><a href=\"https:\/\/avmu.mk\/wp-content\/uploads\/2025\/07\/KERKESE-PER-QASJE-NE-TE-DHENA-PERSONALE.pdf\"><span tabindex=\"0\">K\u00ebrkes\u00eb p\u00ebr qasje n\u00eb t\u00eb dh\u00ebnat personale\u00a0<\/span><\/a><\/p><p tabindex=\"0\"><strong tabindex=\"0\">\u00a0<\/strong><\/p><ol start=\"6\"><li><strong tabindex=\"0\">E dreja p\u00ebr<\/strong><strong tabindex=\"0\">korrigjim<\/strong><\/li><\/ol><p tabindex=\"0\">Ju keni t\u00eb drejt\u00eb t\u00eb k\u00ebrkoni korrigjimin dhe plot\u00ebsimin e t\u00eb dh\u00ebnave tuaja personale. Ju mund ta realizoni k\u00ebt\u00eb t\u00eb drejt\u00eb n\u00eb rastet kur:<\/p><ul><li>mendoni se t\u00eb dh\u00ebnat tuaja personale jan\u00eb t\u00eb pasakta ose t\u00eb paplota<\/li><li>mendoni se t\u00eb dh\u00ebnat tuaja personale duhet t\u00eb plot\u00ebsohen n\u00eb m\u00ebnyr\u00eb q\u00eb t\u00eb p\u00ebrmbushet q\u00ebllimi p\u00ebr t\u00eb cilin ato p\u00ebrpunohen<\/li><\/ul><p tabindex=\"0\"><a href=\"https:\/\/avmu.mk\/wp-content\/uploads\/2025\/07\/KERKESE-PER-KORRIGJIM-TE-TE-DHENAVE-PERSONALE.pdf\"><span tabindex=\"0\">K\u00ebrkes\u00eb p\u00ebr korrigjim t\u00eb t\u00eb dh\u00ebnave personale\u00a0<\/span><\/a><\/p><ol start=\"7\"><li><strong tabindex=\"0\">E drejta p\u00ebr fshirje<\/strong><\/li><\/ol><p tabindex=\"0\">Ju keni t\u00eb drejt\u00eb t\u00eb k\u00ebrkoni q\u00eb Agjencia t\u00eb fshij\u00eb t\u00eb dh\u00ebnat tuaja personale n\u00eb rastet kur:<\/p><ul><li>mendoni se t\u00eb dh\u00ebnat tuaja personale nuk jan\u00eb m\u00eb t\u00eb nevojshme, p\u00ebrkat\u00ebsisht, q\u00ebllimet e p\u00ebrpunimit t\u00eb tyre tashm\u00eb jan\u00eb p\u00ebrmbushur<\/li><li>ju nuk jepni p\u00eblqimin q\u00eb t\u00eb p\u00ebrpunojm\u00eb t\u00eb dh\u00ebnat tuaja personale<\/li><li>keni paraqitur ankimim t\u00eb p\u00ebrpunimit t\u00eb t\u00eb dh\u00ebnave tuaja personale<\/li><li>mendoni se t\u00eb dh\u00ebnat tuaja personale jan\u00eb p\u00ebrpunuar n\u00eb m\u00ebnyr\u00eb t\u00eb paligjshme<\/li><li>jeni i \/e t\u00eb mitur, p\u00ebrfaq\u00ebsoni nj\u00eb t\u00eb mitur ose keni qen\u00eb i mitur n\u00eb momentin kur t\u00eb dh\u00ebnat e mia personale u mblodh\u00ebn fillimisht<\/li><\/ul><p tabindex=\"0\"><a href=\"https:\/\/avmu.mk\/wp-content\/uploads\/2025\/07\/KERKESE-PER-FSHIRJEN-E-TE-DHENAVE-PERSONALE.pdf\"><span tabindex=\"0\">K\u00ebrkes\u00eb p\u00ebr fshirjen e t\u00eb dh\u00ebnave personale\u00a0<\/span><\/a><\/p><ol start=\"8\"><li><strong tabindex=\"0\">E drejta p\u00ebr kufizimin e<\/strong><strong tabindex=\"0\">p\u00ebrpunimit<\/strong><\/li><\/ol><p tabindex=\"0\">Ju keni t\u00eb drejt\u00eb t\u00eb k\u00ebrkoni kufizimin (bllokimin) e p\u00ebrpunimit t\u00eb t\u00eb dh\u00ebnave tuaja personale. K\u00ebt\u00eb t\u00eb drejt\u00eb mund ta realizoni kur:<\/p><ul><li>ju kontestoni sakt\u00ebsin\u00eb e t\u00eb dh\u00ebnave tuaja personale<\/li><li>ju e konsideroni p\u00ebrpunimin e t\u00eb dh\u00ebnave tuaja personale si t\u00eb paligjsh\u00ebm<\/li><li>mendoni se t\u00eb dh\u00ebnat nuk jan\u00eb t\u00eb nevojshme p\u00ebr kontrolluesin, por ju nevojiten juve p\u00ebr t\u00eb p\u00ebrmbushur k\u00ebrkesa t\u00eb tjera ligjore<\/li><li>ju k\u00ebrkoni verifikim p\u00ebr at\u00eb q\u00eb interesat legjitime t\u00eb kontrolluesit mbizot\u00ebrojn\u00eb mbi interesat tuaja si subjekt i t\u00eb dh\u00ebnave personale<\/li><\/ul><p tabindex=\"0\"><a href=\"https:\/\/avmu.mk\/wp-content\/uploads\/2025\/07\/KERKESE-PER-KUFIZIMIN-E-PERPUNIMIT-TE-TE-DHENAVE-PERSONALE.pdf\"><span tabindex=\"0\">K\u00ebrkes\u00eb p\u00ebr kufizimin e p\u00ebrpunimit t\u00eb t\u00eb dh\u00ebnave personale\u00a0<\/span><\/a><\/p><ol start=\"9\"><li><strong tabindex=\"0\">E drejta p\u00ebr bartje<\/strong><\/li><\/ol><p tabindex=\"0\">Ju keni t\u00eb drejt\u00eb t\u00eb merrni t\u00eb dh\u00ebnat tuaja personale n\u00eb format t\u00eb strukturuar, zakonisht t\u00eb p\u00ebrdorur dhe format t\u00eb lexuesh\u00ebm nga makinat dhe t\u00eb k\u00ebrkoni q\u00eb t\u00eb nj\u00ebjtit t\u2019i barten nj\u00eb kontrolluesi tjet\u00ebr. Kjo e drejt\u00eb zbatohet p\u00ebr t\u00eb dh\u00ebnat personale q\u00eb:<\/p><ul><li>p\u00ebrpunohen n\u00eb baz\u00eb t\u00eb p\u00eblqimit ose marr\u00ebveshjes<\/li><li>p\u00ebrpunohen n\u00eb m\u00ebnyr\u00eb automatike<\/li><\/ul><p tabindex=\"0\"><a href=\"https:\/\/avmu.mk\/wp-content\/uploads\/2025\/07\/KERKESE-PER-BARTJE-TE-TE-DHENAVE-PERSONALE.pdf\"><span tabindex=\"0\">K\u00ebrkes\u00eb p\u00ebr bartjen e t\u00eb dh\u00ebnave tuaja personale\u00a0<\/span><\/a><\/p><ol start=\"10\"><li><strong tabindex=\"0\">E drejta p\u00ebr<\/strong><strong tabindex=\"0\">ankimim<\/strong><\/li><\/ol><p tabindex=\"0\">Ju keni t\u00eb drejt\u00eb t\u00eb paraqitni ankimim bazuar n\u00eb nj\u00eb situat\u00eb konkrete q\u00eb lidhet me p\u00ebrpunimin e t\u00eb dh\u00ebnave tuaja personale. Ankimimin mund ta paraqisni p\u00ebr p\u00ebrpunimin e t\u00eb dh\u00ebnave personale q\u00eb:<\/p><ul><li>bazohet n\u00eb interes publik ose legjitim, duke p\u00ebrfshir\u00eb dhe profilizimin<\/li><li>kryhet p\u00ebr q\u00ebllime t\u00eb marketingut t\u00eb drejtp\u00ebrdrejt\u00eb dhe profilizimit q\u00eb lidhen me marketingun e drejtp\u00ebrdrejt\u00eb<\/li><li>kryhet p\u00ebr q\u00ebllime k\u00ebrkimore shkencore ose historike ose p\u00ebr q\u00ebllime statistikore<\/li><\/ul><p tabindex=\"0\"><a href=\"https:\/\/avmu.mk\/wp-content\/uploads\/2025\/07\/KERKESE-PER-REALIZIMIN-E-TE-DREJTES-PER-ANKIMIM-KUNDER-PERPUNIMIN-TE-TE-DHENAVE-PERSONALE.pdf\"><span tabindex=\"0\">K\u00ebrkes\u00eb p\u00ebr paraqitje Ankimim\u00a0<\/span><\/a><\/p><ol start=\"11\"><li><strong tabindex=\"0\">P\u00ebrgjegj\u00ebsia dhe mbrojtja institucionale<\/strong><\/li><\/ol><p tabindex=\"0\">Agjencia implementon teknika t\u00eb p\u00ebrshtatshme dhe masa organizative p\u00ebr mbrojtjen e t\u00eb dh\u00ebnat personale, duke marr\u00eb parasysh natyr\u00ebn e tyre, fush\u00ebveprimin, kontekstin n\u00eb t\u00eb cilin ato p\u00ebrpunohen, q\u00ebllimet e p\u00ebrpunimit dhe rrezikun e privat\u00ebsis\u00eb q\u00eb mund t\u00eb rezultoj\u00eb nga p\u00ebrpunimi. Transparenca e pun\u00ebs s\u00eb Agjencis\u00eb n\u00eb kontekstin e mbrojtjes s\u00eb t\u00eb dh\u00ebnave personale demonstrohet edhe n\u00ebp\u00ebrmjet sistemit p\u00ebr realizimin e t\u00eb drejtave t\u00eb subjekteve t\u00eb t\u00eb dh\u00ebnave personale.<\/p><p tabindex=\"0\">Institucioni kompetent para t\u00eb cilit Agjencia p\u00ebr Sh\u00ebrbime Mediatike Audio dhe Audiovizuele \u00ebsht\u00eb p\u00ebrgjegj\u00ebse p\u00ebr zbatimin e sistemit p\u00ebr mbrojtjen e t\u00eb dh\u00ebnave personale \u00ebsht\u00eb Agjencia p\u00ebr mbrojtjen e t\u00eb dh\u00ebnave personale t\u00eb Republik\u00ebs s\u00eb Maqedonis\u00eb s\u00eb Veriut, bul.Goce Dell\u00e7ev \u00a0nr.18, Shkup, Republika e Maqedonis\u00eb s\u00eb Veriut,\u00a0<a href=\"http:\/\/www.privacy.mk\/\">www.privacy.mk\u00a0<\/a>.<\/p><ol start=\"12\"><li><strong tabindex=\"0\">Ndryshime n\u00eb Politik\u00ebn p\u00ebr privat\u00ebsi<\/strong><\/li><\/ol><p tabindex=\"0\">Me q\u00ebllim t\u00eb sigurimit t\u00eb mbrojtjes s\u00eb q\u00ebndrueshme t\u00eb t\u00eb dh\u00ebnave personale q\u00eb Agjencia i p\u00ebrpunon, dhe n\u00eb p\u00ebrputhje me ndryshimet ose plot\u00ebsimet e bazave ligjore p\u00ebr p\u00ebrpunim, Agjencia do t\u00eb kryej\u00eb p\u00ebrdit\u00ebsime t\u00eb her\u00ebpashershme t\u00eb k\u00ebsaj Politike p\u00ebr privat\u00ebsi.<\/p><p tabindex=\"0\">T\u00eb gjitha ndryshimet do t\u00eb publikohen rregullisht dhe leht\u00ebsisht t\u00eb disponueshme p\u00ebr subjektet e t\u00eb dh\u00ebnave personale.<\/p>\t\t\t\t\t\t\t\t<\/div>\n\t\t\t\t<\/div>\n\t\t\t\t\t<\/div>\n\t\t<\/div>\n\t\t\t\t\t<\/div>\n\t\t<\/section>\n\t\t\t\t<\/div>\n\t\t","protected":false},"excerpt":{"rendered":"<p>Politika p\u00ebr privat\u00ebsin\u00eb e t\u00eb dh\u00ebnave personale POLITIKA P\u00cbR PRIVAT\u00cbSI Agjencia p\u00ebr Sh\u00ebrbime Mediatike Audio dhe Audiovizuele (n\u00eb tekstin e m\u00ebtejm\u00eb: Agjencia) i kushton v\u00ebmendje t\u00eb ve\u00e7ant\u00eb mbrojtjes s\u00eb t\u00eb dh\u00ebnave personale n\u00eb t\u00eb gjitha proceset e funksionimit t\u00eb saj dhe siguron q\u00eb p\u00ebrpunimi i t\u00eb dh\u00ebnave personale t\u00eb subjekteve t\u00eb t\u00eb dh\u00ebnave personale (t\u00eb<\/p>\n","protected":false},"author":1,"featured_media":0,"parent":0,"menu_order":0,"comment_status":"closed","ping_status":"closed","template":"page-templates\/blocks.php","meta":{"footnotes":""},"class_list":["post-6461","page","type-page","status-publish"],"yoast_head":"<!-- This site is optimized with the Yoast SEO plugin v26.2 - https:\/\/yoast.com\/wordpress\/plugins\/seo\/ -->\n<title>POLITIKA P\u00cbR PRIVAT\u00cbSIN\u00cb E T\u00cb DH\u00cbNAVE PERSONALE - \u0418\u0437\u0431\u043e\u0440\u0435\u043d \u041a\u043e\u0434\u0435\u043a\u0441<\/title>\n<meta name=\"robots\" content=\"index, follow, max-snippet:-1, max-image-preview:large, max-video-preview:-1\" \/>\n<link rel=\"canonical\" href=\"https:\/\/izborenkodeksonline.mk\/sq\/politika-per-privatesine-e-te-dhenave-personale\/\" \/>\n<meta property=\"og:locale\" content=\"sq_AL\" \/>\n<meta property=\"og:type\" content=\"article\" \/>\n<meta property=\"og:title\" content=\"POLITIKA P\u00cbR PRIVAT\u00cbSIN\u00cb E T\u00cb DH\u00cbNAVE PERSONALE - \u0418\u0437\u0431\u043e\u0440\u0435\u043d \u041a\u043e\u0434\u0435\u043a\u0441\" \/>\n<meta property=\"og:description\" content=\"Politika p\u00ebr privat\u00ebsin\u00eb e t\u00eb dh\u00ebnave personale POLITIKA P\u00cbR PRIVAT\u00cbSI Agjencia p\u00ebr Sh\u00ebrbime Mediatike Audio dhe Audiovizuele (n\u00eb tekstin e m\u00ebtejm\u00eb: Agjencia) i kushton v\u00ebmendje t\u00eb ve\u00e7ant\u00eb mbrojtjes s\u00eb t\u00eb dh\u00ebnave personale n\u00eb t\u00eb gjitha proceset e funksionimit t\u00eb saj dhe siguron q\u00eb p\u00ebrpunimi i t\u00eb dh\u00ebnave personale t\u00eb subjekteve t\u00eb t\u00eb dh\u00ebnave personale (t\u00eb\" \/>\n<meta property=\"og:url\" content=\"https:\/\/izborenkodeksonline.mk\/sq\/politika-per-privatesine-e-te-dhenave-personale\/\" \/>\n<meta property=\"og:site_name\" content=\"\u0418\u0437\u0431\u043e\u0440\u0435\u043d \u041a\u043e\u0434\u0435\u043a\u0441\" \/>\n<meta property=\"article:publisher\" content=\"https:\/\/www.facebook.com\/profile.php?id=61580047805885\" \/>\n<meta property=\"article:modified_time\" content=\"2025-08-27T08:46:28+00:00\" \/>\n<meta name=\"twitter:card\" content=\"summary_large_image\" \/>\n<meta name=\"twitter:label1\" content=\"Est. reading time\" \/>\n\t<meta name=\"twitter:data1\" content=\"8 minutes\" \/>\n<script type=\"application\/ld+json\" class=\"yoast-schema-graph\">{\"@context\":\"https:\/\/schema.org\",\"@graph\":[{\"@type\":\"WebPage\",\"@id\":\"https:\/\/izborenkodeksonline.mk\/sq\/politika-per-privatesine-e-te-dhenave-personale\/\",\"url\":\"https:\/\/izborenkodeksonline.mk\/sq\/politika-per-privatesine-e-te-dhenave-personale\/\",\"name\":\"POLITIKA P\u00cbR PRIVAT\u00cbSIN\u00cb E T\u00cb DH\u00cbNAVE PERSONALE - \u0418\u0437\u0431\u043e\u0440\u0435\u043d \u041a\u043e\u0434\u0435\u043a\u0441\",\"isPartOf\":{\"@id\":\"https:\/\/izborenkodeksonline.mk\/#website\"},\"datePublished\":\"2023-09-10T13:49:25+00:00\",\"dateModified\":\"2025-08-27T08:46:28+00:00\",\"breadcrumb\":{\"@id\":\"https:\/\/izborenkodeksonline.mk\/sq\/politika-per-privatesine-e-te-dhenave-personale\/#breadcrumb\"},\"inLanguage\":\"sq-AL\",\"potentialAction\":[{\"@type\":\"ReadAction\",\"target\":[\"https:\/\/izborenkodeksonline.mk\/sq\/politika-per-privatesine-e-te-dhenave-personale\/\"]}]},{\"@type\":\"BreadcrumbList\",\"@id\":\"https:\/\/izborenkodeksonline.mk\/sq\/politika-per-privatesine-e-te-dhenave-personale\/#breadcrumb\",\"itemListElement\":[{\"@type\":\"ListItem\",\"position\":1,\"name\":\"Home\",\"item\":\"https:\/\/izborenkodeksonline.mk\/sq\/homepage\/\"},{\"@type\":\"ListItem\",\"position\":2,\"name\":\"POLITIKA P\u00cbR PRIVAT\u00cbSIN\u00cb E T\u00cb DH\u00cbNAVE PERSONALE\"}]},{\"@type\":\"WebSite\",\"@id\":\"https:\/\/izborenkodeksonline.mk\/#website\",\"url\":\"https:\/\/izborenkodeksonline.mk\/\",\"name\":\"\u0418\u0437\u0431\u043e\u0440\u0435\u043d \u041a\u043e\u0434\u0435\u043a\u0441\",\"description\":\"\u041e\u043d\u043b\u0438\u043d\u0435\",\"publisher\":{\"@id\":\"https:\/\/izborenkodeksonline.mk\/#organization\"},\"potentialAction\":[{\"@type\":\"SearchAction\",\"target\":{\"@type\":\"EntryPoint\",\"urlTemplate\":\"https:\/\/izborenkodeksonline.mk\/?s={search_term_string}\"},\"query-input\":{\"@type\":\"PropertyValueSpecification\",\"valueRequired\":true,\"valueName\":\"search_term_string\"}}],\"inLanguage\":\"sq-AL\"},{\"@type\":\"Organization\",\"@id\":\"https:\/\/izborenkodeksonline.mk\/#organization\",\"name\":\"\u0418\u0437\u0431\u043e\u0440\u0435\u043d \u041a\u043e\u0434\u0435\u043a\u0441\",\"url\":\"https:\/\/izborenkodeksonline.mk\/\",\"logo\":{\"@type\":\"ImageObject\",\"inLanguage\":\"sq-AL\",\"@id\":\"https:\/\/izborenkodeksonline.mk\/#\/schema\/logo\/image\/\",\"url\":\"https:\/\/izborenkodeksonline.mk\/wp-content\/uploads\/2023\/10\/cropped-ik_logo_mk2.png\",\"contentUrl\":\"https:\/\/izborenkodeksonline.mk\/wp-content\/uploads\/2023\/10\/cropped-ik_logo_mk2.png\",\"width\":512,\"height\":512,\"caption\":\"\u0418\u0437\u0431\u043e\u0440\u0435\u043d \u041a\u043e\u0434\u0435\u043a\u0441\"},\"image\":{\"@id\":\"https:\/\/izborenkodeksonline.mk\/#\/schema\/logo\/image\/\"},\"sameAs\":[\"https:\/\/www.facebook.com\/profile.php?id=61580047805885\",\"https:\/\/www.instagram.com\/izborenkodeksonline.mk\/\"]}]}<\/script>\n<!-- \/ Yoast SEO plugin. -->","yoast_head_json":{"title":"POLITIKA P\u00cbR PRIVAT\u00cbSIN\u00cb E T\u00cb DH\u00cbNAVE PERSONALE - \u0418\u0437\u0431\u043e\u0440\u0435\u043d \u041a\u043e\u0434\u0435\u043a\u0441","robots":{"index":"index","follow":"follow","max-snippet":"max-snippet:-1","max-image-preview":"max-image-preview:large","max-video-preview":"max-video-preview:-1"},"canonical":"https:\/\/izborenkodeksonline.mk\/sq\/politika-per-privatesine-e-te-dhenave-personale\/","og_locale":"sq_AL","og_type":"article","og_title":"POLITIKA P\u00cbR PRIVAT\u00cbSIN\u00cb E T\u00cb DH\u00cbNAVE PERSONALE - \u0418\u0437\u0431\u043e\u0440\u0435\u043d \u041a\u043e\u0434\u0435\u043a\u0441","og_description":"Politika p\u00ebr privat\u00ebsin\u00eb e t\u00eb dh\u00ebnave personale POLITIKA P\u00cbR PRIVAT\u00cbSI Agjencia p\u00ebr Sh\u00ebrbime Mediatike Audio dhe Audiovizuele (n\u00eb tekstin e m\u00ebtejm\u00eb: Agjencia) i kushton v\u00ebmendje t\u00eb ve\u00e7ant\u00eb mbrojtjes s\u00eb t\u00eb dh\u00ebnave personale n\u00eb t\u00eb gjitha proceset e funksionimit t\u00eb saj dhe siguron q\u00eb p\u00ebrpunimi i t\u00eb dh\u00ebnave personale t\u00eb subjekteve t\u00eb t\u00eb dh\u00ebnave personale (t\u00eb","og_url":"https:\/\/izborenkodeksonline.mk\/sq\/politika-per-privatesine-e-te-dhenave-personale\/","og_site_name":"\u0418\u0437\u0431\u043e\u0440\u0435\u043d \u041a\u043e\u0434\u0435\u043a\u0441","article_publisher":"https:\/\/www.facebook.com\/profile.php?id=61580047805885","article_modified_time":"2025-08-27T08:46:28+00:00","twitter_card":"summary_large_image","twitter_misc":{"Est. reading time":"8 minutes"},"schema":{"@context":"https:\/\/schema.org","@graph":[{"@type":"WebPage","@id":"https:\/\/izborenkodeksonline.mk\/sq\/politika-per-privatesine-e-te-dhenave-personale\/","url":"https:\/\/izborenkodeksonline.mk\/sq\/politika-per-privatesine-e-te-dhenave-personale\/","name":"POLITIKA P\u00cbR PRIVAT\u00cbSIN\u00cb E T\u00cb DH\u00cbNAVE PERSONALE - \u0418\u0437\u0431\u043e\u0440\u0435\u043d \u041a\u043e\u0434\u0435\u043a\u0441","isPartOf":{"@id":"https:\/\/izborenkodeksonline.mk\/#website"},"datePublished":"2023-09-10T13:49:25+00:00","dateModified":"2025-08-27T08:46:28+00:00","breadcrumb":{"@id":"https:\/\/izborenkodeksonline.mk\/sq\/politika-per-privatesine-e-te-dhenave-personale\/#breadcrumb"},"inLanguage":"sq-AL","potentialAction":[{"@type":"ReadAction","target":["https:\/\/izborenkodeksonline.mk\/sq\/politika-per-privatesine-e-te-dhenave-personale\/"]}]},{"@type":"BreadcrumbList","@id":"https:\/\/izborenkodeksonline.mk\/sq\/politika-per-privatesine-e-te-dhenave-personale\/#breadcrumb","itemListElement":[{"@type":"ListItem","position":1,"name":"Home","item":"https:\/\/izborenkodeksonline.mk\/sq\/homepage\/"},{"@type":"ListItem","position":2,"name":"POLITIKA P\u00cbR PRIVAT\u00cbSIN\u00cb E T\u00cb DH\u00cbNAVE PERSONALE"}]},{"@type":"WebSite","@id":"https:\/\/izborenkodeksonline.mk\/#website","url":"https:\/\/izborenkodeksonline.mk\/","name":"\u0418\u0437\u0431\u043e\u0440\u0435\u043d \u041a\u043e\u0434\u0435\u043a\u0441","description":"\u041e\u043d\u043b\u0438\u043d\u0435","publisher":{"@id":"https:\/\/izborenkodeksonline.mk\/#organization"},"potentialAction":[{"@type":"SearchAction","target":{"@type":"EntryPoint","urlTemplate":"https:\/\/izborenkodeksonline.mk\/?s={search_term_string}"},"query-input":{"@type":"PropertyValueSpecification","valueRequired":true,"valueName":"search_term_string"}}],"inLanguage":"sq-AL"},{"@type":"Organization","@id":"https:\/\/izborenkodeksonline.mk\/#organization","name":"\u0418\u0437\u0431\u043e\u0440\u0435\u043d \u041a\u043e\u0434\u0435\u043a\u0441","url":"https:\/\/izborenkodeksonline.mk\/","logo":{"@type":"ImageObject","inLanguage":"sq-AL","@id":"https:\/\/izborenkodeksonline.mk\/#\/schema\/logo\/image\/","url":"https:\/\/izborenkodeksonline.mk\/wp-content\/uploads\/2023\/10\/cropped-ik_logo_mk2.png","contentUrl":"https:\/\/izborenkodeksonline.mk\/wp-content\/uploads\/2023\/10\/cropped-ik_logo_mk2.png","width":512,"height":512,"caption":"\u0418\u0437\u0431\u043e\u0440\u0435\u043d \u041a\u043e\u0434\u0435\u043a\u0441"},"image":{"@id":"https:\/\/izborenkodeksonline.mk\/#\/schema\/logo\/image\/"},"sameAs":["https:\/\/www.facebook.com\/profile.php?id=61580047805885","https:\/\/www.instagram.com\/izborenkodeksonline.mk\/"]}]}},"_links":{"self":[{"href":"https:\/\/izborenkodeksonline.mk\/sq\/wp-json\/wp\/v2\/pages\/6461","targetHints":{"allow":["GET"]}}],"collection":[{"href":"https:\/\/izborenkodeksonline.mk\/sq\/wp-json\/wp\/v2\/pages"}],"about":[{"href":"https:\/\/izborenkodeksonline.mk\/sq\/wp-json\/wp\/v2\/types\/page"}],"author":[{"embeddable":true,"href":"https:\/\/izborenkodeksonline.mk\/sq\/wp-json\/wp\/v2\/users\/1"}],"replies":[{"embeddable":true,"href":"https:\/\/izborenkodeksonline.mk\/sq\/wp-json\/wp\/v2\/comments?post=6461"}],"version-history":[{"count":25,"href":"https:\/\/izborenkodeksonline.mk\/sq\/wp-json\/wp\/v2\/pages\/6461\/revisions"}],"predecessor-version":[{"id":8759,"href":"https:\/\/izborenkodeksonline.mk\/sq\/wp-json\/wp\/v2\/pages\/6461\/revisions\/8759"}],"wp:attachment":[{"href":"https:\/\/izborenkodeksonline.mk\/sq\/wp-json\/wp\/v2\/media?parent=6461"}],"curies":[{"name":"wp","href":"https:\/\/api.w.org\/{rel}","templated":true}]}}