{"id":6448,"date":"2023-09-10T13:50:05","date_gmt":"2023-09-10T13:50:05","guid":{"rendered":"http:\/\/izboren.fadom.mk\/?page_id=6448"},"modified":"2023-10-07T19:10:11","modified_gmt":"2023-10-07T19:10:11","slug":"politika-per-perdorimin-e-cookies","status":"publish","type":"page","link":"https:\/\/izborenkodeksonline.mk\/sq\/politika-per-perdorimin-e-cookies\/","title":{"rendered":"POLITIKA P\u00cbR P\u00cbRDORIMIN E COOKIES"},"content":{"rendered":"\t\t<div data-elementor-type=\"wp-page\" data-elementor-id=\"6448\" class=\"elementor elementor-6448 elementor-6258\" data-elementor-post-type=\"page\">\n\t\t\t\t\t\t<section class=\"has-el-gap el-gap-default elementor-section elementor-top-section elementor-element elementor-element-a009183 elementor-section-boxed elementor-section-height-default elementor-section-height-default\" data-id=\"a009183\" data-element_type=\"section\">\n\t\t\t\t\t\t<div class=\"elementor-container elementor-column-gap-no\">\n\t\t\t\t\t<div class=\"elementor-column elementor-col-100 elementor-top-column elementor-element elementor-element-f95265b\" data-id=\"f95265b\" data-element_type=\"column\">\n\t\t\t<div class=\"elementor-widget-wrap\">\n\t\t\t\t\t\t\t<\/div>\n\t\t<\/div>\n\t\t\t\t\t<\/div>\n\t\t<\/section>\n\t\t\t\t<section class=\"has-el-gap el-gap-default elementor-section elementor-top-section elementor-element elementor-element-7436755 elementor-section-boxed elementor-section-height-default elementor-section-height-default\" data-id=\"7436755\" data-element_type=\"section\">\n\t\t\t\t\t\t<div class=\"elementor-container elementor-column-gap-no\">\n\t\t\t\t\t<div class=\"elementor-column elementor-col-100 elementor-top-column elementor-element elementor-element-c7a2f8b\" data-id=\"c7a2f8b\" data-element_type=\"column\">\n\t\t\t<div class=\"elementor-widget-wrap elementor-element-populated\">\n\t\t\t\t\t\t<div class=\"elementor-element elementor-element-de29ed3 elementor-widget elementor-widget-text-editor\" data-id=\"de29ed3\" data-element_type=\"widget\" data-widget_type=\"text-editor.default\">\n\t\t\t\t<div class=\"elementor-widget-container\">\n\t\t\t\t\t\t\t\t\t<p><strong>\u00c7far lloj t\u00eb cookies p\u00ebrdorim?<\/strong><\/p><p>\u201e Cookies jan\u00eb skedar\u00eb tekstesh t\u00eb vogla q\u00eb vendosen dhe ruhen n\u00eb kompjuterin, celularin tuaj \u2013 ose n\u00eb \u00e7do pajisje tjet\u00ebr t\u00eb dizejnuar p\u00ebr t\u00eb hyr\u00eb n\u00eb internet kur vizitoni nj\u00eb faqe interneti. N\u00eb ueb faqe ka vet\u00ebm ashtu lloj t\u00eb cookies q\u00eb zhduken \u00eb internet shfletuesin, p\u00ebr dallim nga ato q\u00eb mund t\u00eb jesin t\u00eb ruajtura n\u00eb kumpjuterin tuaj nj\u00eb periudh\u00eb t\u00eb gjat\u00eb.<\/p><p><strong>P\u00ebr \u00e7ka p\u00ebrdorim \u201ecookies\u201c?<\/strong><\/p><p>Me ndihm\u00ebn e k\u00ebtyre skedar\u00ebve ndiqet l\u00ebvizjen e ndjek\u00ebsve t\u00eb ueb faqes dhe mk\u00ebt\u00eb m\u00ebnyr\u00eb mbledh informacione p\u00ebr ta p\u00ebrmirsuar p\u00ebrvoj\u00ebn e shfryt\u00ebzimit dhe ta optimizoj\u00eb dhe ta \u00e7oj\u00eb\u00eb p\u00ebrpara funksionimin e ueb faqes.<\/p><p><strong>Cilat informacione i mledhim?<\/strong><\/p><p>Gjat\u00eb vizit\u00ebs s\u00eb ueb faqes, duke mar\u00eb parasysh\u00eb natyren e internetit, mblidhen t\u00eb dh\u00ebna t\u00eb cilat i evidentojn\u00eb shfryt\u00ebzueit, por vet\u00eb nuk jan\u00eb t\u00eb mjaftueshm p\u00ebr t\u00eb identifikuar nj\u00eb person t\u00eb caktuar dhe p\u00ebr t\u00eb p\u00ebrfaq\u00ebsuar treguesit statistikor\u00eb q\u00eb p\u00ebrdoren p\u00ebr t\u00eb p\u00ebrmir\u00ebsuar cil\u00ebsin\u00eb e faqes s\u00eb internetit. Informacionet e tilla mund t\u00eb p\u00ebrfshijn\u00eb emrin e shfletuesit t\u00eb internetit, numrin e vizitave, koh\u00ebn mesatare t\u00eb shpenzuar n\u00eb faqe, llojin e pajisjes dhe informacionin teknik p\u00ebr lidhjen e p\u00ebrdorur nga p\u00ebrdoruesi gjat\u00eb vizit\u00ebs n\u00eb vend, si\u00e7 \u00ebsht\u00eb sistemi operativ dhe furnizuesi i Sh\u00ebrbimi i Internetit, IP (Internet Protocol) adresat q\u00eb jan\u00eb caktuar nga ISP-t\u00eb dhe jan\u00eb t\u00eb ndryshme p\u00ebr secilin p\u00ebrdorues t\u00eb internetit dhe informacione t\u00eb ngjashme.<\/p><p><strong>Pranimi i kushteve<\/strong><\/p><p>P\u00ebrdoruesi n\u00eb ueb faqe ka mund\u00ebsi ta pajtohet me shfryt\u00ebzimin e cookies ose ta kund\u00ebrshton t\u00eb njejt\u00ebn.\u00a0 Me shfryt\u00ebzimin e cookies shfryt\u00ebzuesi pajtohet me dispozitat e k\u00ebsaj politike p\u00ebr cookie. Shfryt\u00ebzimi i juaj n\u00eb\u00a0 kontinuitet i ueb faqes duke i ndjekur ndryshimet e k\u00ebsaj politike do t\u00eb do t\u00eb meret parasysh\u00eb p\u00ebr pranimin tuaj t\u00eb ndryshimeve t\u00eb dh\u00ebna.<\/p><p>P\u00ebrdit\u00ebsuar: \u0422etor 2023<\/p>\t\t\t\t\t\t\t\t<\/div>\n\t\t\t\t<\/div>\n\t\t\t\t\t<\/div>\n\t\t<\/div>\n\t\t\t\t\t<\/div>\n\t\t<\/section>\n\t\t\t\t<\/div>\n\t\t","protected":false},"excerpt":{"rendered":"<p>\u00c7far lloj t\u00eb cookies p\u00ebrdorim? \u201e Cookies jan\u00eb skedar\u00eb tekstesh t\u00eb vogla q\u00eb vendosen dhe ruhen n\u00eb kompjuterin, celularin tuaj \u2013 ose n\u00eb \u00e7do pajisje tjet\u00ebr t\u00eb dizejnuar p\u00ebr t\u00eb hyr\u00eb n\u00eb internet kur vizitoni nj\u00eb faqe interneti. N\u00eb ueb faqe ka vet\u00ebm ashtu lloj t\u00eb cookies q\u00eb zhduken \u00eb internet shfletuesin, p\u00ebr dallim nga<\/p>\n","protected":false},"author":1,"featured_media":0,"parent":0,"menu_order":0,"comment_status":"closed","ping_status":"closed","template":"page-templates\/blocks.php","meta":{"footnotes":""},"class_list":["post-6448","page","type-page","status-publish"],"yoast_head":"<!-- This site is optimized with the Yoast SEO plugin v26.2 - https:\/\/yoast.com\/wordpress\/plugins\/seo\/ -->\n<title>POLITIKA P\u00cbR P\u00cbRDORIMIN E COOKIES - \u0418\u0437\u0431\u043e\u0440\u0435\u043d \u041a\u043e\u0434\u0435\u043a\u0441<\/title>\n<meta name=\"robots\" content=\"index, follow, max-snippet:-1, max-image-preview:large, max-video-preview:-1\" \/>\n<link rel=\"canonical\" href=\"https:\/\/izborenkodeksonline.mk\/sq\/politika-per-perdorimin-e-cookies\/\" \/>\n<meta property=\"og:locale\" content=\"sq_AL\" \/>\n<meta property=\"og:type\" content=\"article\" \/>\n<meta property=\"og:title\" content=\"POLITIKA P\u00cbR P\u00cbRDORIMIN E COOKIES - \u0418\u0437\u0431\u043e\u0440\u0435\u043d \u041a\u043e\u0434\u0435\u043a\u0441\" \/>\n<meta property=\"og:description\" content=\"\u00c7far lloj t\u00eb cookies p\u00ebrdorim? \u201e Cookies jan\u00eb skedar\u00eb tekstesh t\u00eb vogla q\u00eb vendosen dhe ruhen n\u00eb kompjuterin, celularin tuaj \u2013 ose n\u00eb \u00e7do pajisje tjet\u00ebr t\u00eb dizejnuar p\u00ebr t\u00eb hyr\u00eb n\u00eb internet kur vizitoni nj\u00eb faqe interneti. N\u00eb ueb faqe ka vet\u00ebm ashtu lloj t\u00eb cookies q\u00eb zhduken \u00eb internet shfletuesin, p\u00ebr dallim nga\" \/>\n<meta property=\"og:url\" content=\"https:\/\/izborenkodeksonline.mk\/sq\/politika-per-perdorimin-e-cookies\/\" \/>\n<meta property=\"og:site_name\" content=\"\u0418\u0437\u0431\u043e\u0440\u0435\u043d \u041a\u043e\u0434\u0435\u043a\u0441\" \/>\n<meta property=\"article:publisher\" content=\"https:\/\/www.facebook.com\/profile.php?id=61580047805885\" \/>\n<meta property=\"article:modified_time\" content=\"2023-10-07T19:10:11+00:00\" \/>\n<meta name=\"twitter:card\" content=\"summary_large_image\" \/>\n<meta name=\"twitter:label1\" content=\"Est. reading time\" \/>\n\t<meta name=\"twitter:data1\" content=\"2 minutes\" \/>\n<script type=\"application\/ld+json\" class=\"yoast-schema-graph\">{\"@context\":\"https:\/\/schema.org\",\"@graph\":[{\"@type\":\"WebPage\",\"@id\":\"https:\/\/izborenkodeksonline.mk\/sq\/politika-per-perdorimin-e-cookies\/\",\"url\":\"https:\/\/izborenkodeksonline.mk\/sq\/politika-per-perdorimin-e-cookies\/\",\"name\":\"POLITIKA P\u00cbR P\u00cbRDORIMIN E COOKIES - \u0418\u0437\u0431\u043e\u0440\u0435\u043d \u041a\u043e\u0434\u0435\u043a\u0441\",\"isPartOf\":{\"@id\":\"https:\/\/izborenkodeksonline.mk\/#website\"},\"datePublished\":\"2023-09-10T13:50:05+00:00\",\"dateModified\":\"2023-10-07T19:10:11+00:00\",\"breadcrumb\":{\"@id\":\"https:\/\/izborenkodeksonline.mk\/sq\/politika-per-perdorimin-e-cookies\/#breadcrumb\"},\"inLanguage\":\"sq-AL\",\"potentialAction\":[{\"@type\":\"ReadAction\",\"target\":[\"https:\/\/izborenkodeksonline.mk\/sq\/politika-per-perdorimin-e-cookies\/\"]}]},{\"@type\":\"BreadcrumbList\",\"@id\":\"https:\/\/izborenkodeksonline.mk\/sq\/politika-per-perdorimin-e-cookies\/#breadcrumb\",\"itemListElement\":[{\"@type\":\"ListItem\",\"position\":1,\"name\":\"Home\",\"item\":\"https:\/\/izborenkodeksonline.mk\/sq\/homepage\/\"},{\"@type\":\"ListItem\",\"position\":2,\"name\":\"POLITIKA P\u00cbR P\u00cbRDORIMIN E COOKIES\"}]},{\"@type\":\"WebSite\",\"@id\":\"https:\/\/izborenkodeksonline.mk\/#website\",\"url\":\"https:\/\/izborenkodeksonline.mk\/\",\"name\":\"\u0418\u0437\u0431\u043e\u0440\u0435\u043d \u041a\u043e\u0434\u0435\u043a\u0441\",\"description\":\"\u041e\u043d\u043b\u0438\u043d\u0435\",\"publisher\":{\"@id\":\"https:\/\/izborenkodeksonline.mk\/#organization\"},\"potentialAction\":[{\"@type\":\"SearchAction\",\"target\":{\"@type\":\"EntryPoint\",\"urlTemplate\":\"https:\/\/izborenkodeksonline.mk\/?s={search_term_string}\"},\"query-input\":{\"@type\":\"PropertyValueSpecification\",\"valueRequired\":true,\"valueName\":\"search_term_string\"}}],\"inLanguage\":\"sq-AL\"},{\"@type\":\"Organization\",\"@id\":\"https:\/\/izborenkodeksonline.mk\/#organization\",\"name\":\"\u0418\u0437\u0431\u043e\u0440\u0435\u043d \u041a\u043e\u0434\u0435\u043a\u0441\",\"url\":\"https:\/\/izborenkodeksonline.mk\/\",\"logo\":{\"@type\":\"ImageObject\",\"inLanguage\":\"sq-AL\",\"@id\":\"https:\/\/izborenkodeksonline.mk\/#\/schema\/logo\/image\/\",\"url\":\"https:\/\/izborenkodeksonline.mk\/wp-content\/uploads\/2023\/10\/cropped-ik_logo_mk2.png\",\"contentUrl\":\"https:\/\/izborenkodeksonline.mk\/wp-content\/uploads\/2023\/10\/cropped-ik_logo_mk2.png\",\"width\":512,\"height\":512,\"caption\":\"\u0418\u0437\u0431\u043e\u0440\u0435\u043d \u041a\u043e\u0434\u0435\u043a\u0441\"},\"image\":{\"@id\":\"https:\/\/izborenkodeksonline.mk\/#\/schema\/logo\/image\/\"},\"sameAs\":[\"https:\/\/www.facebook.com\/profile.php?id=61580047805885\",\"https:\/\/www.instagram.com\/izborenkodeksonline.mk\/\"]}]}<\/script>\n<!-- \/ Yoast SEO plugin. -->","yoast_head_json":{"title":"POLITIKA P\u00cbR P\u00cbRDORIMIN E COOKIES - \u0418\u0437\u0431\u043e\u0440\u0435\u043d \u041a\u043e\u0434\u0435\u043a\u0441","robots":{"index":"index","follow":"follow","max-snippet":"max-snippet:-1","max-image-preview":"max-image-preview:large","max-video-preview":"max-video-preview:-1"},"canonical":"https:\/\/izborenkodeksonline.mk\/sq\/politika-per-perdorimin-e-cookies\/","og_locale":"sq_AL","og_type":"article","og_title":"POLITIKA P\u00cbR P\u00cbRDORIMIN E COOKIES - \u0418\u0437\u0431\u043e\u0440\u0435\u043d \u041a\u043e\u0434\u0435\u043a\u0441","og_description":"\u00c7far lloj t\u00eb cookies p\u00ebrdorim? \u201e Cookies jan\u00eb skedar\u00eb tekstesh t\u00eb vogla q\u00eb vendosen dhe ruhen n\u00eb kompjuterin, celularin tuaj \u2013 ose n\u00eb \u00e7do pajisje tjet\u00ebr t\u00eb dizejnuar p\u00ebr t\u00eb hyr\u00eb n\u00eb internet kur vizitoni nj\u00eb faqe interneti. N\u00eb ueb faqe ka vet\u00ebm ashtu lloj t\u00eb cookies q\u00eb zhduken \u00eb internet shfletuesin, p\u00ebr dallim nga","og_url":"https:\/\/izborenkodeksonline.mk\/sq\/politika-per-perdorimin-e-cookies\/","og_site_name":"\u0418\u0437\u0431\u043e\u0440\u0435\u043d \u041a\u043e\u0434\u0435\u043a\u0441","article_publisher":"https:\/\/www.facebook.com\/profile.php?id=61580047805885","article_modified_time":"2023-10-07T19:10:11+00:00","twitter_card":"summary_large_image","twitter_misc":{"Est. reading time":"2 minutes"},"schema":{"@context":"https:\/\/schema.org","@graph":[{"@type":"WebPage","@id":"https:\/\/izborenkodeksonline.mk\/sq\/politika-per-perdorimin-e-cookies\/","url":"https:\/\/izborenkodeksonline.mk\/sq\/politika-per-perdorimin-e-cookies\/","name":"POLITIKA P\u00cbR P\u00cbRDORIMIN E COOKIES - \u0418\u0437\u0431\u043e\u0440\u0435\u043d \u041a\u043e\u0434\u0435\u043a\u0441","isPartOf":{"@id":"https:\/\/izborenkodeksonline.mk\/#website"},"datePublished":"2023-09-10T13:50:05+00:00","dateModified":"2023-10-07T19:10:11+00:00","breadcrumb":{"@id":"https:\/\/izborenkodeksonline.mk\/sq\/politika-per-perdorimin-e-cookies\/#breadcrumb"},"inLanguage":"sq-AL","potentialAction":[{"@type":"ReadAction","target":["https:\/\/izborenkodeksonline.mk\/sq\/politika-per-perdorimin-e-cookies\/"]}]},{"@type":"BreadcrumbList","@id":"https:\/\/izborenkodeksonline.mk\/sq\/politika-per-perdorimin-e-cookies\/#breadcrumb","itemListElement":[{"@type":"ListItem","position":1,"name":"Home","item":"https:\/\/izborenkodeksonline.mk\/sq\/homepage\/"},{"@type":"ListItem","position":2,"name":"POLITIKA P\u00cbR P\u00cbRDORIMIN E COOKIES"}]},{"@type":"WebSite","@id":"https:\/\/izborenkodeksonline.mk\/#website","url":"https:\/\/izborenkodeksonline.mk\/","name":"\u0418\u0437\u0431\u043e\u0440\u0435\u043d \u041a\u043e\u0434\u0435\u043a\u0441","description":"\u041e\u043d\u043b\u0438\u043d\u0435","publisher":{"@id":"https:\/\/izborenkodeksonline.mk\/#organization"},"potentialAction":[{"@type":"SearchAction","target":{"@type":"EntryPoint","urlTemplate":"https:\/\/izborenkodeksonline.mk\/?s={search_term_string}"},"query-input":{"@type":"PropertyValueSpecification","valueRequired":true,"valueName":"search_term_string"}}],"inLanguage":"sq-AL"},{"@type":"Organization","@id":"https:\/\/izborenkodeksonline.mk\/#organization","name":"\u0418\u0437\u0431\u043e\u0440\u0435\u043d \u041a\u043e\u0434\u0435\u043a\u0441","url":"https:\/\/izborenkodeksonline.mk\/","logo":{"@type":"ImageObject","inLanguage":"sq-AL","@id":"https:\/\/izborenkodeksonline.mk\/#\/schema\/logo\/image\/","url":"https:\/\/izborenkodeksonline.mk\/wp-content\/uploads\/2023\/10\/cropped-ik_logo_mk2.png","contentUrl":"https:\/\/izborenkodeksonline.mk\/wp-content\/uploads\/2023\/10\/cropped-ik_logo_mk2.png","width":512,"height":512,"caption":"\u0418\u0437\u0431\u043e\u0440\u0435\u043d \u041a\u043e\u0434\u0435\u043a\u0441"},"image":{"@id":"https:\/\/izborenkodeksonline.mk\/#\/schema\/logo\/image\/"},"sameAs":["https:\/\/www.facebook.com\/profile.php?id=61580047805885","https:\/\/www.instagram.com\/izborenkodeksonline.mk\/"]}]}},"_links":{"self":[{"href":"https:\/\/izborenkodeksonline.mk\/sq\/wp-json\/wp\/v2\/pages\/6448","targetHints":{"allow":["GET"]}}],"collection":[{"href":"https:\/\/izborenkodeksonline.mk\/sq\/wp-json\/wp\/v2\/pages"}],"about":[{"href":"https:\/\/izborenkodeksonline.mk\/sq\/wp-json\/wp\/v2\/types\/page"}],"author":[{"embeddable":true,"href":"https:\/\/izborenkodeksonline.mk\/sq\/wp-json\/wp\/v2\/users\/1"}],"replies":[{"embeddable":true,"href":"https:\/\/izborenkodeksonline.mk\/sq\/wp-json\/wp\/v2\/comments?post=6448"}],"version-history":[{"count":7,"href":"https:\/\/izborenkodeksonline.mk\/sq\/wp-json\/wp\/v2\/pages\/6448\/revisions"}],"predecessor-version":[{"id":7581,"href":"https:\/\/izborenkodeksonline.mk\/sq\/wp-json\/wp\/v2\/pages\/6448\/revisions\/7581"}],"wp:attachment":[{"href":"https:\/\/izborenkodeksonline.mk\/sq\/wp-json\/wp\/v2\/media?parent=6448"}],"curies":[{"name":"wp","href":"https:\/\/api.w.org\/{rel}","templated":true}]}}