{"id":6354,"date":"2023-09-10T15:12:10","date_gmt":"2023-09-10T15:12:10","guid":{"rendered":"http:\/\/izboren.fadom.mk\/?page_id=6354"},"modified":"2023-10-07T16:29:32","modified_gmt":"2023-10-07T16:29:32","slug":"parashtro-parashtrese","status":"publish","type":"page","link":"https:\/\/izborenkodeksonline.mk\/sq\/parashtro-parashtrese\/","title":{"rendered":"Parashtro parashtres\u00eb"},"content":{"rendered":"\t\t<div data-elementor-type=\"wp-page\" data-elementor-id=\"6354\" class=\"elementor elementor-6354 elementor-6339\" data-elementor-post-type=\"page\">\n\t\t\t\t\t\t<section class=\"has-el-gap el-gap-default elementor-section elementor-top-section elementor-element elementor-element-d94a8f4 elementor-section-boxed elementor-section-height-default elementor-section-height-default\" data-id=\"d94a8f4\" data-element_type=\"section\">\n\t\t\t\t\t\t<div class=\"elementor-container elementor-column-gap-no\">\n\t\t\t\t\t<div class=\"elementor-column elementor-col-100 elementor-top-column elementor-element elementor-element-0a82ba1\" data-id=\"0a82ba1\" data-element_type=\"column\">\n\t\t\t<div class=\"elementor-widget-wrap elementor-element-populated\">\n\t\t\t\t\t\t<div class=\"elementor-element elementor-element-384701c elementor-widget elementor-widget-text-editor\" data-id=\"384701c\" data-element_type=\"widget\" data-widget_type=\"text-editor.default\">\n\t\t\t\t<div class=\"elementor-widget-container\">\n\t\t\t\t\t\t\t\t\t<p><strong>PARASHTRO PARASHTRES\u00cb<\/strong><\/p><p><strong>KUSH MUND T\u00cb PARASHTROJ PARASHTRES\u00cb<\/strong><\/p><p>\u00c7do qytetar apo person juridik mund t\u00eb paraqes\u00eb parashtres\u00eb pran\u00eb Trupit Koordinues n\u00ebse mendon se parimet dhe standardet e parashikuara n\u00eb Kodin e Sjelljes n\u00eb hap\u00ebsir\u00ebn online gjat\u00eb proceseve zgjedhore dhe referendumeve nuk respektohen nga partit\u00eb politike, kandidat\u00ebt e tyre, kandidat\u00ebt e pavarur, publikimet e transmetuesve n\u00eb internet, mediave online, verifikuesve t\u00eb fakteve, ndikuesve dhe subjekteve t\u00eb tjera q\u00eb mund t\u00eb ndikojn\u00eb publikun gjat\u00eb fushat\u00ebs gjat\u00eb zgjedhjeve ose referendumeve.<\/p><p><strong>P\u00cbR \u00c7FAR MUND T\u00cb PARASHTROHET PARASHTRES\u00cb <\/strong><\/p><p>Parashtresa mund t\u00eb b\u00ebhet n\u00eb lidhje me gjuh\u00ebn e urrejtjes, p\u00ebrhapjen e dezinformatave (t\u00eb pasakta, jo t\u00eb plota, t\u00eb rreme ose keqdash\u00ebse), diskriminimin mbi \u00e7do baz\u00eb, munges\u00ebn e transparenc\u00ebs s\u00eb reklamave politike dhe financimit t\u00eb saj, p\u00ebrdorimin joetik t\u00eb mediave sociale dhe profileve zyrtare t\u00eb mediave sociale, respektim t\u00eb rregullave t\u00eb heshtjes zgjedhore (m\u00eb shum\u00eb detaje gjenden n\u00eb Kodin)<\/p><p><a href=\"\/wp-content\/uploads\/2023\/09\/AL-\u041e\u0431\u0440\u0430\u0437\u0435\u0446-\u0437\u0430-\u043f\u0440\u0435\u0442\u0441\u0442\u0430\u0432\u043a\u0430.doc\" target=\"_blank\" rel=\"noopener\"><span style=\"color: #ff0000;\"><strong>\u21d3 FORMULAR P\u00cbR PARASHTRES\u00cb<\/strong><\/span><\/a>\u00a0<\/p><p><strong>E-POST\u00cb P\u00cbR PARASHTRIMIN E PARASHTRESAVE:<\/strong><\/p><p><strong style=\"font-size: 14px; color: var(--c-contrast-800);\"><span style=\"font-family: 'Public Sans', system-ui, sans-serif; font-size: 16px; color: var(--body-color, var(--c-contrast-700));\">koordinativnotelozaizbori@avmu.mk<\/span><\/strong><\/p>\t\t\t\t\t\t\t\t<\/div>\n\t\t\t\t<\/div>\n\t\t\t\t\t<\/div>\n\t\t<\/div>\n\t\t\t\t\t<\/div>\n\t\t<\/section>\n\t\t\t\t<\/div>\n\t\t","protected":false},"excerpt":{"rendered":"<p>PARASHTRO PARASHTRES\u00cb KUSH MUND T\u00cb PARASHTROJ PARASHTRES\u00cb \u00c7do qytetar apo person juridik mund t\u00eb paraqes\u00eb parashtres\u00eb pran\u00eb Trupit Koordinues n\u00ebse mendon se parimet dhe standardet e parashikuara n\u00eb Kodin e Sjelljes n\u00eb hap\u00ebsir\u00ebn online gjat\u00eb proceseve zgjedhore dhe referendumeve nuk respektohen nga partit\u00eb politike, kandidat\u00ebt e tyre, kandidat\u00ebt e pavarur, publikimet e transmetuesve n\u00eb internet,<\/p>\n","protected":false},"author":1,"featured_media":0,"parent":0,"menu_order":0,"comment_status":"closed","ping_status":"closed","template":"page-templates\/blocks.php","meta":{"footnotes":""},"class_list":["post-6354","page","type-page","status-publish"],"yoast_head":"<!-- This site is optimized with the Yoast SEO plugin v26.2 - https:\/\/yoast.com\/wordpress\/plugins\/seo\/ -->\n<title>Parashtro parashtres\u00eb - \u0418\u0437\u0431\u043e\u0440\u0435\u043d \u041a\u043e\u0434\u0435\u043a\u0441<\/title>\n<meta name=\"robots\" content=\"index, follow, max-snippet:-1, max-image-preview:large, max-video-preview:-1\" \/>\n<link rel=\"canonical\" href=\"https:\/\/izborenkodeksonline.mk\/sq\/parashtro-parashtrese\/\" \/>\n<meta property=\"og:locale\" content=\"sq_AL\" \/>\n<meta property=\"og:type\" content=\"article\" \/>\n<meta property=\"og:title\" content=\"Parashtro parashtres\u00eb - \u0418\u0437\u0431\u043e\u0440\u0435\u043d \u041a\u043e\u0434\u0435\u043a\u0441\" \/>\n<meta property=\"og:description\" content=\"PARASHTRO PARASHTRES\u00cb KUSH MUND T\u00cb PARASHTROJ PARASHTRES\u00cb \u00c7do qytetar apo person juridik mund t\u00eb paraqes\u00eb parashtres\u00eb pran\u00eb Trupit Koordinues n\u00ebse mendon se parimet dhe standardet e parashikuara n\u00eb Kodin e Sjelljes n\u00eb hap\u00ebsir\u00ebn online gjat\u00eb proceseve zgjedhore dhe referendumeve nuk respektohen nga partit\u00eb politike, kandidat\u00ebt e tyre, kandidat\u00ebt e pavarur, publikimet e transmetuesve n\u00eb internet,\" \/>\n<meta property=\"og:url\" content=\"https:\/\/izborenkodeksonline.mk\/sq\/parashtro-parashtrese\/\" \/>\n<meta property=\"og:site_name\" content=\"\u0418\u0437\u0431\u043e\u0440\u0435\u043d \u041a\u043e\u0434\u0435\u043a\u0441\" \/>\n<meta property=\"article:publisher\" content=\"https:\/\/www.facebook.com\/profile.php?id=61580047805885\" \/>\n<meta property=\"article:modified_time\" content=\"2023-10-07T16:29:32+00:00\" \/>\n<meta name=\"twitter:card\" content=\"summary_large_image\" \/>\n<meta name=\"twitter:label1\" content=\"Est. reading time\" \/>\n\t<meta name=\"twitter:data1\" content=\"1 minute\" \/>\n<script type=\"application\/ld+json\" class=\"yoast-schema-graph\">{\"@context\":\"https:\/\/schema.org\",\"@graph\":[{\"@type\":\"WebPage\",\"@id\":\"https:\/\/izborenkodeksonline.mk\/sq\/parashtro-parashtrese\/\",\"url\":\"https:\/\/izborenkodeksonline.mk\/sq\/parashtro-parashtrese\/\",\"name\":\"Parashtro parashtres\u00eb - \u0418\u0437\u0431\u043e\u0440\u0435\u043d \u041a\u043e\u0434\u0435\u043a\u0441\",\"isPartOf\":{\"@id\":\"https:\/\/izborenkodeksonline.mk\/#website\"},\"datePublished\":\"2023-09-10T15:12:10+00:00\",\"dateModified\":\"2023-10-07T16:29:32+00:00\",\"breadcrumb\":{\"@id\":\"https:\/\/izborenkodeksonline.mk\/sq\/parashtro-parashtrese\/#breadcrumb\"},\"inLanguage\":\"sq-AL\",\"potentialAction\":[{\"@type\":\"ReadAction\",\"target\":[\"https:\/\/izborenkodeksonline.mk\/sq\/parashtro-parashtrese\/\"]}]},{\"@type\":\"BreadcrumbList\",\"@id\":\"https:\/\/izborenkodeksonline.mk\/sq\/parashtro-parashtrese\/#breadcrumb\",\"itemListElement\":[{\"@type\":\"ListItem\",\"position\":1,\"name\":\"Home\",\"item\":\"https:\/\/izborenkodeksonline.mk\/sq\/homepage\/\"},{\"@type\":\"ListItem\",\"position\":2,\"name\":\"Parashtro parashtres\u00eb\"}]},{\"@type\":\"WebSite\",\"@id\":\"https:\/\/izborenkodeksonline.mk\/#website\",\"url\":\"https:\/\/izborenkodeksonline.mk\/\",\"name\":\"\u0418\u0437\u0431\u043e\u0440\u0435\u043d \u041a\u043e\u0434\u0435\u043a\u0441\",\"description\":\"\u041e\u043d\u043b\u0438\u043d\u0435\",\"publisher\":{\"@id\":\"https:\/\/izborenkodeksonline.mk\/#organization\"},\"potentialAction\":[{\"@type\":\"SearchAction\",\"target\":{\"@type\":\"EntryPoint\",\"urlTemplate\":\"https:\/\/izborenkodeksonline.mk\/?s={search_term_string}\"},\"query-input\":{\"@type\":\"PropertyValueSpecification\",\"valueRequired\":true,\"valueName\":\"search_term_string\"}}],\"inLanguage\":\"sq-AL\"},{\"@type\":\"Organization\",\"@id\":\"https:\/\/izborenkodeksonline.mk\/#organization\",\"name\":\"\u0418\u0437\u0431\u043e\u0440\u0435\u043d \u041a\u043e\u0434\u0435\u043a\u0441\",\"url\":\"https:\/\/izborenkodeksonline.mk\/\",\"logo\":{\"@type\":\"ImageObject\",\"inLanguage\":\"sq-AL\",\"@id\":\"https:\/\/izborenkodeksonline.mk\/#\/schema\/logo\/image\/\",\"url\":\"https:\/\/izborenkodeksonline.mk\/wp-content\/uploads\/2023\/10\/cropped-ik_logo_mk2.png\",\"contentUrl\":\"https:\/\/izborenkodeksonline.mk\/wp-content\/uploads\/2023\/10\/cropped-ik_logo_mk2.png\",\"width\":512,\"height\":512,\"caption\":\"\u0418\u0437\u0431\u043e\u0440\u0435\u043d \u041a\u043e\u0434\u0435\u043a\u0441\"},\"image\":{\"@id\":\"https:\/\/izborenkodeksonline.mk\/#\/schema\/logo\/image\/\"},\"sameAs\":[\"https:\/\/www.facebook.com\/profile.php?id=61580047805885\",\"https:\/\/www.instagram.com\/izborenkodeksonline.mk\/\"]}]}<\/script>\n<!-- \/ Yoast SEO plugin. -->","yoast_head_json":{"title":"Parashtro parashtres\u00eb - \u0418\u0437\u0431\u043e\u0440\u0435\u043d \u041a\u043e\u0434\u0435\u043a\u0441","robots":{"index":"index","follow":"follow","max-snippet":"max-snippet:-1","max-image-preview":"max-image-preview:large","max-video-preview":"max-video-preview:-1"},"canonical":"https:\/\/izborenkodeksonline.mk\/sq\/parashtro-parashtrese\/","og_locale":"sq_AL","og_type":"article","og_title":"Parashtro parashtres\u00eb - \u0418\u0437\u0431\u043e\u0440\u0435\u043d \u041a\u043e\u0434\u0435\u043a\u0441","og_description":"PARASHTRO PARASHTRES\u00cb KUSH MUND T\u00cb PARASHTROJ PARASHTRES\u00cb \u00c7do qytetar apo person juridik mund t\u00eb paraqes\u00eb parashtres\u00eb pran\u00eb Trupit Koordinues n\u00ebse mendon se parimet dhe standardet e parashikuara n\u00eb Kodin e Sjelljes n\u00eb hap\u00ebsir\u00ebn online gjat\u00eb proceseve zgjedhore dhe referendumeve nuk respektohen nga partit\u00eb politike, kandidat\u00ebt e tyre, kandidat\u00ebt e pavarur, publikimet e transmetuesve n\u00eb internet,","og_url":"https:\/\/izborenkodeksonline.mk\/sq\/parashtro-parashtrese\/","og_site_name":"\u0418\u0437\u0431\u043e\u0440\u0435\u043d \u041a\u043e\u0434\u0435\u043a\u0441","article_publisher":"https:\/\/www.facebook.com\/profile.php?id=61580047805885","article_modified_time":"2023-10-07T16:29:32+00:00","twitter_card":"summary_large_image","twitter_misc":{"Est. reading time":"1 minute"},"schema":{"@context":"https:\/\/schema.org","@graph":[{"@type":"WebPage","@id":"https:\/\/izborenkodeksonline.mk\/sq\/parashtro-parashtrese\/","url":"https:\/\/izborenkodeksonline.mk\/sq\/parashtro-parashtrese\/","name":"Parashtro parashtres\u00eb - \u0418\u0437\u0431\u043e\u0440\u0435\u043d \u041a\u043e\u0434\u0435\u043a\u0441","isPartOf":{"@id":"https:\/\/izborenkodeksonline.mk\/#website"},"datePublished":"2023-09-10T15:12:10+00:00","dateModified":"2023-10-07T16:29:32+00:00","breadcrumb":{"@id":"https:\/\/izborenkodeksonline.mk\/sq\/parashtro-parashtrese\/#breadcrumb"},"inLanguage":"sq-AL","potentialAction":[{"@type":"ReadAction","target":["https:\/\/izborenkodeksonline.mk\/sq\/parashtro-parashtrese\/"]}]},{"@type":"BreadcrumbList","@id":"https:\/\/izborenkodeksonline.mk\/sq\/parashtro-parashtrese\/#breadcrumb","itemListElement":[{"@type":"ListItem","position":1,"name":"Home","item":"https:\/\/izborenkodeksonline.mk\/sq\/homepage\/"},{"@type":"ListItem","position":2,"name":"Parashtro parashtres\u00eb"}]},{"@type":"WebSite","@id":"https:\/\/izborenkodeksonline.mk\/#website","url":"https:\/\/izborenkodeksonline.mk\/","name":"\u0418\u0437\u0431\u043e\u0440\u0435\u043d \u041a\u043e\u0434\u0435\u043a\u0441","description":"\u041e\u043d\u043b\u0438\u043d\u0435","publisher":{"@id":"https:\/\/izborenkodeksonline.mk\/#organization"},"potentialAction":[{"@type":"SearchAction","target":{"@type":"EntryPoint","urlTemplate":"https:\/\/izborenkodeksonline.mk\/?s={search_term_string}"},"query-input":{"@type":"PropertyValueSpecification","valueRequired":true,"valueName":"search_term_string"}}],"inLanguage":"sq-AL"},{"@type":"Organization","@id":"https:\/\/izborenkodeksonline.mk\/#organization","name":"\u0418\u0437\u0431\u043e\u0440\u0435\u043d \u041a\u043e\u0434\u0435\u043a\u0441","url":"https:\/\/izborenkodeksonline.mk\/","logo":{"@type":"ImageObject","inLanguage":"sq-AL","@id":"https:\/\/izborenkodeksonline.mk\/#\/schema\/logo\/image\/","url":"https:\/\/izborenkodeksonline.mk\/wp-content\/uploads\/2023\/10\/cropped-ik_logo_mk2.png","contentUrl":"https:\/\/izborenkodeksonline.mk\/wp-content\/uploads\/2023\/10\/cropped-ik_logo_mk2.png","width":512,"height":512,"caption":"\u0418\u0437\u0431\u043e\u0440\u0435\u043d \u041a\u043e\u0434\u0435\u043a\u0441"},"image":{"@id":"https:\/\/izborenkodeksonline.mk\/#\/schema\/logo\/image\/"},"sameAs":["https:\/\/www.facebook.com\/profile.php?id=61580047805885","https:\/\/www.instagram.com\/izborenkodeksonline.mk\/"]}]}},"_links":{"self":[{"href":"https:\/\/izborenkodeksonline.mk\/sq\/wp-json\/wp\/v2\/pages\/6354","targetHints":{"allow":["GET"]}}],"collection":[{"href":"https:\/\/izborenkodeksonline.mk\/sq\/wp-json\/wp\/v2\/pages"}],"about":[{"href":"https:\/\/izborenkodeksonline.mk\/sq\/wp-json\/wp\/v2\/types\/page"}],"author":[{"embeddable":true,"href":"https:\/\/izborenkodeksonline.mk\/sq\/wp-json\/wp\/v2\/users\/1"}],"replies":[{"embeddable":true,"href":"https:\/\/izborenkodeksonline.mk\/sq\/wp-json\/wp\/v2\/comments?post=6354"}],"version-history":[{"count":31,"href":"https:\/\/izborenkodeksonline.mk\/sq\/wp-json\/wp\/v2\/pages\/6354\/revisions"}],"predecessor-version":[{"id":7560,"href":"https:\/\/izborenkodeksonline.mk\/sq\/wp-json\/wp\/v2\/pages\/6354\/revisions\/7560"}],"wp:attachment":[{"href":"https:\/\/izborenkodeksonline.mk\/sq\/wp-json\/wp\/v2\/media?parent=6354"}],"curies":[{"name":"wp","href":"https:\/\/api.w.org\/{rel}","templated":true}]}}