{"id":6285,"date":"2023-09-03T16:01:17","date_gmt":"2023-09-03T16:01:17","guid":{"rendered":"http:\/\/izboren.fadom.mk\/?page_id=6285"},"modified":"2025-11-03T10:24:50","modified_gmt":"2025-11-03T10:24:50","slug":"parashtresa-dhe-pergjigje","status":"publish","type":"page","link":"https:\/\/izborenkodeksonline.mk\/sq\/parashtresa-dhe-pergjigje\/","title":{"rendered":"PARASHTRESA DHE P\u00cbRGJIGJE"},"content":{"rendered":"<p><strong>Ankesat e paraqitura n\u00eb Trupin Koordinues<\/strong><\/p>\n<p><strong>2025<a href=\"https:\/\/izborenkodeksonline.mk\/wp-content\/uploads\/2025\/10\/AL2\u041f\u0440\u0435\u0442\u0441\u0442\u0430\u0432\u043a\u0430-.docx\">\u00a0<\/a><\/strong><\/p>\n<p><a href=\"https:\/\/izborenkodeksonline.mk\/wp-content\/uploads\/2025\/10\/%D0%9E%D0%B1%D1%80%D0%B0%D0%B7%D0%B5%D1%86-%D0%B7%D0%B0-%D0%BF%D1%80%D0%B5%D1%82%D1%81%D1%82%D0%B0%D0%B2%D0%BA%D0%B0.pdf\">Ankes\u00eb nga nj\u00eb p\u00eberson fizik p\u00ebr kandidatin p\u00ebr kryetar t\u00eb Komun\u00ebs s\u00eb Qytetit t\u00eb Shkupit\u00a0<\/a><\/p>\n<ul>\n<li><a href=\"https:\/\/izborenkodeksonline.mk\/wp-content\/uploads\/2025\/10\/%D0%97%D0%B0%D0%BA%D0%BB%D1%83%D1%87%D0%BE%D0%BA-%D0%B7%D0%B0-%D0%BF%D1%80%D0%B5%D1%82%D1%81%D1%82%D0%B0%D0%B2%D0%BA%D0%B0-31.10.2025.pdf\">Konkluzion i Trupit koordinues n\u00eb lidhje me ankes\u00ebn<\/a><\/li>\n<\/ul>\n<hr \/>\n<p><a href=\"https:\/\/izborenkodeksonline.mk\/wp-content\/uploads\/2025\/10\/%D0%9F%D1%80%D0%B5%D1%82%D1%81%D1%82%D0%B0%D0%B2%D0%BA%D0%B0-%D0%92%D0%9B%D0%95%D0%9D-%D0%BA%D0%BE%D0%BD-%D1%84%D0%BE%D0%BA%D1%83%D1%81-%D0%BC%D0%BA.docx\">Ankes\u00eb nga Koalicioni Vlen p\u00ebr mediumin \u201eFokus\u201c<\/a><\/p>\n<ul>\n<li>\u00a0<a href=\"https:\/\/izborenkodeksonline.mk\/wp-content\/uploads\/2025\/10\/%D0%97%D0%B0%D0%BA%D0%BB%D1%83%D1%87%D0%BE%D0%BA-%D0%92%D0%9B%D0%95%D0%9D-%D0%BF%D1%80%D0%BE%D1%82%D0%B8%D0%B2-%D0%A4%D0%BE%D0%BA%D1%83%D1%81.pdf\">Konkluzion i Trupit koordinues n\u00eb lidhje me ankesen<\/a><\/li>\n<\/ul>\n<hr \/>\n<p><a href=\"https:\/\/izborenkodeksonline.mk\/wp-content\/uploads\/2025\/10\/%D0%9F%D1%80%D0%B5%D1%82%D1%81%D1%82%D0%B0%D0%B2%D0%BA%D0%B0-%D0%92%D0%9B%D0%95%D0%9D-%D0%BA%D0%BE%D0%BD-%D1%82%D1%80%D0%B8%D0%BB%D0%B8%D0%BD%D0%B3-%D0%BC%D0%BA.docx\">Ankes\u00eb nga Koalicioni Vlen p\u00ebr mediumin \u201eTriling\u201c<\/a><\/p>\n<ul>\n<li>\u00a0<a href=\"https:\/\/izborenkodeksonline.mk\/wp-content\/uploads\/2025\/10\/%D0%97%D0%B0%D0%BA%D0%BB%D1%83%D1%87%D0%BE%D0%BA-%D0%92%D0%9B%D0%95%D0%9D-%D0%BF%D1%80%D0%BE%D1%82%D0%B8%D0%B2-%D0%A2%D1%80%D0%B8%D0%BB%D0%B8%D0%BD%D0%B3-1.pdf\">Konkluzion i Trupit koordinues n\u00eb lidhje me ankesan<\/a><\/li>\n<\/ul>\n<hr \/>\n<p><a href=\"https:\/\/izborenkodeksonline.mk\/wp-content\/uploads\/2025\/10\/%D0%9F%D1%80%D0%B5%D1%82%D1%81%D1%82%D0%B0%D0%B2%D0%BA%D0%B0-1.docx\">Ankes\u00eb nga personi fizik p\u00ebr kryetarin aktual t\u00eb Komun\u00ebs s\u00eb Makedonska Kamenic\u00ebs kandidat p\u00ebr nj\u00eb mandat t\u00eb ri\u00a0<\/a><\/p>\n<ul>\n<li><a href=\"https:\/\/izborenkodeksonline.mk\/wp-content\/uploads\/2025\/10\/%D0%97%D0%B0%D0%BA%D0%BB%D1%83%D1%87%D0%BE%D0%BA-%D0%9C%D0%B0%D0%BA%D0%B5%D0%B4%D0%BE%D0%BD%D1%81%D0%BA%D0%B0-%D0%BA%D0%B0%D0%BC%D0%B5%D0%BD%D0%B8%D1%86%D0%B0.pdf\">\u00a0Konkluzion i Trupit koordinues n\u00eb lidhje me ankes\u00ebn<\/a><\/li>\n<\/ul>\n<hr \/>\n<p><a href=\"https:\/\/izborenkodeksonline.mk\/wp-content\/uploads\/2025\/10\/%D0%9E%D0%B1%D1%80%D0%B0%D0%B7%D0%B5%D1%86-%D0%B7%D0%B0-%D0%BF%D1%80%D0%B5%D1%82%D1%81%D1%82%D0%B0%D0%B2%D0%BA%D0%B0-1.doc\">Ankes\u00eb nga kryeredaktori i portalit Apla.mk p\u00ebr p\u00ebrmbajtje t\u00eb pap\u00ebrshtatshme t\u00eb publikuar n\u00eb Facebook nga nj\u00eb kandidat p\u00ebr k\u00ebshilltar i Komun\u00ebs s\u00eb Manastirit nga iniciativa e pavarur &#8220;Poinaku&#8221; nga Manastiri\u00a0<\/a><\/p>\n<ul>\n<li><a href=\"https:\/\/izborenkodeksonline.mk\/wp-content\/uploads\/2025\/10\/%D0%97%D0%B0%D0%BA%D0%BB%D1%83%D1%87%D0%BE%D0%BA-1.pdf\">\u00a0P\u00ebrfundimi i Trupit Koordinues n\u00eb lidhje me ankes\u00ebn<\/a><\/li>\n<\/ul>\n<hr \/>\n<p><a href=\"https:\/\/izborenkodeksonline.mk\/wp-content\/uploads\/2025\/10\/2-%D0%9E%D0%B1%D1%80%D0%B0%D0%B7%D0%B5%D1%86-%D0%B7%D0%B0-%D0%BF%D1%80%D0%B5%D1%82%D1%81%D1%82%D0%B0%D0%B2%D0%BA%D0%B0.doc\">Parashtres\u00eb nga kryeredaktorja e Portalit Apla.mk p\u00ebr kominkimin jo t\u00eb mir\u00eb n\u00eb facebook nga p\u00ebrkrah\u00ebs t\u00eb inciativ\u00ebs t\u00eb pavarur POINAKU nga Manastiri <\/a>\u00a0dhe <a href=\"https:\/\/izborenkodeksonline.mk\/wp-content\/uploads\/2025\/10\/%D0%A4%D0%B5%D1%98%D1%81%D0%B1%D1%83%D0%BA-%D0%BA%D0%BE%D0%BC%D1%83%D0%BD%D0%B8%D0%BA%D0%B0%D1%86%D0%B8%D1%98%D0%B0.docx\">komunkimi n\u00eb facebook\u00a0<\/a><\/p>\n<ul>\n<li style=\"list-style-type: none;\">\n<ul>\n<li><a href=\"https:\/\/izborenkodeksonline.mk\/wp-content\/uploads\/2025\/10\/%D0%97%D0%B0%D0%BA%D0%BB%D1%83%D1%87%D0%BE%D0%BA.pdf\">Konkluzion i Trupit Koordinues n\u00eb lidhje me parashtres\u00ebn\u00a0<\/a><\/li>\n<\/ul>\n<\/li>\n<\/ul>\n<hr \/>\n<p><a href=\"https:\/\/izborenkodeksonline.mk\/wp-content\/uploads\/2025\/10\/%D0%9F%D1%80%D0%B5%D1%82%D1%81%D1%82%D0%B0%D0%B2%D0%BA%D0%B0-1.doc\">Parashtres\u00eb nga kandidatja p\u00ebr kryetare e komun\u00ebs s\u00eb Komun\u00ebs Ko\u00e7ani p\u00ebr Radio Ko\u00e7ani\u00a0<\/a><\/p>\n<ul>\n<li><a href=\"https:\/\/izborenkodeksonline.mk\/wp-content\/uploads\/2025\/10\/%D0%97%D0%B0%D0%BA%D0%BB%D1%83%D1%87%D0%BE%D0%BA-%D0%BE%D0%B4-%D0%9A%D0%BE%D0%BE%D1%80%D0%B4%D0%B8%D0%BD%D0%B0%D1%82%D0%B8%D0%B2%D0%BD%D0%BE%D1%82%D0%BE-%D1%82%D0%B5%D0%BB%D0%BE-%D0%B7%D0%B0-%D0%A0%D0%B0%D0%B4%D0%B8%D0%BE-%D0%9A%D0%BE%D1%87%D0%B0%D0%BD%D0%B8-2.pdf\">Konkluzion i Trupit Koordinues n\u00eb lidhje me parashtres\u00ebn\u00a0<\/a><\/li>\n<\/ul>\n<hr \/>\n<p><a href=\"https:\/\/izborenkodeksonline.mk\/wp-content\/uploads\/2025\/10\/AL2\u041f\u0440\u0435\u0442\u0441\u0442\u0430\u0432\u043a\u0430-1-1.docx\">Parashtres\u00eb nga Koalicioni VLEN kund\u00ebr portalit Tetova Sot\u00a0<\/a><\/p>\n<ul>\n<li><a href=\"https:\/\/izborenkodeksonline.mk\/wp-content\/uploads\/2025\/10\/AL1\u0417\u0410\u041a\u041b\u0423\u0427\u041e\u041a-1-1.docx\">Konkluzion i Trupit Kordinues n\u00eb lidhje me parashtres\u00ebn.\u00a0<\/a><\/li>\n<\/ul>\n<hr \/>\n<p><strong>2024<\/strong><\/p>\n<p><a href=\"https:\/\/izborenkodeksonline.mk\/wp-content\/uploads\/2025\/11\/%D0%9F%D1%80%D0%B5%D1%82%D1%81%D1%82%D0%B0%D0%B2%D0%BA%D0%B0-8.docx\">Ankes\u00eb nga redaktorja e TV 24 Vesti kund\u00ebr nj\u00eb personi fizik<\/a><\/p>\n<ul>\n<li><a href=\"https:\/\/izborenkodeksonline.mk\/wp-content\/uploads\/2025\/11\/O%D0%B4%D0%B3%D0%BE%D0%B2%D0%BE%D1%80-%D0%9F%D1%80%D0%B5%D1%82%D1%81%D1%82%D0%B0%D0%B2%D0%BA%D0%B0.docx\">Konkluzion i Trupit koordinues n\u00eb lidhje me ankes\u00ebn\u00a0<\/a><\/li>\n<\/ul>\n<hr \/>\n<p><a href=\"https:\/\/izborenkodeksonline.mk\/wp-content\/uploads\/2025\/11\/%D0%9F%D1%80%D0%B5%D1%82%D1%81%D1%82%D0%B0%D0%B2%D0%BA%D0%B0.docx\">Ankes\u00eb nga nj\u00eb politikane kund\u00ebr portalit Apla.mk<\/a><\/p>\n<p><a href=\"https:\/\/izborenkodeksonline.mk\/wp-content\/uploads\/2025\/11\/%D0%9F%D1%80%D0%B5%D1%82%D1%81%D1%82%D0%B0%D0%B2%D0%BA%D0%B0-2.docx\">Ankes\u00eb nga LSDM Manastir kund\u00ebr Apla.mk<\/a><\/p>\n<ul>\n<li><a href=\"https:\/\/izborenkodeksonline.mk\/wp-content\/uploads\/2025\/11\/%D0%97%D0%B0%D0%BA%D0%BB%D1%83%D1%87%D0%BE%D0%BA-%D0%BD%D0%B0-%D0%9A%D0%BE%D0%BE%D1%80%D0%B4%D0%B8%D0%BD%D0%B0%D1%82%D0%B8%D0%B2%D0%BD%D0%BE-%D1%82%D0%B5%D0%BB%D0%BE-2.docx\">Konkluzion i Trupit koordinues n\u00eb lidhje me ankesat<\/a><\/li>\n<\/ul>\n","protected":false},"excerpt":{"rendered":"<p>Ankesat e paraqitura n\u00eb Trupin Koordinues 2025\u00a0 Ankes\u00eb nga nj\u00eb p\u00eberson fizik p\u00ebr kandidatin p\u00ebr kryetar t\u00eb Komun\u00ebs s\u00eb Qytetit t\u00eb Shkupit\u00a0 Konkluzion i Trupit koordinues n\u00eb lidhje me ankes\u00ebn Ankes\u00eb nga Koalicioni Vlen p\u00ebr mediumin \u201eFokus\u201c \u00a0Konkluzion i Trupit koordinues n\u00eb lidhje me ankesen Ankes\u00eb nga Koalicioni Vlen p\u00ebr mediumin \u201eTriling\u201c \u00a0Konkluzion i Trupit<\/p>\n","protected":false},"author":1,"featured_media":0,"parent":0,"menu_order":0,"comment_status":"closed","ping_status":"closed","template":"","meta":{"footnotes":""},"class_list":["post-6285","page","type-page","status-publish"],"yoast_head":"<!-- This site is optimized with the Yoast SEO plugin v26.2 - https:\/\/yoast.com\/wordpress\/plugins\/seo\/ -->\n<title>PARASHTRESA DHE P\u00cbRGJIGJE - \u0418\u0437\u0431\u043e\u0440\u0435\u043d \u041a\u043e\u0434\u0435\u043a\u0441<\/title>\n<meta name=\"robots\" content=\"index, follow, max-snippet:-1, max-image-preview:large, max-video-preview:-1\" \/>\n<link rel=\"canonical\" href=\"https:\/\/izborenkodeksonline.mk\/sq\/parashtresa-dhe-pergjigje\/\" \/>\n<meta property=\"og:locale\" content=\"sq_AL\" \/>\n<meta property=\"og:type\" content=\"article\" \/>\n<meta property=\"og:title\" content=\"PARASHTRESA DHE P\u00cbRGJIGJE - \u0418\u0437\u0431\u043e\u0440\u0435\u043d \u041a\u043e\u0434\u0435\u043a\u0441\" \/>\n<meta property=\"og:description\" content=\"Ankesat e paraqitura n\u00eb Trupin Koordinues 2025\u00a0 Ankes\u00eb nga nj\u00eb p\u00eberson fizik p\u00ebr kandidatin p\u00ebr kryetar t\u00eb Komun\u00ebs s\u00eb Qytetit t\u00eb Shkupit\u00a0 Konkluzion i Trupit koordinues n\u00eb lidhje me ankes\u00ebn Ankes\u00eb nga Koalicioni Vlen p\u00ebr mediumin \u201eFokus\u201c \u00a0Konkluzion i Trupit koordinues n\u00eb lidhje me ankesen Ankes\u00eb nga Koalicioni Vlen p\u00ebr mediumin \u201eTriling\u201c \u00a0Konkluzion i Trupit\" \/>\n<meta property=\"og:url\" content=\"https:\/\/izborenkodeksonline.mk\/sq\/parashtresa-dhe-pergjigje\/\" \/>\n<meta property=\"og:site_name\" content=\"\u0418\u0437\u0431\u043e\u0440\u0435\u043d \u041a\u043e\u0434\u0435\u043a\u0441\" \/>\n<meta property=\"article:publisher\" content=\"https:\/\/www.facebook.com\/profile.php?id=61580047805885\" \/>\n<meta property=\"article:modified_time\" content=\"2025-11-03T10:24:50+00:00\" \/>\n<meta name=\"twitter:card\" content=\"summary_large_image\" \/>\n<meta name=\"twitter:label1\" content=\"Est. reading time\" \/>\n\t<meta name=\"twitter:data1\" content=\"2 minutes\" \/>\n<script type=\"application\/ld+json\" class=\"yoast-schema-graph\">{\"@context\":\"https:\/\/schema.org\",\"@graph\":[{\"@type\":\"WebPage\",\"@id\":\"https:\/\/izborenkodeksonline.mk\/sq\/parashtresa-dhe-pergjigje\/\",\"url\":\"https:\/\/izborenkodeksonline.mk\/sq\/parashtresa-dhe-pergjigje\/\",\"name\":\"PARASHTRESA DHE P\u00cbRGJIGJE - \u0418\u0437\u0431\u043e\u0440\u0435\u043d \u041a\u043e\u0434\u0435\u043a\u0441\",\"isPartOf\":{\"@id\":\"https:\/\/izborenkodeksonline.mk\/#website\"},\"datePublished\":\"2023-09-03T16:01:17+00:00\",\"dateModified\":\"2025-11-03T10:24:50+00:00\",\"breadcrumb\":{\"@id\":\"https:\/\/izborenkodeksonline.mk\/sq\/parashtresa-dhe-pergjigje\/#breadcrumb\"},\"inLanguage\":\"sq-AL\",\"potentialAction\":[{\"@type\":\"ReadAction\",\"target\":[\"https:\/\/izborenkodeksonline.mk\/sq\/parashtresa-dhe-pergjigje\/\"]}]},{\"@type\":\"BreadcrumbList\",\"@id\":\"https:\/\/izborenkodeksonline.mk\/sq\/parashtresa-dhe-pergjigje\/#breadcrumb\",\"itemListElement\":[{\"@type\":\"ListItem\",\"position\":1,\"name\":\"Home\",\"item\":\"https:\/\/izborenkodeksonline.mk\/sq\/homepage\/\"},{\"@type\":\"ListItem\",\"position\":2,\"name\":\"PARASHTRESA DHE P\u00cbRGJIGJE\"}]},{\"@type\":\"WebSite\",\"@id\":\"https:\/\/izborenkodeksonline.mk\/#website\",\"url\":\"https:\/\/izborenkodeksonline.mk\/\",\"name\":\"\u0418\u0437\u0431\u043e\u0440\u0435\u043d \u041a\u043e\u0434\u0435\u043a\u0441\",\"description\":\"\u041e\u043d\u043b\u0438\u043d\u0435\",\"publisher\":{\"@id\":\"https:\/\/izborenkodeksonline.mk\/#organization\"},\"potentialAction\":[{\"@type\":\"SearchAction\",\"target\":{\"@type\":\"EntryPoint\",\"urlTemplate\":\"https:\/\/izborenkodeksonline.mk\/?s={search_term_string}\"},\"query-input\":{\"@type\":\"PropertyValueSpecification\",\"valueRequired\":true,\"valueName\":\"search_term_string\"}}],\"inLanguage\":\"sq-AL\"},{\"@type\":\"Organization\",\"@id\":\"https:\/\/izborenkodeksonline.mk\/#organization\",\"name\":\"\u0418\u0437\u0431\u043e\u0440\u0435\u043d \u041a\u043e\u0434\u0435\u043a\u0441\",\"url\":\"https:\/\/izborenkodeksonline.mk\/\",\"logo\":{\"@type\":\"ImageObject\",\"inLanguage\":\"sq-AL\",\"@id\":\"https:\/\/izborenkodeksonline.mk\/#\/schema\/logo\/image\/\",\"url\":\"https:\/\/izborenkodeksonline.mk\/wp-content\/uploads\/2023\/10\/cropped-ik_logo_mk2.png\",\"contentUrl\":\"https:\/\/izborenkodeksonline.mk\/wp-content\/uploads\/2023\/10\/cropped-ik_logo_mk2.png\",\"width\":512,\"height\":512,\"caption\":\"\u0418\u0437\u0431\u043e\u0440\u0435\u043d \u041a\u043e\u0434\u0435\u043a\u0441\"},\"image\":{\"@id\":\"https:\/\/izborenkodeksonline.mk\/#\/schema\/logo\/image\/\"},\"sameAs\":[\"https:\/\/www.facebook.com\/profile.php?id=61580047805885\",\"https:\/\/www.instagram.com\/izborenkodeksonline.mk\/\"]}]}<\/script>\n<!-- \/ Yoast SEO plugin. -->","yoast_head_json":{"title":"PARASHTRESA DHE P\u00cbRGJIGJE - \u0418\u0437\u0431\u043e\u0440\u0435\u043d \u041a\u043e\u0434\u0435\u043a\u0441","robots":{"index":"index","follow":"follow","max-snippet":"max-snippet:-1","max-image-preview":"max-image-preview:large","max-video-preview":"max-video-preview:-1"},"canonical":"https:\/\/izborenkodeksonline.mk\/sq\/parashtresa-dhe-pergjigje\/","og_locale":"sq_AL","og_type":"article","og_title":"PARASHTRESA DHE P\u00cbRGJIGJE - \u0418\u0437\u0431\u043e\u0440\u0435\u043d \u041a\u043e\u0434\u0435\u043a\u0441","og_description":"Ankesat e paraqitura n\u00eb Trupin Koordinues 2025\u00a0 Ankes\u00eb nga nj\u00eb p\u00eberson fizik p\u00ebr kandidatin p\u00ebr kryetar t\u00eb Komun\u00ebs s\u00eb Qytetit t\u00eb Shkupit\u00a0 Konkluzion i Trupit koordinues n\u00eb lidhje me ankes\u00ebn Ankes\u00eb nga Koalicioni Vlen p\u00ebr mediumin \u201eFokus\u201c \u00a0Konkluzion i Trupit koordinues n\u00eb lidhje me ankesen Ankes\u00eb nga Koalicioni Vlen p\u00ebr mediumin \u201eTriling\u201c \u00a0Konkluzion i Trupit","og_url":"https:\/\/izborenkodeksonline.mk\/sq\/parashtresa-dhe-pergjigje\/","og_site_name":"\u0418\u0437\u0431\u043e\u0440\u0435\u043d \u041a\u043e\u0434\u0435\u043a\u0441","article_publisher":"https:\/\/www.facebook.com\/profile.php?id=61580047805885","article_modified_time":"2025-11-03T10:24:50+00:00","twitter_card":"summary_large_image","twitter_misc":{"Est. reading time":"2 minutes"},"schema":{"@context":"https:\/\/schema.org","@graph":[{"@type":"WebPage","@id":"https:\/\/izborenkodeksonline.mk\/sq\/parashtresa-dhe-pergjigje\/","url":"https:\/\/izborenkodeksonline.mk\/sq\/parashtresa-dhe-pergjigje\/","name":"PARASHTRESA DHE P\u00cbRGJIGJE - \u0418\u0437\u0431\u043e\u0440\u0435\u043d \u041a\u043e\u0434\u0435\u043a\u0441","isPartOf":{"@id":"https:\/\/izborenkodeksonline.mk\/#website"},"datePublished":"2023-09-03T16:01:17+00:00","dateModified":"2025-11-03T10:24:50+00:00","breadcrumb":{"@id":"https:\/\/izborenkodeksonline.mk\/sq\/parashtresa-dhe-pergjigje\/#breadcrumb"},"inLanguage":"sq-AL","potentialAction":[{"@type":"ReadAction","target":["https:\/\/izborenkodeksonline.mk\/sq\/parashtresa-dhe-pergjigje\/"]}]},{"@type":"BreadcrumbList","@id":"https:\/\/izborenkodeksonline.mk\/sq\/parashtresa-dhe-pergjigje\/#breadcrumb","itemListElement":[{"@type":"ListItem","position":1,"name":"Home","item":"https:\/\/izborenkodeksonline.mk\/sq\/homepage\/"},{"@type":"ListItem","position":2,"name":"PARASHTRESA DHE P\u00cbRGJIGJE"}]},{"@type":"WebSite","@id":"https:\/\/izborenkodeksonline.mk\/#website","url":"https:\/\/izborenkodeksonline.mk\/","name":"\u0418\u0437\u0431\u043e\u0440\u0435\u043d \u041a\u043e\u0434\u0435\u043a\u0441","description":"\u041e\u043d\u043b\u0438\u043d\u0435","publisher":{"@id":"https:\/\/izborenkodeksonline.mk\/#organization"},"potentialAction":[{"@type":"SearchAction","target":{"@type":"EntryPoint","urlTemplate":"https:\/\/izborenkodeksonline.mk\/?s={search_term_string}"},"query-input":{"@type":"PropertyValueSpecification","valueRequired":true,"valueName":"search_term_string"}}],"inLanguage":"sq-AL"},{"@type":"Organization","@id":"https:\/\/izborenkodeksonline.mk\/#organization","name":"\u0418\u0437\u0431\u043e\u0440\u0435\u043d \u041a\u043e\u0434\u0435\u043a\u0441","url":"https:\/\/izborenkodeksonline.mk\/","logo":{"@type":"ImageObject","inLanguage":"sq-AL","@id":"https:\/\/izborenkodeksonline.mk\/#\/schema\/logo\/image\/","url":"https:\/\/izborenkodeksonline.mk\/wp-content\/uploads\/2023\/10\/cropped-ik_logo_mk2.png","contentUrl":"https:\/\/izborenkodeksonline.mk\/wp-content\/uploads\/2023\/10\/cropped-ik_logo_mk2.png","width":512,"height":512,"caption":"\u0418\u0437\u0431\u043e\u0440\u0435\u043d \u041a\u043e\u0434\u0435\u043a\u0441"},"image":{"@id":"https:\/\/izborenkodeksonline.mk\/#\/schema\/logo\/image\/"},"sameAs":["https:\/\/www.facebook.com\/profile.php?id=61580047805885","https:\/\/www.instagram.com\/izborenkodeksonline.mk\/"]}]}},"_links":{"self":[{"href":"https:\/\/izborenkodeksonline.mk\/sq\/wp-json\/wp\/v2\/pages\/6285","targetHints":{"allow":["GET"]}}],"collection":[{"href":"https:\/\/izborenkodeksonline.mk\/sq\/wp-json\/wp\/v2\/pages"}],"about":[{"href":"https:\/\/izborenkodeksonline.mk\/sq\/wp-json\/wp\/v2\/types\/page"}],"author":[{"embeddable":true,"href":"https:\/\/izborenkodeksonline.mk\/sq\/wp-json\/wp\/v2\/users\/1"}],"replies":[{"embeddable":true,"href":"https:\/\/izborenkodeksonline.mk\/sq\/wp-json\/wp\/v2\/comments?post=6285"}],"version-history":[{"count":36,"href":"https:\/\/izborenkodeksonline.mk\/sq\/wp-json\/wp\/v2\/pages\/6285\/revisions"}],"predecessor-version":[{"id":9494,"href":"https:\/\/izborenkodeksonline.mk\/sq\/wp-json\/wp\/v2\/pages\/6285\/revisions\/9494"}],"wp:attachment":[{"href":"https:\/\/izborenkodeksonline.mk\/sq\/wp-json\/wp\/v2\/media?parent=6285"}],"curies":[{"name":"wp","href":"https:\/\/api.w.org\/{rel}","templated":true}]}}