{"id":6268,"date":"2023-09-03T16:00:18","date_gmt":"2023-09-03T16:00:18","guid":{"rendered":"http:\/\/izboren.fadom.mk\/?page_id=6268"},"modified":"2025-08-29T10:17:34","modified_gmt":"2025-08-29T10:17:34","slug":"trupi-kordinues","status":"publish","type":"page","link":"https:\/\/izborenkodeksonline.mk\/sq\/trupi-kordinues\/","title":{"rendered":"TRUPI KOORDINUES"},"content":{"rendered":"<style>\/*! elementor - v3.16.0 - 12-09-2023 *\/<br \/>.elementor-column .elementor-spacer-inner{height:var(--spacer-size)}.e-con{--container-widget-width:100%}.e-con-inner>.elementor-widget-spacer,.e-con>.elementor-widget-spacer{width:var(--container-widget-width,var(--spacer-size));--align-self:var(--container-widget-align-self,initial);--flex-shrink:0}.e-con-inner>.elementor-widget-spacer>.elementor-widget-container,.e-con>.elementor-widget-spacer>.elementor-widget-container{height:100%;width:100%}.e-con-inner>.elementor-widget-spacer>.elementor-widget-container>.elementor-spacer,.e-con>.elementor-widget-spacer>.elementor-widget-container>.elementor-spacer{height:100%}.e-con-inner>.elementor-widget-spacer>.elementor-widget-container>.elementor-spacer>.elementor-spacer-inner,.e-con>.elementor-widget-spacer>.elementor-widget-container>.elementor-spacer>.elementor-spacer-inner{height:var(--container-widget-height,var(--spacer-size))}.e-con-inner>.elementor-widget-spacer.elementor-widget-empty,.e-con>.elementor-widget-spacer.elementor-widget-empty{position:relative;min-height:22px;min-width:22px}.e-con-inner>.elementor-widget-spacer.elementor-widget-empty .elementor-widget-empty-icon,.e-con>.elementor-widget-spacer.elementor-widget-empty .elementor-widget-empty-icon{position:absolute;top:0;bottom:0;left:0;right:0;margin:auto;padding:0;width:22px;height:22px}<\/style>\n<p><strong>Q\u00cbLLIMET<\/strong><\/p>\n<p>Trupi koordinues u formua p\u00ebr t\u00eb mbik\u00ebqyr\u00eb sjelljen dhe veprimet n\u00eb internet t\u00eb partive politike, kandidat\u00ebve t\u00eb tyre, kandidat\u00ebve t\u00eb pavarur, si dhe atyre q\u00eb nuk marrin pjes\u00eb drejtp\u00ebrdrejt n\u00eb zgjedhje apo referendume, por mund t\u00eb ushtrojn\u00eb ndikim mbi audienc\u00ebn n\u00eb funksion t\u00eb nj\u00eb fushate (influencer\u00ebt, jutuber\u00eb dhe t\u00eb ngjash\u00ebm)<\/p>\n<p>Nj\u00ebk\u00ebh\u00ebsisht, do t\u00eb p\u00ebrfshihen edhe mediumet online (internet portalet), rrjetet sociale (Facebook), ueb faqet t\u00eb radiove dhe televizioneve.<\/p>\n<p><strong>PRB\u00cbRJA<\/strong><\/p>\n<p><strong>\u00a0<\/strong>Trupi koordinues p\u00ebrb\u00ebhet nga p\u00ebrfaq\u00ebsues t\u00eb institucioneve\/organizatave p\u00ebrkat\u00ebse me p\u00ebrvoj\u00eb, njohuri dhe praktik\u00eb nga fusha:<\/p>\n<p>&#8211; Agjencia P\u00ebr Sh\u00ebrbime Mediatike Audio dhe Audiovizuele<br \/>\n&#8211; Shoqata e Gazetar\u00ebve t\u00eb Maqedonis\u00eb<br \/>\n&#8211; Instituti Maqedonas p\u00ebr Media<br \/>\n&#8211; K\u00ebshilli p\u00ebr Etik n\u00eb Media i Maqedonis\u00eb<strong>\u00a0<\/strong><br \/>\n&#8211; Instituti p\u00ebr Studime t\u00eb Komunikimit<br \/>\n&#8211; Fondacioni \u201eMetamorfozis\u201c<\/p>\n<p>Koordinator i trupit \u00ebsht\u00eb Biljana Georgievska, drejtoresh\u00eb e K\u00ebshillit t\u00eb Etik\u00ebs s\u00eb Mediave n\u00eb Maqedoni z\u00ebvend\u00ebskoordinator Olivera Vojnovska nga Fondacioni Metamorfozis.<\/p>\n<p><strong>M\u00cbNYRA E PUN\u00cbS<\/strong><\/p>\n<p>Trupi do t\u00eb funksionoj\u00eb me dedikim, q\u00eb do t\u00eb thot\u00eb nga dita e shpalljes s\u00eb zgjedhjeve\/referendumit deri n\u00eb p\u00ebrfundimin e tyre.<\/p>\n<p>Kushdo q\u00eb mendon se nuk jan\u00eb respektuar principet dhe parimet etike t\u00eb parashikuara n\u00eb Kodin e Sjelljes n\u00eb hap\u00ebsir\u00ebn online gjat\u00eb proceseve zgjedhore dhe referendumeve, mund t\u00eb paraqes\u00eb ankes\u00eb pran\u00eb Trupit Koordinues.<\/p>\n<p>P\u00ebr tu leht\u00ebsuar parashtrimi i parashtres\u00ebs, \u00ebsht\u00eb p\u00ebrpunuar formular\u00eb i ve\u00e7ant\u00eb, i qasur n\u00eb k\u00ebt\u00eb <strong><a href=\"https:\/\/izborenkodeksonline.mk\/wp-content\/uploads\/2023\/10\/AL-Pristapnica-1.docx\">link<\/a><\/strong><\/p>\n<p>Pasi t\u00eb plot\u00ebsohet formulari, ai dor\u00ebzohet n\u00eb adres\u00ebn elektronike koordinativnotelozaizbori@avmu.mk me\u00e7ka do t\u00eb jet\u00eb l\u00ebnd\u00eb p\u00ebr shyrtim nga ana e Trupit Koordinues.<\/p>\n<p><strong>SI VENDOS TRUPI KOORDINUES<\/strong><strong>?<\/strong><\/p>\n<p>Parshtresa e pranuar i d\u00ebrgohet p\u00ebr shqyrtim dhe p\u00ebrpunim an\u00ebtarit q\u00eb \u00ebsht\u00eb m\u00eb i p\u00ebrshtatsh\u00ebm p\u00ebr t\u00eb. P\u00ebr shembull, n\u00ebse parashtresa ka t\u00eb b\u00ebj\u00eb me p\u00ebrmbajtje t\u00eb botuar n\u00eb gazeta dhe n\u00eb edicionet e tyre elektronike, mediat online dhe edicionet n\u00eb internet t\u00eb transmetuesve, parashtresa trajtohet nga K\u00ebshilli i Etik\u00ebs n\u00eb Media.<\/p>\n<p>N\u00ebse ka dyshime se gazetar\u00ebt kan\u00eb shkelur standardet dhe etik\u00ebn profesionale gjat\u00eb raportimit t\u00eb tyre, ankesa do t\u00eb p\u00ebrpunohet nga Shoqata e Gazetar\u00ebve \u2013 SHGM.<\/p>\n<p>N\u00ebse, nga ana tjet\u00ebr, ka nj\u00eb paraqitje eventuale t\u00eb dezinformimit n\u00eb mediat online dhe rrjetet sociale, ose nga partit\u00eb politike, kandidat\u00ebt e tyre dhe kandidat\u00ebt e pavarur, ndikuesit dhe subjektet e tjera q\u00eb mund t\u00eb ushtrojn\u00eb ndikim n\u00eb publik si pjes\u00eb e nj\u00eb fushate, Do t\u00eb veproj\u00eb Fondacioni \u201cMetamorfozis\u201d.<\/p>\n<p>N\u00eb rast se nevojitet ndonj\u00eb ekspertiz\u00eb e ndryshme ose \u00e7\u00ebshtja \u00ebsht\u00eb plot\u00ebsisht ose pjes\u00ebrisht n\u00eb kompetenc\u00eb t\u00eb nj\u00eb institucioni ose trupi tjet\u00ebr, Trupi Koordinues i drejtohet institucionit\/organizat\u00ebs p\u00ebrkat\u00ebse.<\/p>\n<p>P\u00ebrgjigjen e shqyrtojn\u00eb t\u00eb gjith\u00eb an\u00ebtar\u00ebt dhe pas votimit (vendose me shumic\u00eb t\u00eb thjesht), ajo meret si p\u00ebrfundimtare.<\/p>\n<p><a href=\"https:\/\/izborenkodeksonline.mk\/wp-content\/uploads\/2025\/08\/AL3\u041f\u0420\u0410\u0412\u0418\u041b\u041d\u0418\u041a-\u0437\u0430-\u043f\u043e\u0441\u0442\u0430\u043f\u0443\u0432\u0430\u045a\u0435-\u043d\u0430-\u0442\u0435\u043b\u043e\u0442\u043e-\u041f\u0420\u0415\u0427\u0418\u0421\u0422\u0415\u041d-\u0422\u0415\u041a\u0421\u0422-2025-1.docx\"><strong>Rregullore p\u00ebr pun\u00ebn e Trupit kordinues p\u00ebr parashtrim dhe veprim sipas parashtresave gjat\u00eb zgjedhjeve dhe referendumeve\u00a0<\/strong><\/a><\/p>\n<p><a href=\"https:\/\/izborenkodeksonline.mk\/sq\/procesverbale-nga-mbledhjet-e-trupit-kordinues\/\"><strong>Procesverbale nga mbledhjet e Trupit kordinues<\/strong><\/a><\/p>\n<p><strong>AN\u00cbTAR\u00cbT E TRUPIT KOORDINUES:\u00a0<\/strong><\/p>\n<p>&nbsp;<\/p>\n<p><a href=\"https:\/\/avmu.mk\/sq\/ballina-sq\"><br \/>\n<img fetchpriority=\"high\" decoding=\"async\" src=\"https:\/\/izborenkodeksonline.mk\/wp-content\/uploads\/2023\/10\/avmu_al.png\" sizes=\"(max-width: 508px) 100vw, 508px\" srcset=\"https:\/\/izborenkodeksonline.mk\/wp-content\/uploads\/2023\/10\/avmu_al.png 508w, https:\/\/izborenkodeksonline.mk\/wp-content\/uploads\/2023\/10\/avmu_al-300x71.png 300w, https:\/\/izborenkodeksonline.mk\/wp-content\/uploads\/2023\/10\/avmu_al-150x35.png 150w, https:\/\/izborenkodeksonline.mk\/wp-content\/uploads\/2023\/10\/avmu_al-450x106.png 450w\" alt=\"\" width=\"508\" height=\"120\" \/> <\/a><br \/>\n<a href=\"https:\/\/znm.org.mk\/sq\/\"><br \/>\n<img decoding=\"async\" src=\"https:\/\/izborenkodeksonline.mk\/wp-content\/uploads\/2023\/10\/znm_logo-1024x590.png\" sizes=\"(max-width: 788px) 100vw, 788px\" srcset=\"https:\/\/izborenkodeksonline.mk\/wp-content\/uploads\/2023\/10\/znm_logo-1024x590.png 1024w, https:\/\/izborenkodeksonline.mk\/wp-content\/uploads\/2023\/10\/znm_logo-300x173.png 300w, https:\/\/izborenkodeksonline.mk\/wp-content\/uploads\/2023\/10\/znm_logo-768x442.png 768w, https:\/\/izborenkodeksonline.mk\/wp-content\/uploads\/2023\/10\/znm_logo-150x86.png 150w, https:\/\/izborenkodeksonline.mk\/wp-content\/uploads\/2023\/10\/znm_logo-450x259.png 450w, https:\/\/izborenkodeksonline.mk\/wp-content\/uploads\/2023\/10\/znm_logo.png 1075w\" alt=\"\" width=\"788\" height=\"454\" \/> <\/a><br \/>\n<a href=\"https:\/\/mim.org.mk\/mk\/\"><br \/>\n<img decoding=\"async\" src=\"https:\/\/izborenkodeksonline.mk\/wp-content\/uploads\/2023\/09\/mim.jpg\" sizes=\"(max-width: 300px) 100vw, 300px\" srcset=\"https:\/\/izborenkodeksonline.mk\/wp-content\/uploads\/2023\/09\/mim.jpg 300w, https:\/\/izborenkodeksonline.mk\/wp-content\/uploads\/2023\/09\/mim-150x50.jpg 150w\" alt=\"\" width=\"300\" height=\"100\" \/> <\/a><br \/>\n<a href=\"https:\/\/www.semm.mk\/sq-al\/\"><br \/>\n<img loading=\"lazy\" decoding=\"async\" src=\"https:\/\/izborenkodeksonline.mk\/wp-content\/uploads\/2023\/10\/semm_al.png\" sizes=\"(max-width: 508px) 100vw, 508px\" srcset=\"https:\/\/izborenkodeksonline.mk\/wp-content\/uploads\/2023\/10\/semm_al.png 508w, https:\/\/izborenkodeksonline.mk\/wp-content\/uploads\/2023\/10\/semm_al-300x71.png 300w, https:\/\/izborenkodeksonline.mk\/wp-content\/uploads\/2023\/10\/semm_al-150x35.png 150w, https:\/\/izborenkodeksonline.mk\/wp-content\/uploads\/2023\/10\/semm_al-450x106.png 450w\" alt=\"\" width=\"508\" height=\"120\" \/> <\/a><br \/>\n<a href=\"https:\/\/iks.edu.mk\/\"><br \/>\n<img loading=\"lazy\" decoding=\"async\" src=\"https:\/\/izborenkodeksonline.mk\/wp-content\/uploads\/2023\/10\/iks_logo_mk.png\" sizes=\"(max-width: 500px) 100vw, 500px\" srcset=\"https:\/\/izborenkodeksonline.mk\/wp-content\/uploads\/2023\/10\/iks_logo_mk.png 500w, https:\/\/izborenkodeksonline.mk\/wp-content\/uploads\/2023\/10\/iks_logo_mk-300x65.png 300w, https:\/\/izborenkodeksonline.mk\/wp-content\/uploads\/2023\/10\/iks_logo_mk-150x32.png 150w, https:\/\/izborenkodeksonline.mk\/wp-content\/uploads\/2023\/10\/iks_logo_mk-450x97.png 450w\" alt=\"\" width=\"500\" height=\"108\" \/> <\/a><br \/>\n<a href=\"https:\/\/metamorphosis.org.mk\/sq\/\"><br \/>\n<img loading=\"lazy\" decoding=\"async\" src=\"https:\/\/izborenkodeksonline.mk\/wp-content\/uploads\/2023\/10\/metamorphosis.png\" sizes=\"(max-width: 531px) 100vw, 531px\" srcset=\"https:\/\/izborenkodeksonline.mk\/wp-content\/uploads\/2023\/10\/metamorphosis.png 531w, https:\/\/izborenkodeksonline.mk\/wp-content\/uploads\/2023\/10\/metamorphosis-300x44.png 300w, https:\/\/izborenkodeksonline.mk\/wp-content\/uploads\/2023\/10\/metamorphosis-150x22.png 150w, https:\/\/izborenkodeksonline.mk\/wp-content\/uploads\/2023\/10\/metamorphosis-450x66.png 450w\" alt=\"\" width=\"531\" height=\"78\" \/> <\/a><\/p>\n<p><b>LEGJISLACIONI P\u00cbRKAT\u00cbS<u><\/u><u><\/u><\/b><\/p>\n<p><strong>&#8211; <a href=\"\/sq\/kodi-i-gazetareve-te-shoqates-se-mediave-te-maqedonise\/\" target=\"_blank\" rel=\"noopener\">Kodi etik i i gazetar\u00ebve t\u00eb Maqedonis\u00eb &#8211; ZNM\u00a0<\/a><br \/>\n&#8211; <a href=\"https:\/\/izborenkodeksonline.mk\/wp-content\/uploads\/2023\/10\/%D0%9D%D0%B0%D1%81%D0%BE%D0%BA%D0%B8-%D0%B7%D0%B0-%D0%B5%D1%82%D0%B8%D1%87%D0%BA%D0%BE-%D0%B8%D0%B7%D0%B2%D0%B5%D1%81%D1%82%D1%83%D0%B2%D0%B0%D1%9A%D0%B5-%D0%BD%D0%B0-%D0%A1%D0%95%D0%9C%D0%9C_AL.pdf\">Udh\u00ebzimet e Raportimit Etik t\u00eb mediave online KEMM<\/a><br \/>\n&#8212;&#8212;&#8212;&#8212;&#8212;&#8212;&#8212;&#8212;&#8212;&#8212;&#8212;&#8212;&#8212;&#8212;&#8212;&#8211;<br \/>\n&#8211; <a href=\"https:\/\/avmu.mk\/wp-content\/uploads\/2025\/08\/%D0%98%D0%B7%D0%B1%D0%BE%D1%80%D0%B5%D0%BD-%D0%97%D0%B0%D0%BA%D0%BE%D0%BD%D0%B8%D0%BA-%D0%9F%D1%80%D0%BE%D1%87%D0%B8%D1%81%D1%82%D0%B5%D0%BD-%D1%82%D0%B5%D0%BA%D1%81%D1%82-%D0%A1%D0%BB.-%D0%92%D0%B5%D1%81%D0%BD%D0%B8%D0%BA-%D0%B0%D0%BF%D1%80%D0%B8%D0%BB-2024.pdf\">Kodi Zgjedhor<\/a><br \/>\n&#8211; <a href=\"https:\/\/izborenkodeksonline.mk\/ligji-per-sherbime-mediatike-audio-dhe-audiovizuele\/\">Ligji p\u00ebr sh\u00ebrbime mediatike audio dhe audiovizuele\u00a0<\/a><br \/>\n&#8211;<a href=\"https:\/\/izborenkodeksonline.mk\/ligji-per-mediume\/\"> Ligji p\u00ebr Media<\/a><br \/>\n&#8211; <a href=\"https:\/\/izborenkodeksonline.mk\/sq\/ligji-per-mbrojtjen-e-te-dhenave-personale\/\">Ligji p\u00ebr Mbrojtjen e t\u00eb Dh\u00ebnave Personale<\/a><br \/>\n&#8211; <a href=\"https:\/\/izborenkodeksonline.mk\/wp-content\/uploads\/2025\/08\/\u0417\u0430\u043a\u043e\u043d-\u0437\u0430-\u0441\u043f\u0440\u0435\u0447\u0443\u0432\u0430\u045a\u0435-\u0438-\u0437\u0430\u0448\u0442\u0438\u0442\u0430-\u043e\u0434-\u0434\u0438\u0441\u043a\u0440\u0438\u043c\u0438\u043d\u0430\u0446\u0438\u0458\u0430-\u0431\u0440.258-20-\u0410\u041b.pdf\">Ligji i\u00a0 Parandalimit dhe i mbrojtjes nga Diskriminimit<\/a><br \/>\n&#8211;<a href=\"https:\/\/www.echr.coe.int\/documents\/d\/echr\/Convention_SQI\"> Konventa Evropiane p\u00ebr Mbrojtjen e t\u00eb Drejtave t\u00eb Njeriut<\/a><\/strong><\/p>\n","protected":false},"excerpt":{"rendered":"<p>Q\u00cbLLIMET Trupi koordinues u formua p\u00ebr t\u00eb mbik\u00ebqyr\u00eb sjelljen dhe veprimet n\u00eb internet t\u00eb partive politike, kandidat\u00ebve t\u00eb tyre, kandidat\u00ebve t\u00eb pavarur, si dhe atyre q\u00eb nuk marrin pjes\u00eb drejtp\u00ebrdrejt n\u00eb zgjedhje apo referendume, por mund t\u00eb ushtrojn\u00eb ndikim mbi audienc\u00ebn n\u00eb funksion t\u00eb nj\u00eb fushate (influencer\u00ebt, jutuber\u00eb dhe t\u00eb ngjash\u00ebm) Nj\u00ebk\u00ebh\u00ebsisht, do t\u00eb p\u00ebrfshihen<\/p>\n","protected":false},"author":1,"featured_media":0,"parent":0,"menu_order":0,"comment_status":"closed","ping_status":"closed","template":"page-templates\/blocks.php","meta":{"footnotes":""},"class_list":["post-6268","page","type-page","status-publish"],"yoast_head":"<!-- This site is optimized with the Yoast SEO plugin v26.2 - https:\/\/yoast.com\/wordpress\/plugins\/seo\/ -->\n<title>TRUPI KOORDINUES - \u0418\u0437\u0431\u043e\u0440\u0435\u043d \u041a\u043e\u0434\u0435\u043a\u0441<\/title>\n<meta name=\"robots\" content=\"index, follow, max-snippet:-1, max-image-preview:large, max-video-preview:-1\" \/>\n<link rel=\"canonical\" href=\"https:\/\/izborenkodeksonline.mk\/sq\/trupi-kordinues\/\" \/>\n<meta property=\"og:locale\" content=\"sq_AL\" \/>\n<meta property=\"og:type\" content=\"article\" \/>\n<meta property=\"og:title\" content=\"TRUPI KOORDINUES - \u0418\u0437\u0431\u043e\u0440\u0435\u043d \u041a\u043e\u0434\u0435\u043a\u0441\" \/>\n<meta property=\"og:description\" content=\"Q\u00cbLLIMET Trupi koordinues u formua p\u00ebr t\u00eb mbik\u00ebqyr\u00eb sjelljen dhe veprimet n\u00eb internet t\u00eb partive politike, kandidat\u00ebve t\u00eb tyre, kandidat\u00ebve t\u00eb pavarur, si dhe atyre q\u00eb nuk marrin pjes\u00eb drejtp\u00ebrdrejt n\u00eb zgjedhje apo referendume, por mund t\u00eb ushtrojn\u00eb ndikim mbi audienc\u00ebn n\u00eb funksion t\u00eb nj\u00eb fushate (influencer\u00ebt, jutuber\u00eb dhe t\u00eb ngjash\u00ebm) Nj\u00ebk\u00ebh\u00ebsisht, do t\u00eb p\u00ebrfshihen\" \/>\n<meta property=\"og:url\" content=\"https:\/\/izborenkodeksonline.mk\/sq\/trupi-kordinues\/\" \/>\n<meta property=\"og:site_name\" content=\"\u0418\u0437\u0431\u043e\u0440\u0435\u043d \u041a\u043e\u0434\u0435\u043a\u0441\" \/>\n<meta property=\"article:publisher\" content=\"https:\/\/www.facebook.com\/profile.php?id=61580047805885\" \/>\n<meta property=\"article:modified_time\" content=\"2025-08-29T10:17:34+00:00\" \/>\n<meta property=\"og:image\" content=\"https:\/\/izborenkodeksonline.mk\/wp-content\/uploads\/2023\/10\/avmu_al.png\" \/>\n<meta name=\"twitter:card\" content=\"summary_large_image\" \/>\n<meta name=\"twitter:label1\" content=\"Est. reading time\" \/>\n\t<meta name=\"twitter:data1\" content=\"3 minutes\" \/>\n<script type=\"application\/ld+json\" class=\"yoast-schema-graph\">{\"@context\":\"https:\/\/schema.org\",\"@graph\":[{\"@type\":\"WebPage\",\"@id\":\"https:\/\/izborenkodeksonline.mk\/sq\/trupi-kordinues\/\",\"url\":\"https:\/\/izborenkodeksonline.mk\/sq\/trupi-kordinues\/\",\"name\":\"TRUPI KOORDINUES - \u0418\u0437\u0431\u043e\u0440\u0435\u043d \u041a\u043e\u0434\u0435\u043a\u0441\",\"isPartOf\":{\"@id\":\"https:\/\/izborenkodeksonline.mk\/#website\"},\"primaryImageOfPage\":{\"@id\":\"https:\/\/izborenkodeksonline.mk\/sq\/trupi-kordinues\/#primaryimage\"},\"image\":{\"@id\":\"https:\/\/izborenkodeksonline.mk\/sq\/trupi-kordinues\/#primaryimage\"},\"thumbnailUrl\":\"https:\/\/izborenkodeksonline.mk\/wp-content\/uploads\/2023\/10\/avmu_al.png\",\"datePublished\":\"2023-09-03T16:00:18+00:00\",\"dateModified\":\"2025-08-29T10:17:34+00:00\",\"breadcrumb\":{\"@id\":\"https:\/\/izborenkodeksonline.mk\/sq\/trupi-kordinues\/#breadcrumb\"},\"inLanguage\":\"sq-AL\",\"potentialAction\":[{\"@type\":\"ReadAction\",\"target\":[\"https:\/\/izborenkodeksonline.mk\/sq\/trupi-kordinues\/\"]}]},{\"@type\":\"ImageObject\",\"inLanguage\":\"sq-AL\",\"@id\":\"https:\/\/izborenkodeksonline.mk\/sq\/trupi-kordinues\/#primaryimage\",\"url\":\"https:\/\/izborenkodeksonline.mk\/wp-content\/uploads\/2023\/10\/avmu_al.png\",\"contentUrl\":\"https:\/\/izborenkodeksonline.mk\/wp-content\/uploads\/2023\/10\/avmu_al.png\"},{\"@type\":\"BreadcrumbList\",\"@id\":\"https:\/\/izborenkodeksonline.mk\/sq\/trupi-kordinues\/#breadcrumb\",\"itemListElement\":[{\"@type\":\"ListItem\",\"position\":1,\"name\":\"Home\",\"item\":\"https:\/\/izborenkodeksonline.mk\/sq\/homepage\/\"},{\"@type\":\"ListItem\",\"position\":2,\"name\":\"TRUPI KOORDINUES\"}]},{\"@type\":\"WebSite\",\"@id\":\"https:\/\/izborenkodeksonline.mk\/#website\",\"url\":\"https:\/\/izborenkodeksonline.mk\/\",\"name\":\"\u0418\u0437\u0431\u043e\u0440\u0435\u043d \u041a\u043e\u0434\u0435\u043a\u0441\",\"description\":\"\u041e\u043d\u043b\u0438\u043d\u0435\",\"publisher\":{\"@id\":\"https:\/\/izborenkodeksonline.mk\/#organization\"},\"potentialAction\":[{\"@type\":\"SearchAction\",\"target\":{\"@type\":\"EntryPoint\",\"urlTemplate\":\"https:\/\/izborenkodeksonline.mk\/?s={search_term_string}\"},\"query-input\":{\"@type\":\"PropertyValueSpecification\",\"valueRequired\":true,\"valueName\":\"search_term_string\"}}],\"inLanguage\":\"sq-AL\"},{\"@type\":\"Organization\",\"@id\":\"https:\/\/izborenkodeksonline.mk\/#organization\",\"name\":\"\u0418\u0437\u0431\u043e\u0440\u0435\u043d \u041a\u043e\u0434\u0435\u043a\u0441\",\"url\":\"https:\/\/izborenkodeksonline.mk\/\",\"logo\":{\"@type\":\"ImageObject\",\"inLanguage\":\"sq-AL\",\"@id\":\"https:\/\/izborenkodeksonline.mk\/#\/schema\/logo\/image\/\",\"url\":\"https:\/\/izborenkodeksonline.mk\/wp-content\/uploads\/2023\/10\/cropped-ik_logo_mk2.png\",\"contentUrl\":\"https:\/\/izborenkodeksonline.mk\/wp-content\/uploads\/2023\/10\/cropped-ik_logo_mk2.png\",\"width\":512,\"height\":512,\"caption\":\"\u0418\u0437\u0431\u043e\u0440\u0435\u043d \u041a\u043e\u0434\u0435\u043a\u0441\"},\"image\":{\"@id\":\"https:\/\/izborenkodeksonline.mk\/#\/schema\/logo\/image\/\"},\"sameAs\":[\"https:\/\/www.facebook.com\/profile.php?id=61580047805885\",\"https:\/\/www.instagram.com\/izborenkodeksonline.mk\/\"]}]}<\/script>\n<!-- \/ Yoast SEO plugin. -->","yoast_head_json":{"title":"TRUPI KOORDINUES - \u0418\u0437\u0431\u043e\u0440\u0435\u043d \u041a\u043e\u0434\u0435\u043a\u0441","robots":{"index":"index","follow":"follow","max-snippet":"max-snippet:-1","max-image-preview":"max-image-preview:large","max-video-preview":"max-video-preview:-1"},"canonical":"https:\/\/izborenkodeksonline.mk\/sq\/trupi-kordinues\/","og_locale":"sq_AL","og_type":"article","og_title":"TRUPI KOORDINUES - \u0418\u0437\u0431\u043e\u0440\u0435\u043d \u041a\u043e\u0434\u0435\u043a\u0441","og_description":"Q\u00cbLLIMET Trupi koordinues u formua p\u00ebr t\u00eb mbik\u00ebqyr\u00eb sjelljen dhe veprimet n\u00eb internet t\u00eb partive politike, kandidat\u00ebve t\u00eb tyre, kandidat\u00ebve t\u00eb pavarur, si dhe atyre q\u00eb nuk marrin pjes\u00eb drejtp\u00ebrdrejt n\u00eb zgjedhje apo referendume, por mund t\u00eb ushtrojn\u00eb ndikim mbi audienc\u00ebn n\u00eb funksion t\u00eb nj\u00eb fushate (influencer\u00ebt, jutuber\u00eb dhe t\u00eb ngjash\u00ebm) Nj\u00ebk\u00ebh\u00ebsisht, do t\u00eb p\u00ebrfshihen","og_url":"https:\/\/izborenkodeksonline.mk\/sq\/trupi-kordinues\/","og_site_name":"\u0418\u0437\u0431\u043e\u0440\u0435\u043d \u041a\u043e\u0434\u0435\u043a\u0441","article_publisher":"https:\/\/www.facebook.com\/profile.php?id=61580047805885","article_modified_time":"2025-08-29T10:17:34+00:00","og_image":[{"url":"https:\/\/izborenkodeksonline.mk\/wp-content\/uploads\/2023\/10\/avmu_al.png","type":"","width":"","height":""}],"twitter_card":"summary_large_image","twitter_misc":{"Est. reading time":"3 minutes"},"schema":{"@context":"https:\/\/schema.org","@graph":[{"@type":"WebPage","@id":"https:\/\/izborenkodeksonline.mk\/sq\/trupi-kordinues\/","url":"https:\/\/izborenkodeksonline.mk\/sq\/trupi-kordinues\/","name":"TRUPI KOORDINUES - \u0418\u0437\u0431\u043e\u0440\u0435\u043d \u041a\u043e\u0434\u0435\u043a\u0441","isPartOf":{"@id":"https:\/\/izborenkodeksonline.mk\/#website"},"primaryImageOfPage":{"@id":"https:\/\/izborenkodeksonline.mk\/sq\/trupi-kordinues\/#primaryimage"},"image":{"@id":"https:\/\/izborenkodeksonline.mk\/sq\/trupi-kordinues\/#primaryimage"},"thumbnailUrl":"https:\/\/izborenkodeksonline.mk\/wp-content\/uploads\/2023\/10\/avmu_al.png","datePublished":"2023-09-03T16:00:18+00:00","dateModified":"2025-08-29T10:17:34+00:00","breadcrumb":{"@id":"https:\/\/izborenkodeksonline.mk\/sq\/trupi-kordinues\/#breadcrumb"},"inLanguage":"sq-AL","potentialAction":[{"@type":"ReadAction","target":["https:\/\/izborenkodeksonline.mk\/sq\/trupi-kordinues\/"]}]},{"@type":"ImageObject","inLanguage":"sq-AL","@id":"https:\/\/izborenkodeksonline.mk\/sq\/trupi-kordinues\/#primaryimage","url":"https:\/\/izborenkodeksonline.mk\/wp-content\/uploads\/2023\/10\/avmu_al.png","contentUrl":"https:\/\/izborenkodeksonline.mk\/wp-content\/uploads\/2023\/10\/avmu_al.png"},{"@type":"BreadcrumbList","@id":"https:\/\/izborenkodeksonline.mk\/sq\/trupi-kordinues\/#breadcrumb","itemListElement":[{"@type":"ListItem","position":1,"name":"Home","item":"https:\/\/izborenkodeksonline.mk\/sq\/homepage\/"},{"@type":"ListItem","position":2,"name":"TRUPI KOORDINUES"}]},{"@type":"WebSite","@id":"https:\/\/izborenkodeksonline.mk\/#website","url":"https:\/\/izborenkodeksonline.mk\/","name":"\u0418\u0437\u0431\u043e\u0440\u0435\u043d \u041a\u043e\u0434\u0435\u043a\u0441","description":"\u041e\u043d\u043b\u0438\u043d\u0435","publisher":{"@id":"https:\/\/izborenkodeksonline.mk\/#organization"},"potentialAction":[{"@type":"SearchAction","target":{"@type":"EntryPoint","urlTemplate":"https:\/\/izborenkodeksonline.mk\/?s={search_term_string}"},"query-input":{"@type":"PropertyValueSpecification","valueRequired":true,"valueName":"search_term_string"}}],"inLanguage":"sq-AL"},{"@type":"Organization","@id":"https:\/\/izborenkodeksonline.mk\/#organization","name":"\u0418\u0437\u0431\u043e\u0440\u0435\u043d \u041a\u043e\u0434\u0435\u043a\u0441","url":"https:\/\/izborenkodeksonline.mk\/","logo":{"@type":"ImageObject","inLanguage":"sq-AL","@id":"https:\/\/izborenkodeksonline.mk\/#\/schema\/logo\/image\/","url":"https:\/\/izborenkodeksonline.mk\/wp-content\/uploads\/2023\/10\/cropped-ik_logo_mk2.png","contentUrl":"https:\/\/izborenkodeksonline.mk\/wp-content\/uploads\/2023\/10\/cropped-ik_logo_mk2.png","width":512,"height":512,"caption":"\u0418\u0437\u0431\u043e\u0440\u0435\u043d \u041a\u043e\u0434\u0435\u043a\u0441"},"image":{"@id":"https:\/\/izborenkodeksonline.mk\/#\/schema\/logo\/image\/"},"sameAs":["https:\/\/www.facebook.com\/profile.php?id=61580047805885","https:\/\/www.instagram.com\/izborenkodeksonline.mk\/"]}]}},"_links":{"self":[{"href":"https:\/\/izborenkodeksonline.mk\/sq\/wp-json\/wp\/v2\/pages\/6268","targetHints":{"allow":["GET"]}}],"collection":[{"href":"https:\/\/izborenkodeksonline.mk\/sq\/wp-json\/wp\/v2\/pages"}],"about":[{"href":"https:\/\/izborenkodeksonline.mk\/sq\/wp-json\/wp\/v2\/types\/page"}],"author":[{"embeddable":true,"href":"https:\/\/izborenkodeksonline.mk\/sq\/wp-json\/wp\/v2\/users\/1"}],"replies":[{"embeddable":true,"href":"https:\/\/izborenkodeksonline.mk\/sq\/wp-json\/wp\/v2\/comments?post=6268"}],"version-history":[{"count":154,"href":"https:\/\/izborenkodeksonline.mk\/sq\/wp-json\/wp\/v2\/pages\/6268\/revisions"}],"predecessor-version":[{"id":8815,"href":"https:\/\/izborenkodeksonline.mk\/sq\/wp-json\/wp\/v2\/pages\/6268\/revisions\/8815"}],"wp:attachment":[{"href":"https:\/\/izborenkodeksonline.mk\/sq\/wp-json\/wp\/v2\/media?parent=6268"}],"curies":[{"name":"wp","href":"https:\/\/api.w.org\/{rel}","templated":true}]}}