{"id":6262,"date":"2023-09-03T16:00:05","date_gmt":"2023-09-03T16:00:05","guid":{"rendered":"http:\/\/izboren.fadom.mk\/?page_id=6262"},"modified":"2023-10-07T16:16:19","modified_gmt":"2023-10-07T16:16:19","slug":"kodeksi","status":"publish","type":"page","link":"https:\/\/izborenkodeksonline.mk\/sq\/kodeksi\/","title":{"rendered":"KODI"},"content":{"rendered":"<style>\/*! elementor - v3.15.0 - 20-08-2023 *\/\n.elementor-column .elementor-spacer-inner{height:var(--spacer-size)}.e-con{--container-widget-width:100%}.e-con-inner>.elementor-widget-spacer,.e-con>.elementor-widget-spacer{width:var(--container-widget-width,var(--spacer-size));--align-self:var(--container-widget-align-self,initial);--flex-shrink:0}.e-con-inner>.elementor-widget-spacer>.elementor-widget-container,.e-con-inner>.elementor-widget-spacer>.elementor-widget-container>.elementor-spacer,.e-con>.elementor-widget-spacer>.elementor-widget-container,.e-con>.elementor-widget-spacer>.elementor-widget-container>.elementor-spacer{height:100%}.e-con-inner>.elementor-widget-spacer>.elementor-widget-container>.elementor-spacer>.elementor-spacer-inner,.e-con>.elementor-widget-spacer>.elementor-widget-container>.elementor-spacer>.elementor-spacer-inner{height:var(--container-widget-height,var(--spacer-size))}<\/style>\n<p><strong>PSE KODI?<\/strong><\/p>\n<p>Kodi \u00ebsht\u00eb hartuar p\u00ebr t\u00eb sh\u00ebrbyer si nj\u00eb udh\u00ebzues p\u00ebr sjelljen e t\u00eb gjith\u00eb atyre q\u00eb jan\u00eb t\u00eb p\u00ebrfshir\u00eb n\u00eb nj\u00eb far\u00eb m\u00ebnyre n\u00eb proceset zgjedhore (dhe referendume) dhe q\u00eb mund t\u00eb ushtrojn\u00eb ndikim mbi publikun si pjes\u00eb e nj\u00eb fushate gjat\u00eb zgjedhjeve ose referendumeve.<\/p>\n<p>Q\u00ebllimi \u00ebsht\u00eb i shum\u00ebfisht\u00eb:<\/p>\n<ul>\n<li>&#8211; t\u00eb sigurohet integriteti i informacionit gjat\u00eb zgjedhjeve dhe referendumeve;<\/li>\n<li>&#8211; t\u00eb sigurohet transparenc\u00eb e reklamimit politik dhe financimi i saj;<\/li>\n<li>&#8211; t\u00eb garantohet privat\u00ebsia dhe siguria e t\u00eb dh\u00ebnave personale e qytetar\u00ebve n\u00eb internet gjat\u00eb cikleve zgjedhore dhe referendumeve;<\/li>\n<li>&#8211; t\u00eb parandalohet p\u00ebrhapja e dezinformatave (informacione t\u00eb pasakta, jo t\u00eb plota, t\u00eb rreme ose keqdash\u00ebse), gjuh\u00ebs s\u00eb urrejtjes dhe diskriminimit mbi \u00e7do baz\u00eb;<\/li>\n<li>&#8211; t\u00eb forcoj\u00eb besimin e qytetar\u00ebve duke ofruar nj\u00eb mjedis dhe kushte t\u00eb favorshme p\u00ebr respektimin e t\u00eb drejtave t\u00eb garantuara ligj\u00ebrisht dhe lirin\u00eb e shprehjes dhe informimit<\/li>\n<li>&nbsp;<\/li>\n<\/ul>\n<p><strong>KUSH E HARTOI KODIN?<\/strong><\/p>\n<p>Kodi i sjelljes n\u00eb hapsirat online gjat\u00eb proceseve zgjedhore dhe referendumeve \u00ebsht\u00eb hartuar me iniciativ\u00eb t\u00eb Agjencis\u00eb p\u00ebr sh\u00ebrbime mediatike audio dhe audiovizuele n\u00eb bashk\u00ebpunim me Shoqat\u00ebn e Gazetar\u00ebve t\u00eb Maqedonis\u00eb, Institutin Maqedonas p\u00ebr Media, K\u00ebshillin p\u00ebr Etik\u00eb n\u00eb Media t\u00eb Maqedonis\u00eb, Institutin p\u00ebr Studime t\u00eb Komunikimit dhe Fondacionin &#8220;Metamorfozis&#8221;.<\/p>\n<p>Gjat\u00eb procesit mori pjes\u00ebe edhe OSBE\/ODIHR me ekspertiz\u00ebn e saj\u00eb.<\/p>\n<p><strong>KUJT I DEDIKOHET KODI<\/strong><strong>?<\/strong><\/p>\n<p>P\u00ebrfshirja e Kodit \u00ebsht\u00eb e m\u00eb shum\u00eb subjektve:<\/p>\n<ul>\n<li>&#8211; partit\u00eb politike, kandidat\u00ebt e tyre dhe kandidat\u00ebt e pavarur dhe sjellja e tyre n\u00eb hap\u00ebsir\u00ebn online (p\u00ebrfshir\u00eb rrjetet sociale), gjat\u00eb cikleve zgjedhore dhe referendumeve;<\/li>\n<li>&#8211; edicionet n\u00eb internet (ose m\u00eb sakt\u00eb ueb faqet) t\u00eb radiove dhe televizioneve;<\/li>\n<li>&#8211; mediat online (t\u00eb njohura si internet portale);<\/li>\n<li>&#8211; verifikuesit e fakteve;<\/li>\n<li>&#8211; influencuesit dhe subjektet e tjera q\u00eb mund t\u00eb ushtrojn\u00eb ndikim mbi publikun n\u00eb funksion t\u00eb fushat\u00ebs gjat\u00eb periudh\u00ebs s\u00eb zgjedhjeve ose referendumeve.<\/li>\n<li><\/li>\n<\/ul>\n<p>Principet dhe standardet e p\u00ebrshkruara n\u00eb Kod jan\u00eb t\u00eb natyres etike, p\u00ebr k\u00ebt\u00eb arsye respektimi i tij \u00ebsht\u00eb n\u00eb baza vullnetare, me n\u00ebnshkrimin&nbsp; e <strong><a href=\"http:\/\/izborenkodeksonline.mk\/wp-content\/uploads\/2023\/10\/AL-Pristapnica-1.docx\">Formularit<\/a>&nbsp;<\/strong>dhe ai nuk \u00ebsht\u00eb z\u00ebvend\u00ebsues i rregullave ligjore ekzistuese apo t\u00eb ardhshme dhe rregulloret, por do t\u00eb sh\u00ebrbej\u00eb si nj\u00eb mjet q\u00eb th\u00ebrret n\u00eb p\u00ebrgjegj\u00ebsi individuale subjektet t\u00eb cilave u referohet.<\/p>\n<p>P\u00ebr k\u00ebto arsye formohet Trup Koordinues q\u00eb do t\u00eb mbik\u00ebqyr\u00eb respektimin e Kodit dhe qytetar\u00ebt dhe t\u00eb gjith\u00eb t\u00eb interesuarit do t\u00eb mund t\u00eb paraqesin parashtresa, t\u00eb cilave do t&#8217;u p\u00ebrgjigjet n\u00eb koh\u00eb dhe n\u00eb m\u00ebnyr\u00ebn e duhur.<\/p>\n<p>Kodi i sjelljes n\u00eb hap\u00ebsirat online gjat\u00eb periudh\u00ebs s\u00eb proceseve zgjdhore dhe reverendumeve \u00ebsht\u00eb qasur n\u00eb k\u00ebt\u00eb <a href=\"http:\/\/izborenkodeksonline.mk\/wp-content\/uploads\/2023\/10\/Kodeks-AL.docx\"><strong>link<\/strong><\/a><\/p>\n","protected":false},"excerpt":{"rendered":"<p>PSE KODI? Kodi \u00ebsht\u00eb hartuar p\u00ebr t\u00eb sh\u00ebrbyer si nj\u00eb udh\u00ebzues p\u00ebr sjelljen e t\u00eb gjith\u00eb atyre q\u00eb jan\u00eb t\u00eb p\u00ebrfshir\u00eb n\u00eb nj\u00eb far\u00eb m\u00ebnyre n\u00eb proceset zgjedhore (dhe referendume) dhe q\u00eb mund t\u00eb ushtrojn\u00eb ndikim mbi publikun si pjes\u00eb e nj\u00eb fushate gjat\u00eb zgjedhjeve ose referendumeve. Q\u00ebllimi \u00ebsht\u00eb i shum\u00ebfisht\u00eb: &#8211; t\u00eb sigurohet integriteti<\/p>\n","protected":false},"author":1,"featured_media":0,"parent":0,"menu_order":0,"comment_status":"closed","ping_status":"closed","template":"page-templates\/blocks.php","meta":{"footnotes":""},"class_list":["post-6262","page","type-page","status-publish"],"yoast_head":"<!-- This site is optimized with the Yoast SEO plugin v26.2 - https:\/\/yoast.com\/wordpress\/plugins\/seo\/ -->\n<title>KODI - \u0418\u0437\u0431\u043e\u0440\u0435\u043d \u041a\u043e\u0434\u0435\u043a\u0441<\/title>\n<meta name=\"robots\" content=\"index, follow, max-snippet:-1, max-image-preview:large, max-video-preview:-1\" \/>\n<link rel=\"canonical\" href=\"https:\/\/izborenkodeksonline.mk\/sq\/kodeksi\/\" \/>\n<meta property=\"og:locale\" content=\"sq_AL\" \/>\n<meta property=\"og:type\" content=\"article\" \/>\n<meta property=\"og:title\" content=\"KODI - \u0418\u0437\u0431\u043e\u0440\u0435\u043d \u041a\u043e\u0434\u0435\u043a\u0441\" \/>\n<meta property=\"og:description\" content=\"PSE KODI? Kodi \u00ebsht\u00eb hartuar p\u00ebr t\u00eb sh\u00ebrbyer si nj\u00eb udh\u00ebzues p\u00ebr sjelljen e t\u00eb gjith\u00eb atyre q\u00eb jan\u00eb t\u00eb p\u00ebrfshir\u00eb n\u00eb nj\u00eb far\u00eb m\u00ebnyre n\u00eb proceset zgjedhore (dhe referendume) dhe q\u00eb mund t\u00eb ushtrojn\u00eb ndikim mbi publikun si pjes\u00eb e nj\u00eb fushate gjat\u00eb zgjedhjeve ose referendumeve. Q\u00ebllimi \u00ebsht\u00eb i shum\u00ebfisht\u00eb: &#8211; t\u00eb sigurohet integriteti\" \/>\n<meta property=\"og:url\" content=\"https:\/\/izborenkodeksonline.mk\/sq\/kodeksi\/\" \/>\n<meta property=\"og:site_name\" content=\"\u0418\u0437\u0431\u043e\u0440\u0435\u043d \u041a\u043e\u0434\u0435\u043a\u0441\" \/>\n<meta property=\"article:publisher\" content=\"https:\/\/www.facebook.com\/profile.php?id=61580047805885\" \/>\n<meta property=\"article:modified_time\" content=\"2023-10-07T16:16:19+00:00\" \/>\n<meta name=\"twitter:card\" content=\"summary_large_image\" \/>\n<meta name=\"twitter:label1\" content=\"Est. reading time\" \/>\n\t<meta name=\"twitter:data1\" content=\"2 minutes\" \/>\n<script type=\"application\/ld+json\" class=\"yoast-schema-graph\">{\"@context\":\"https:\/\/schema.org\",\"@graph\":[{\"@type\":\"WebPage\",\"@id\":\"https:\/\/izborenkodeksonline.mk\/sq\/kodeksi\/\",\"url\":\"https:\/\/izborenkodeksonline.mk\/sq\/kodeksi\/\",\"name\":\"KODI - \u0418\u0437\u0431\u043e\u0440\u0435\u043d \u041a\u043e\u0434\u0435\u043a\u0441\",\"isPartOf\":{\"@id\":\"https:\/\/izborenkodeksonline.mk\/#website\"},\"datePublished\":\"2023-09-03T16:00:05+00:00\",\"dateModified\":\"2023-10-07T16:16:19+00:00\",\"breadcrumb\":{\"@id\":\"https:\/\/izborenkodeksonline.mk\/sq\/kodeksi\/#breadcrumb\"},\"inLanguage\":\"sq-AL\",\"potentialAction\":[{\"@type\":\"ReadAction\",\"target\":[\"https:\/\/izborenkodeksonline.mk\/sq\/kodeksi\/\"]}]},{\"@type\":\"BreadcrumbList\",\"@id\":\"https:\/\/izborenkodeksonline.mk\/sq\/kodeksi\/#breadcrumb\",\"itemListElement\":[{\"@type\":\"ListItem\",\"position\":1,\"name\":\"Home\",\"item\":\"https:\/\/izborenkodeksonline.mk\/sq\/homepage\/\"},{\"@type\":\"ListItem\",\"position\":2,\"name\":\"KODI\"}]},{\"@type\":\"WebSite\",\"@id\":\"https:\/\/izborenkodeksonline.mk\/#website\",\"url\":\"https:\/\/izborenkodeksonline.mk\/\",\"name\":\"\u0418\u0437\u0431\u043e\u0440\u0435\u043d \u041a\u043e\u0434\u0435\u043a\u0441\",\"description\":\"\u041e\u043d\u043b\u0438\u043d\u0435\",\"publisher\":{\"@id\":\"https:\/\/izborenkodeksonline.mk\/#organization\"},\"potentialAction\":[{\"@type\":\"SearchAction\",\"target\":{\"@type\":\"EntryPoint\",\"urlTemplate\":\"https:\/\/izborenkodeksonline.mk\/?s={search_term_string}\"},\"query-input\":{\"@type\":\"PropertyValueSpecification\",\"valueRequired\":true,\"valueName\":\"search_term_string\"}}],\"inLanguage\":\"sq-AL\"},{\"@type\":\"Organization\",\"@id\":\"https:\/\/izborenkodeksonline.mk\/#organization\",\"name\":\"\u0418\u0437\u0431\u043e\u0440\u0435\u043d \u041a\u043e\u0434\u0435\u043a\u0441\",\"url\":\"https:\/\/izborenkodeksonline.mk\/\",\"logo\":{\"@type\":\"ImageObject\",\"inLanguage\":\"sq-AL\",\"@id\":\"https:\/\/izborenkodeksonline.mk\/#\/schema\/logo\/image\/\",\"url\":\"https:\/\/izborenkodeksonline.mk\/wp-content\/uploads\/2023\/10\/cropped-ik_logo_mk2.png\",\"contentUrl\":\"https:\/\/izborenkodeksonline.mk\/wp-content\/uploads\/2023\/10\/cropped-ik_logo_mk2.png\",\"width\":512,\"height\":512,\"caption\":\"\u0418\u0437\u0431\u043e\u0440\u0435\u043d \u041a\u043e\u0434\u0435\u043a\u0441\"},\"image\":{\"@id\":\"https:\/\/izborenkodeksonline.mk\/#\/schema\/logo\/image\/\"},\"sameAs\":[\"https:\/\/www.facebook.com\/profile.php?id=61580047805885\",\"https:\/\/www.instagram.com\/izborenkodeksonline.mk\/\"]}]}<\/script>\n<!-- \/ Yoast SEO plugin. -->","yoast_head_json":{"title":"KODI - \u0418\u0437\u0431\u043e\u0440\u0435\u043d \u041a\u043e\u0434\u0435\u043a\u0441","robots":{"index":"index","follow":"follow","max-snippet":"max-snippet:-1","max-image-preview":"max-image-preview:large","max-video-preview":"max-video-preview:-1"},"canonical":"https:\/\/izborenkodeksonline.mk\/sq\/kodeksi\/","og_locale":"sq_AL","og_type":"article","og_title":"KODI - \u0418\u0437\u0431\u043e\u0440\u0435\u043d \u041a\u043e\u0434\u0435\u043a\u0441","og_description":"PSE KODI? Kodi \u00ebsht\u00eb hartuar p\u00ebr t\u00eb sh\u00ebrbyer si nj\u00eb udh\u00ebzues p\u00ebr sjelljen e t\u00eb gjith\u00eb atyre q\u00eb jan\u00eb t\u00eb p\u00ebrfshir\u00eb n\u00eb nj\u00eb far\u00eb m\u00ebnyre n\u00eb proceset zgjedhore (dhe referendume) dhe q\u00eb mund t\u00eb ushtrojn\u00eb ndikim mbi publikun si pjes\u00eb e nj\u00eb fushate gjat\u00eb zgjedhjeve ose referendumeve. Q\u00ebllimi \u00ebsht\u00eb i shum\u00ebfisht\u00eb: &#8211; t\u00eb sigurohet integriteti","og_url":"https:\/\/izborenkodeksonline.mk\/sq\/kodeksi\/","og_site_name":"\u0418\u0437\u0431\u043e\u0440\u0435\u043d \u041a\u043e\u0434\u0435\u043a\u0441","article_publisher":"https:\/\/www.facebook.com\/profile.php?id=61580047805885","article_modified_time":"2023-10-07T16:16:19+00:00","twitter_card":"summary_large_image","twitter_misc":{"Est. reading time":"2 minutes"},"schema":{"@context":"https:\/\/schema.org","@graph":[{"@type":"WebPage","@id":"https:\/\/izborenkodeksonline.mk\/sq\/kodeksi\/","url":"https:\/\/izborenkodeksonline.mk\/sq\/kodeksi\/","name":"KODI - \u0418\u0437\u0431\u043e\u0440\u0435\u043d \u041a\u043e\u0434\u0435\u043a\u0441","isPartOf":{"@id":"https:\/\/izborenkodeksonline.mk\/#website"},"datePublished":"2023-09-03T16:00:05+00:00","dateModified":"2023-10-07T16:16:19+00:00","breadcrumb":{"@id":"https:\/\/izborenkodeksonline.mk\/sq\/kodeksi\/#breadcrumb"},"inLanguage":"sq-AL","potentialAction":[{"@type":"ReadAction","target":["https:\/\/izborenkodeksonline.mk\/sq\/kodeksi\/"]}]},{"@type":"BreadcrumbList","@id":"https:\/\/izborenkodeksonline.mk\/sq\/kodeksi\/#breadcrumb","itemListElement":[{"@type":"ListItem","position":1,"name":"Home","item":"https:\/\/izborenkodeksonline.mk\/sq\/homepage\/"},{"@type":"ListItem","position":2,"name":"KODI"}]},{"@type":"WebSite","@id":"https:\/\/izborenkodeksonline.mk\/#website","url":"https:\/\/izborenkodeksonline.mk\/","name":"\u0418\u0437\u0431\u043e\u0440\u0435\u043d \u041a\u043e\u0434\u0435\u043a\u0441","description":"\u041e\u043d\u043b\u0438\u043d\u0435","publisher":{"@id":"https:\/\/izborenkodeksonline.mk\/#organization"},"potentialAction":[{"@type":"SearchAction","target":{"@type":"EntryPoint","urlTemplate":"https:\/\/izborenkodeksonline.mk\/?s={search_term_string}"},"query-input":{"@type":"PropertyValueSpecification","valueRequired":true,"valueName":"search_term_string"}}],"inLanguage":"sq-AL"},{"@type":"Organization","@id":"https:\/\/izborenkodeksonline.mk\/#organization","name":"\u0418\u0437\u0431\u043e\u0440\u0435\u043d \u041a\u043e\u0434\u0435\u043a\u0441","url":"https:\/\/izborenkodeksonline.mk\/","logo":{"@type":"ImageObject","inLanguage":"sq-AL","@id":"https:\/\/izborenkodeksonline.mk\/#\/schema\/logo\/image\/","url":"https:\/\/izborenkodeksonline.mk\/wp-content\/uploads\/2023\/10\/cropped-ik_logo_mk2.png","contentUrl":"https:\/\/izborenkodeksonline.mk\/wp-content\/uploads\/2023\/10\/cropped-ik_logo_mk2.png","width":512,"height":512,"caption":"\u0418\u0437\u0431\u043e\u0440\u0435\u043d \u041a\u043e\u0434\u0435\u043a\u0441"},"image":{"@id":"https:\/\/izborenkodeksonline.mk\/#\/schema\/logo\/image\/"},"sameAs":["https:\/\/www.facebook.com\/profile.php?id=61580047805885","https:\/\/www.instagram.com\/izborenkodeksonline.mk\/"]}]}},"_links":{"self":[{"href":"https:\/\/izborenkodeksonline.mk\/sq\/wp-json\/wp\/v2\/pages\/6262","targetHints":{"allow":["GET"]}}],"collection":[{"href":"https:\/\/izborenkodeksonline.mk\/sq\/wp-json\/wp\/v2\/pages"}],"about":[{"href":"https:\/\/izborenkodeksonline.mk\/sq\/wp-json\/wp\/v2\/types\/page"}],"author":[{"embeddable":true,"href":"https:\/\/izborenkodeksonline.mk\/sq\/wp-json\/wp\/v2\/users\/1"}],"replies":[{"embeddable":true,"href":"https:\/\/izborenkodeksonline.mk\/sq\/wp-json\/wp\/v2\/comments?post=6262"}],"version-history":[{"count":72,"href":"https:\/\/izborenkodeksonline.mk\/sq\/wp-json\/wp\/v2\/pages\/6262\/revisions"}],"predecessor-version":[{"id":7530,"href":"https:\/\/izborenkodeksonline.mk\/sq\/wp-json\/wp\/v2\/pages\/6262\/revisions\/7530"}],"wp:attachment":[{"href":"https:\/\/izborenkodeksonline.mk\/sq\/wp-json\/wp\/v2\/media?parent=6262"}],"curies":[{"name":"wp","href":"https:\/\/api.w.org\/{rel}","templated":true}]}}